{"id":11,"date":"2022-03-30T13:48:54","date_gmt":"2022-03-30T11:48:54","guid":{"rendered":"https:\/\/www.mb.rub.de\/studium-mb\/?page_id=11"},"modified":"2022-03-30T14:14:00","modified_gmt":"2022-03-30T12:14:00","slug":"perspektiven","status":"publish","type":"page","link":"https:\/\/www.mb.rub.de\/studium-mb\/perspektiven\/","title":{"rendered":"Perspektiven"},"content":{"rendered":"<div class=\"field-std-bild-artikel\"><img loading=\"lazy\" decoding=\"async\" class=\"alignnone size-medium wp-image-101\" src=\"https:\/\/www.mb.rub.de\/studium-mb\/wp-content\/uploads\/2021\/12\/Campus_3.png\" alt=\"\" width=\"300\" height=\"169\"><\/div>\r\n<div class=\"field-bildzeile-custom-\">\r\n<div class=\"bildzeile-wrapper\">\r\n<div class=\"bildzeile-text\"><span class=\"bildzeile-text-inner\">\r\nBildzeile<\/span><\/div>\r\n<span class=\"bildzeile-copyright\">\u00a9&nbsp;Fakult\u00e4t f\u00fcr Maschinenbau\/Ng<\/span>\r\n\r\n<\/div>\r\n<\/div>\r\n<div class=\"content-inner-inner-wrapper\">\r\n<div class=\"field-std-dachzeile\">\r\n<div class=\"field-items\">\r\n<div class=\"field-item even\">Nach dem Studium<\/div>\r\n<\/div>\r\n<\/div>\r\n<h2 class=\"field-std-headline\">Perspektiven<\/h2>\r\n<div class=\"field-std-teaser\">Ingenieur*innen sind gefragte Hightech-Spezialisten. In Konstruktion, Forschung und Entwicklung oder in Vertrieb, Produktion und Dienstleistungen: \u00dcberall haben Ingenieur*innen hervorragende Perspektiven. \r\n<\/div>\r\n<div class=\"field-std-text\">\r\n<h4>Berufsfelder<\/h4>\r\n<p>Es gibt kaum einen Bereich des t\u00e4glichen Lebens, der nicht in irgendeiner Weise mit Maschinenbau zu tun h\u00e4tte. Ob in der Verkehrstechnik (Auto, Bahn, Flugzeug, Schiff), in der Haustechnik (Haushaltsger\u00e4te, Heizung), in der Medizintechnik (medizinische Ger\u00e4te, Prothesen, Sch\u00e4delimplantate), in Sport und Hobby (Sportger\u00e4te, Fotoapparate) oder in wissenschaftlichen Gro\u00dfprojekten (Luft- und Raumfahrt) und in der Energietechnik (Kraftwerke, Offshoretechnik). <br> \r\n<br>\r\nOb Sie sich nach dem Bachelor oder dem Master daf\u00fcr entscheiden, ins Berufsleben zu starten: Die Berufsfelder unserer wissenschaftlich ausgebildeten Absolvent*innen im Maschinenbau sind sehr vielf\u00e4ltig. Sie k\u00f6nnen in allen technischen Bereichen der Industrie sowohl in der Forschung und Entwicklung als auch in der Produktion, Instandhaltung, Qualit\u00e4tssicherung, im Vertrieb, in F\u00fchrung und Management, Beratung, Service und als Berater*in, Gutachter*in, Versuchs- und Pr\u00fcfingenieur*innen eingesetzt werden. <\/p>\r\n<br>\r\n<br>\r\n<h4>Hervorragende Perspektiven<\/h4>\r\n<p>W\u00e4hrend der Bachelor-Studiengang vor allem f\u00fcr T\u00e4tigkeiten in der technischen Sachbearbeitung in Konstruktion, Fertigung und Auslegung qualifiziert, bereitet der Master-Studiengang verst\u00e4rkt auf T\u00e4tigkeiten in der Entwicklung und Forschung sowie f\u00fcr die \u00dcbernahme von F\u00fchrungspositionen vor. Die Nachfrage nach gut ausgebildeten Maschinenbauingenieur*innen ist hoch. Das zeigen Erhebungen, beispielsweise <a href=\"https:\/\/www.vdma.org\/viewer\/-\/v2article\/render\/48045888\" rel=\"noopener\" target=\"_blank\">des Verbandes Deutscher Maschinen- und Anlagenbau (VDMA)<\/a> oder <a href=\"https:\/\/statistik.arbeitsagentur.de\/DE\/Navigation\/Statistiken\/Interaktive-Statistiken\/Berufe-auf-einen-Blick\/Berufe-auf-einen-Blick-Anwendung-Nav.html\">des Arbeitsamtes. <\/a>\r\n<br><br>\r\n<\/p>\r\n<h4>Verdienstm\u00f6glichkeiten<\/h4>\r\n<p>Nicht nur die Jobaussichten im Ingenieurwesen sind gut; auch die Verdienstaussichten sind f\u00fcr studierte Ingenieur*innen vielversprechend. Dennoch gibt es beim Lohn teils deutliche Unterschiede &#8211; regionale, erfahrungsbedingte und branchenspezifische.<br><br>\r\nUnd: Vor allem zu Beginn einer Karriere ist der Verdienst noch ma\u00dfgeblich vom absolvierten Studienabschluss abh\u00e4ngig.<br><br> \r\nDer VDI-Verlag <a href=\"https:\/\/www.ingenieur.de\/karriere\/gehalt\/einstiegsgehaelter-fuer-ingenieure\/\" rel=\"noopener\" target=\"_blank\">publiziert regelm\u00e4\u00dfig Gehaltstudien<\/a>, die auf Basis von Leser*innenbefragungen die Aussichten f\u00fcr verschiedene Branchen, Bundesl\u00e4nder und Karrierestufen darstellen. \r\n<\/p><\/div><\/div>\r\n\r\n\r\n","protected":false},"excerpt":{"rendered":"Bildzeile \u00a9&nbsp;Fakult\u00e4t f\u00fcr Maschinenbau\/Ng Nach dem Studium Perspektiven Ingenieur*innen sind gefragte Hightech-Spezialisten. In Konstruktion, Forschung und Entwicklung oder in Vertrieb, Produktion und Dienstleistungen: \u00dcberall haben Ingenieur*innen hervorragende Perspektiven. Berufsfelder Es gibt kaum einen Bereich des t\u00e4glichen Lebens, der nicht in irgendeiner Weise mit Maschinenbau zu tun h\u00e4tte. Ob in der Verkehrstechnik (Auto, Bahn, Flugzeug, Schiff), [&hellip;]","protected":false},"author":6,"featured_media":0,"parent":0,"menu_order":0,"comment_status":"closed","ping_status":"closed","template":"","meta":{"footnotes":""},"class_list":["post-11","page","type-page","status-publish","hentry"],"yoast_head":"<!-- This site is optimized with the Yoast SEO plugin v27.5 - https:\/\/yoast.com\/product\/yoast-seo-wordpress\/ -->\n<title>Perspektiven - Maschinenbau - RUB<\/title>\n<meta name=\"description\" content=\"Ingenieur*innen sind gefragte Hightech-Spezialisten und k\u00f6nnen fast \u00fcberall hervorragende Perspektiven erwarten.\" \/>\n<meta name=\"robots\" content=\"index, follow, max-snippet:-1, max-image-preview:large, max-video-preview:-1\" \/>\n<link rel=\"canonical\" href=\"https:\/\/www.mb.rub.de\/studium-mb\/perspektiven\/\" \/>\n<meta property=\"og:locale\" content=\"de_DE\" \/>\n<meta property=\"og:type\" content=\"article\" \/>\n<meta property=\"og:title\" content=\"Perspektiven - Maschinenbau - RUB\" \/>\n<meta property=\"og:description\" content=\"Ingenieur*innen sind gefragte Hightech-Spezialisten und k\u00f6nnen fast \u00fcberall hervorragende Perspektiven erwarten.\" \/>\n<meta property=\"og:url\" content=\"https:\/\/www.mb.rub.de\/studium-mb\/perspektiven\/\" \/>\n<meta property=\"og:site_name\" content=\"Studiengang Maschinenbau - Ruhr-Universit\u00e4t Bochum\" \/>\n<meta property=\"article:modified_time\" content=\"2022-03-30T12:14:00+00:00\" \/>\n<meta property=\"og:image\" content=\"https:\/\/www.mb.rub.de\/studium-mb\/wp-content\/uploads\/2021\/12\/Campus_3.png\" \/>\n<meta name=\"twitter:card\" content=\"summary_large_image\" \/>\n<meta name=\"twitter:label1\" content=\"Gesch\u00e4tzte Lesezeit\" \/>\n\t<meta name=\"twitter:data1\" content=\"2\u00a0Minuten\" \/>\n<script type=\"application\/ld+json\" class=\"yoast-schema-graph\">{\"@context\":\"https:\\\/\\\/schema.org\",\"@graph\":[{\"@type\":\"WebPage\",\"@id\":\"https:\\\/\\\/www.mb.rub.de\\\/studium-mb\\\/perspektiven\\\/\",\"url\":\"https:\\\/\\\/www.mb.rub.de\\\/studium-mb\\\/perspektiven\\\/\",\"name\":\"Perspektiven - Maschinenbau - RUB\",\"isPartOf\":{\"@id\":\"https:\\\/\\\/www.mb.rub.de\\\/studium-mb\\\/#website\"},\"primaryImageOfPage\":{\"@id\":\"https:\\\/\\\/www.mb.rub.de\\\/studium-mb\\\/perspektiven\\\/#primaryimage\"},\"image\":{\"@id\":\"https:\\\/\\\/www.mb.rub.de\\\/studium-mb\\\/perspektiven\\\/#primaryimage\"},\"thumbnailUrl\":\"https:\\\/\\\/www.mb.rub.de\\\/studium-mb\\\/wp-content\\\/uploads\\\/2021\\\/12\\\/Campus_3.png\",\"datePublished\":\"2022-03-30T11:48:54+00:00\",\"dateModified\":\"2022-03-30T12:14:00+00:00\",\"description\":\"Ingenieur*innen sind gefragte Hightech-Spezialisten und k\u00f6nnen fast \u00fcberall hervorragende Perspektiven erwarten.\",\"breadcrumb\":{\"@id\":\"https:\\\/\\\/www.mb.rub.de\\\/studium-mb\\\/perspektiven\\\/#breadcrumb\"},\"inLanguage\":\"de\",\"potentialAction\":[{\"@type\":\"ReadAction\",\"target\":[\"https:\\\/\\\/www.mb.rub.de\\\/studium-mb\\\/perspektiven\\\/\"]}]},{\"@type\":\"ImageObject\",\"inLanguage\":\"de\",\"@id\":\"https:\\\/\\\/www.mb.rub.de\\\/studium-mb\\\/perspektiven\\\/#primaryimage\",\"url\":\"https:\\\/\\\/www.mb.rub.de\\\/studium-mb\\\/wp-content\\\/uploads\\\/2021\\\/12\\\/Campus_3.png\",\"contentUrl\":\"https:\\\/\\\/www.mb.rub.de\\\/studium-mb\\\/wp-content\\\/uploads\\\/2021\\\/12\\\/Campus_3.png\",\"width\":804,\"height\":536},{\"@type\":\"BreadcrumbList\",\"@id\":\"https:\\\/\\\/www.mb.rub.de\\\/studium-mb\\\/perspektiven\\\/#breadcrumb\",\"itemListElement\":[{\"@type\":\"ListItem\",\"position\":1,\"name\":\"Startseite\",\"item\":\"https:\\\/\\\/www.mb.rub.de\\\/studium-mb\\\/\"},{\"@type\":\"ListItem\",\"position\":2,\"name\":\"Perspektiven\"}]},{\"@type\":\"WebSite\",\"@id\":\"https:\\\/\\\/www.mb.rub.de\\\/studium-mb\\\/#website\",\"url\":\"https:\\\/\\\/www.mb.rub.de\\\/studium-mb\\\/\",\"name\":\"Studiengang Maschinenbau - Ruhr-Universit\u00e4t Bochum\",\"description\":\"\",\"publisher\":{\"@id\":\"https:\\\/\\\/www.mb.rub.de\\\/studium-mb\\\/#organization\"},\"potentialAction\":[{\"@type\":\"SearchAction\",\"target\":{\"@type\":\"EntryPoint\",\"urlTemplate\":\"https:\\\/\\\/www.mb.rub.de\\\/studium-mb\\\/?s={search_term_string}\"},\"query-input\":{\"@type\":\"PropertyValueSpecification\",\"valueRequired\":true,\"valueName\":\"search_term_string\"}}],\"inLanguage\":\"de\"},{\"@type\":\"Organization\",\"@id\":\"https:\\\/\\\/www.mb.rub.de\\\/studium-mb\\\/#organization\",\"name\":\"Studiengang Maschinenbau - Ruhr-Universit\u00e4t Bochum\",\"url\":\"https:\\\/\\\/www.mb.rub.de\\\/studium-mb\\\/\",\"logo\":{\"@type\":\"ImageObject\",\"inLanguage\":\"de\",\"@id\":\"https:\\\/\\\/www.mb.rub.de\\\/studium-mb\\\/#\\\/schema\\\/logo\\\/image\\\/\",\"url\":\"https:\\\/\\\/www.mb.rub.de\\\/studium-mb\\\/wp-content\\\/uploads\\\/2022\\\/03\\\/MB-Logo-neu_Maschinenbau.svg\",\"contentUrl\":\"https:\\\/\\\/www.mb.rub.de\\\/studium-mb\\\/wp-content\\\/uploads\\\/2022\\\/03\\\/MB-Logo-neu_Maschinenbau.svg\",\"caption\":\"Studiengang Maschinenbau - Ruhr-Universit\u00e4t Bochum\"},\"image\":{\"@id\":\"https:\\\/\\\/www.mb.rub.de\\\/studium-mb\\\/#\\\/schema\\\/logo\\\/image\\\/\"}}]}<\/script>\n<!-- \/ Yoast SEO plugin. -->","yoast_head_json":{"title":"Perspektiven - Maschinenbau - RUB","description":"Ingenieur*innen sind gefragte Hightech-Spezialisten und k\u00f6nnen fast \u00fcberall hervorragende Perspektiven erwarten.","robots":{"index":"index","follow":"follow","max-snippet":"max-snippet:-1","max-image-preview":"max-image-preview:large","max-video-preview":"max-video-preview:-1"},"canonical":"https:\/\/www.mb.rub.de\/studium-mb\/perspektiven\/","og_locale":"de_DE","og_type":"article","og_title":"Perspektiven - Maschinenbau - RUB","og_description":"Ingenieur*innen sind gefragte Hightech-Spezialisten und k\u00f6nnen fast \u00fcberall hervorragende Perspektiven erwarten.","og_url":"https:\/\/www.mb.rub.de\/studium-mb\/perspektiven\/","og_site_name":"Studiengang Maschinenbau - Ruhr-Universit\u00e4t Bochum","article_modified_time":"2022-03-30T12:14:00+00:00","og_image":[{"url":"https:\/\/www.mb.rub.de\/studium-mb\/wp-content\/uploads\/2021\/12\/Campus_3.png","type":"","width":"","height":""}],"twitter_card":"summary_large_image","twitter_misc":{"Gesch\u00e4tzte Lesezeit":"2\u00a0Minuten"},"schema":{"@context":"https:\/\/schema.org","@graph":[{"@type":"WebPage","@id":"https:\/\/www.mb.rub.de\/studium-mb\/perspektiven\/","url":"https:\/\/www.mb.rub.de\/studium-mb\/perspektiven\/","name":"Perspektiven - Maschinenbau - RUB","isPartOf":{"@id":"https:\/\/www.mb.rub.de\/studium-mb\/#website"},"primaryImageOfPage":{"@id":"https:\/\/www.mb.rub.de\/studium-mb\/perspektiven\/#primaryimage"},"image":{"@id":"https:\/\/www.mb.rub.de\/studium-mb\/perspektiven\/#primaryimage"},"thumbnailUrl":"https:\/\/www.mb.rub.de\/studium-mb\/wp-content\/uploads\/2021\/12\/Campus_3.png","datePublished":"2022-03-30T11:48:54+00:00","dateModified":"2022-03-30T12:14:00+00:00","description":"Ingenieur*innen sind gefragte Hightech-Spezialisten und k\u00f6nnen fast \u00fcberall hervorragende Perspektiven erwarten.","breadcrumb":{"@id":"https:\/\/www.mb.rub.de\/studium-mb\/perspektiven\/#breadcrumb"},"inLanguage":"de","potentialAction":[{"@type":"ReadAction","target":["https:\/\/www.mb.rub.de\/studium-mb\/perspektiven\/"]}]},{"@type":"ImageObject","inLanguage":"de","@id":"https:\/\/www.mb.rub.de\/studium-mb\/perspektiven\/#primaryimage","url":"https:\/\/www.mb.rub.de\/studium-mb\/wp-content\/uploads\/2021\/12\/Campus_3.png","contentUrl":"https:\/\/www.mb.rub.de\/studium-mb\/wp-content\/uploads\/2021\/12\/Campus_3.png","width":804,"height":536},{"@type":"BreadcrumbList","@id":"https:\/\/www.mb.rub.de\/studium-mb\/perspektiven\/#breadcrumb","itemListElement":[{"@type":"ListItem","position":1,"name":"Startseite","item":"https:\/\/www.mb.rub.de\/studium-mb\/"},{"@type":"ListItem","position":2,"name":"Perspektiven"}]},{"@type":"WebSite","@id":"https:\/\/www.mb.rub.de\/studium-mb\/#website","url":"https:\/\/www.mb.rub.de\/studium-mb\/","name":"Studiengang Maschinenbau - Ruhr-Universit\u00e4t Bochum","description":"","publisher":{"@id":"https:\/\/www.mb.rub.de\/studium-mb\/#organization"},"potentialAction":[{"@type":"SearchAction","target":{"@type":"EntryPoint","urlTemplate":"https:\/\/www.mb.rub.de\/studium-mb\/?s={search_term_string}"},"query-input":{"@type":"PropertyValueSpecification","valueRequired":true,"valueName":"search_term_string"}}],"inLanguage":"de"},{"@type":"Organization","@id":"https:\/\/www.mb.rub.de\/studium-mb\/#organization","name":"Studiengang Maschinenbau - Ruhr-Universit\u00e4t Bochum","url":"https:\/\/www.mb.rub.de\/studium-mb\/","logo":{"@type":"ImageObject","inLanguage":"de","@id":"https:\/\/www.mb.rub.de\/studium-mb\/#\/schema\/logo\/image\/","url":"https:\/\/www.mb.rub.de\/studium-mb\/wp-content\/uploads\/2022\/03\/MB-Logo-neu_Maschinenbau.svg","contentUrl":"https:\/\/www.mb.rub.de\/studium-mb\/wp-content\/uploads\/2022\/03\/MB-Logo-neu_Maschinenbau.svg","caption":"Studiengang Maschinenbau - Ruhr-Universit\u00e4t Bochum"},"image":{"@id":"https:\/\/www.mb.rub.de\/studium-mb\/#\/schema\/logo\/image\/"}}]}},"_links":{"self":[{"href":"https:\/\/www.mb.rub.de\/studium-mb\/wp-json\/wp\/v2\/pages\/11","targetHints":{"allow":["GET"]}}],"collection":[{"href":"https:\/\/www.mb.rub.de\/studium-mb\/wp-json\/wp\/v2\/pages"}],"about":[{"href":"https:\/\/www.mb.rub.de\/studium-mb\/wp-json\/wp\/v2\/types\/page"}],"author":[{"embeddable":true,"href":"https:\/\/www.mb.rub.de\/studium-mb\/wp-json\/wp\/v2\/users\/6"}],"replies":[{"embeddable":true,"href":"https:\/\/www.mb.rub.de\/studium-mb\/wp-json\/wp\/v2\/comments?post=11"}],"version-history":[{"count":16,"href":"https:\/\/www.mb.rub.de\/studium-mb\/wp-json\/wp\/v2\/pages\/11\/revisions"}],"predecessor-version":[{"id":665,"href":"https:\/\/www.mb.rub.de\/studium-mb\/wp-json\/wp\/v2\/pages\/11\/revisions\/665"}],"wp:attachment":[{"href":"https:\/\/www.mb.rub.de\/studium-mb\/wp-json\/wp\/v2\/media?parent=11"}],"curies":[{"name":"wp","href":"https:\/\/api.w.org\/{rel}","templated":true}]}}