{"id":191,"date":"2022-03-30T12:00:31","date_gmt":"2022-03-30T10:00:31","guid":{"rendered":"https:\/\/www.mb.rub.de\/studium-mb\/?page_id=191"},"modified":"2022-12-12T10:58:53","modified_gmt":"2022-12-12T09:58:53","slug":"praktikumsplatz-finden","status":"publish","type":"page","link":"https:\/\/www.mb.rub.de\/studium-mb\/bachelor\/praktikum\/praktikumsplatz-finden\/","title":{"rendered":"Einen Praktikumsplatz finden"},"content":{"rendered":"<div class=\"field-std-bild-artikel\"><img loading=\"lazy\" decoding=\"async\" class=\"alignnone size-medium wp-image-101\" src=\"https:\/\/www.mb.rub.de\/wp-content\/uploads\/2021\/11\/Studium5.png\" alt=\"\" width=\"300\" height=\"169\"><\/div>\r\n<div class=\"field-bildzeile-custom-\">\r\n<div class=\"bildzeile-wrapper\">\r\n<div class=\"bildzeile-text\"><span class=\"bildzeile-text-inner\">\r\nBildzeile<\/span><\/div>\r\n<span class=\"bildzeile-copyright\">\u00a9&nbsp;Fakult\u00e4t f\u00fcr Maschinenbau\/Ng<\/span>\r\n\r\n<\/div>\r\n<\/div>\r\n<div class=\"content-inner-inner-wrapper\">\r\n<div class=\"field-std-dachzeile\">\r\n<div class=\"field-items\">\r\n<div class=\"field-item even\">Vor dem Praktikum<\/div>\r\n<\/div>\r\n<\/div>\r\n<h2 class=\"field-std-headline\">Einen Praktikumsplatz finden<\/h2>\r\n<div class=\"field-std-teaser\">Wie finde ich einen Praktikumsplatz? Wir geben Ihnen Tipps, wie Sie die Suche am besten angehen.\r\n<\/div>\r\n<div class=\"field-std-text\">\r\n<p>Bewerben Sie sich fr\u00fchzeitig um ein Praktikum, das hei\u00dft etwa drei Monate im Voraus und am besten bei mehreren, geeigneten Firmen gleichzeitig. So erh\u00f6hen Sie die Chance, bei einem Ihrer Wunschunternehmen zu landen. Beachten Sie, dass Sie beim Anschreiben in Stichworten die gesuchten fachlichen Inhalte einf\u00fcgen und\/oder f\u00fcgen Sie die passenden Ausz\u00fcge der Praktikums-Richtlinie bei\r\n<\/p><br> \r\n<h4>Pers\u00f6nliche Kontakte nutzen!<\/h4>\r\n<p>Der Erstkontakt mit Unternehmen funktioniert am besten, wenn bereits eine pers\u00f6nliche Verbindung besteht. Denken Sie daher an Ihre pers\u00f6nlichen Kontakte:<\/p>\r\n<ul>\r\n\t<li>Kennen Sie jemanden, der in einem Unternehmen arbeitet, das sich f\u00fcr ein Praktikum eignet?<\/li>\r\n\r\n\t<li>W\u00fcrde diese Person Ihnen weiterhelfen, z.B. Sie an den Ansprechpartner der Fachabteilung verweisen, in der Sie Ihr Praktikum absolvieren wollen?<\/li><\/ul>\r\n\r\n<p>Eine lohnende Strategie ist die Weitergabe von Praktikumsadressen von Studierendem zu Studierendem und ggf. auch \u00fcber die Fachschaften. Suchen sie in jedem Fall den pers\u00f6nlichen Kontakt mit ihrem Wunschunternehmen!\r\n<br> <br> \r\n<strong>Fazit: Ziehen Sie eine pers\u00f6nliche Kontaktaufnahme der Initiativ-Bewerbung vor. Die beste Bewerbung ist die, die nicht geschrieben werden muss!<\/strong>\r\n\r\n<div class=\"field-std-text\">\r\n<div class=\"flex infobox-wrapper \">\r\n<div class=\"infobox-header\">Wichtig<\/div>\r\n<div class=\"infobox-text\">\r\n<p>Warten Sie nicht auf ein Angebot freier Stellen. Firmen schreiben Praktikumsstellen h\u00e4ufig nicht aus. Nehmen Sie fr\u00fchzeitig Kontakt mit Unternehmen auf, z.B. auf Firmenkontaktmessen.<\/p>\r\n<\/div>\r\n\r\n<\/div>\r\n<\/div><\/div><\/div>","protected":false},"excerpt":{"rendered":"Bildzeile \u00a9&nbsp;Fakult\u00e4t f\u00fcr Maschinenbau\/Ng Vor dem Praktikum Einen Praktikumsplatz finden Wie finde ich einen Praktikumsplatz? Wir geben Ihnen Tipps, wie Sie die Suche am besten angehen. Bewerben Sie sich fr\u00fchzeitig um ein Praktikum, das hei\u00dft etwa drei Monate im Voraus und am besten bei mehreren, geeigneten Firmen gleichzeitig. So erh\u00f6hen Sie die Chance, bei einem [&hellip;]","protected":false},"author":6,"featured_media":0,"parent":88,"menu_order":0,"comment_status":"closed","ping_status":"closed","template":"","meta":{"footnotes":""},"class_list":["post-191","page","type-page","status-publish","hentry"],"yoast_head":"<!-- This site is optimized with the Yoast SEO plugin v27.5 - https:\/\/yoast.com\/product\/yoast-seo-wordpress\/ -->\n<title>Einen Praktikumsplatz finden - Studiengang Maschinenbau - Ruhr-Universit\u00e4t Bochum<\/title>\n<meta name=\"description\" content=\"Wie finde ich einen Praktikumsplatz? Wir geben Ihnen Tipps, wie Sie die Suche am besten angehen.\" \/>\n<meta name=\"robots\" content=\"index, follow, max-snippet:-1, max-image-preview:large, max-video-preview:-1\" \/>\n<link rel=\"canonical\" href=\"https:\/\/www.mb.rub.de\/studium-mb\/bachelor\/praktikum\/praktikumsplatz-finden\/\" \/>\n<meta property=\"og:locale\" content=\"de_DE\" \/>\n<meta property=\"og:type\" content=\"article\" \/>\n<meta property=\"og:title\" content=\"Einen Praktikumsplatz finden - Studiengang Maschinenbau - Ruhr-Universit\u00e4t Bochum\" \/>\n<meta property=\"og:description\" content=\"Wie finde ich einen Praktikumsplatz? Wir geben Ihnen Tipps, wie Sie die Suche am besten angehen.\" \/>\n<meta property=\"og:url\" content=\"https:\/\/www.mb.rub.de\/studium-mb\/bachelor\/praktikum\/praktikumsplatz-finden\/\" \/>\n<meta property=\"og:site_name\" content=\"Studiengang Maschinenbau - Ruhr-Universit\u00e4t Bochum\" \/>\n<meta property=\"article:modified_time\" content=\"2022-12-12T09:58:53+00:00\" \/>\n<meta property=\"og:image\" content=\"https:\/\/www.mb.rub.de\/wp-content\/uploads\/2021\/11\/Studium5.png\" \/>\n<meta name=\"twitter:card\" content=\"summary_large_image\" \/>\n<meta name=\"twitter:label1\" content=\"Gesch\u00e4tzte Lesezeit\" \/>\n\t<meta name=\"twitter:data1\" content=\"2\u00a0Minuten\" \/>\n<script type=\"application\/ld+json\" class=\"yoast-schema-graph\">{\"@context\":\"https:\\\/\\\/schema.org\",\"@graph\":[{\"@type\":\"WebPage\",\"@id\":\"https:\\\/\\\/www.mb.rub.de\\\/studium-mb\\\/bachelor\\\/praktikum\\\/praktikumsplatz-finden\\\/\",\"url\":\"https:\\\/\\\/www.mb.rub.de\\\/studium-mb\\\/bachelor\\\/praktikum\\\/praktikumsplatz-finden\\\/\",\"name\":\"Einen Praktikumsplatz finden - Studiengang Maschinenbau - Ruhr-Universit\u00e4t Bochum\",\"isPartOf\":{\"@id\":\"https:\\\/\\\/www.mb.rub.de\\\/studium-mb\\\/#website\"},\"primaryImageOfPage\":{\"@id\":\"https:\\\/\\\/www.mb.rub.de\\\/studium-mb\\\/bachelor\\\/praktikum\\\/praktikumsplatz-finden\\\/#primaryimage\"},\"image\":{\"@id\":\"https:\\\/\\\/www.mb.rub.de\\\/studium-mb\\\/bachelor\\\/praktikum\\\/praktikumsplatz-finden\\\/#primaryimage\"},\"thumbnailUrl\":\"https:\\\/\\\/www.mb.rub.de\\\/wp-content\\\/uploads\\\/2021\\\/11\\\/Studium5.png\",\"datePublished\":\"2022-03-30T10:00:31+00:00\",\"dateModified\":\"2022-12-12T09:58:53+00:00\",\"description\":\"Wie finde ich einen Praktikumsplatz? Wir geben Ihnen Tipps, wie Sie die Suche am besten angehen.\",\"breadcrumb\":{\"@id\":\"https:\\\/\\\/www.mb.rub.de\\\/studium-mb\\\/bachelor\\\/praktikum\\\/praktikumsplatz-finden\\\/#breadcrumb\"},\"inLanguage\":\"de\",\"potentialAction\":[{\"@type\":\"ReadAction\",\"target\":[\"https:\\\/\\\/www.mb.rub.de\\\/studium-mb\\\/bachelor\\\/praktikum\\\/praktikumsplatz-finden\\\/\"]}]},{\"@type\":\"ImageObject\",\"inLanguage\":\"de\",\"@id\":\"https:\\\/\\\/www.mb.rub.de\\\/studium-mb\\\/bachelor\\\/praktikum\\\/praktikumsplatz-finden\\\/#primaryimage\",\"url\":\"https:\\\/\\\/www.mb.rub.de\\\/wp-content\\\/uploads\\\/2021\\\/11\\\/Studium5.png\",\"contentUrl\":\"https:\\\/\\\/www.mb.rub.de\\\/wp-content\\\/uploads\\\/2021\\\/11\\\/Studium5.png\"},{\"@type\":\"BreadcrumbList\",\"@id\":\"https:\\\/\\\/www.mb.rub.de\\\/studium-mb\\\/bachelor\\\/praktikum\\\/praktikumsplatz-finden\\\/#breadcrumb\",\"itemListElement\":[{\"@type\":\"ListItem\",\"position\":1,\"name\":\"Startseite\",\"item\":\"https:\\\/\\\/www.mb.rub.de\\\/studium-mb\\\/\"},{\"@type\":\"ListItem\",\"position\":2,\"name\":\"Bachelor\",\"item\":\"https:\\\/\\\/www.mb.rub.de\\\/studium-mb\\\/bachelor\\\/\"},{\"@type\":\"ListItem\",\"position\":3,\"name\":\"Praktikum\",\"item\":\"https:\\\/\\\/www.mb.rub.de\\\/studium-mb\\\/bachelor\\\/praktikum\\\/\"},{\"@type\":\"ListItem\",\"position\":4,\"name\":\"Einen Praktikumsplatz finden\"}]},{\"@type\":\"WebSite\",\"@id\":\"https:\\\/\\\/www.mb.rub.de\\\/studium-mb\\\/#website\",\"url\":\"https:\\\/\\\/www.mb.rub.de\\\/studium-mb\\\/\",\"name\":\"Studiengang Maschinenbau - Ruhr-Universit\u00e4t Bochum\",\"description\":\"\",\"publisher\":{\"@id\":\"https:\\\/\\\/www.mb.rub.de\\\/studium-mb\\\/#organization\"},\"potentialAction\":[{\"@type\":\"SearchAction\",\"target\":{\"@type\":\"EntryPoint\",\"urlTemplate\":\"https:\\\/\\\/www.mb.rub.de\\\/studium-mb\\\/?s={search_term_string}\"},\"query-input\":{\"@type\":\"PropertyValueSpecification\",\"valueRequired\":true,\"valueName\":\"search_term_string\"}}],\"inLanguage\":\"de\"},{\"@type\":\"Organization\",\"@id\":\"https:\\\/\\\/www.mb.rub.de\\\/studium-mb\\\/#organization\",\"name\":\"Studiengang Maschinenbau - Ruhr-Universit\u00e4t Bochum\",\"url\":\"https:\\\/\\\/www.mb.rub.de\\\/studium-mb\\\/\",\"logo\":{\"@type\":\"ImageObject\",\"inLanguage\":\"de\",\"@id\":\"https:\\\/\\\/www.mb.rub.de\\\/studium-mb\\\/#\\\/schema\\\/logo\\\/image\\\/\",\"url\":\"https:\\\/\\\/www.mb.rub.de\\\/studium-mb\\\/wp-content\\\/uploads\\\/2022\\\/03\\\/MB-Logo-neu_Maschinenbau.svg\",\"contentUrl\":\"https:\\\/\\\/www.mb.rub.de\\\/studium-mb\\\/wp-content\\\/uploads\\\/2022\\\/03\\\/MB-Logo-neu_Maschinenbau.svg\",\"caption\":\"Studiengang Maschinenbau - Ruhr-Universit\u00e4t Bochum\"},\"image\":{\"@id\":\"https:\\\/\\\/www.mb.rub.de\\\/studium-mb\\\/#\\\/schema\\\/logo\\\/image\\\/\"}}]}<\/script>\n<!-- \/ Yoast SEO plugin. -->","yoast_head_json":{"title":"Einen Praktikumsplatz finden - Studiengang Maschinenbau - Ruhr-Universit\u00e4t Bochum","description":"Wie finde ich einen Praktikumsplatz? Wir geben Ihnen Tipps, wie Sie die Suche am besten angehen.","robots":{"index":"index","follow":"follow","max-snippet":"max-snippet:-1","max-image-preview":"max-image-preview:large","max-video-preview":"max-video-preview:-1"},"canonical":"https:\/\/www.mb.rub.de\/studium-mb\/bachelor\/praktikum\/praktikumsplatz-finden\/","og_locale":"de_DE","og_type":"article","og_title":"Einen Praktikumsplatz finden - Studiengang Maschinenbau - Ruhr-Universit\u00e4t Bochum","og_description":"Wie finde ich einen Praktikumsplatz? Wir geben Ihnen Tipps, wie Sie die Suche am besten angehen.","og_url":"https:\/\/www.mb.rub.de\/studium-mb\/bachelor\/praktikum\/praktikumsplatz-finden\/","og_site_name":"Studiengang Maschinenbau - Ruhr-Universit\u00e4t Bochum","article_modified_time":"2022-12-12T09:58:53+00:00","og_image":[{"url":"https:\/\/www.mb.rub.de\/wp-content\/uploads\/2021\/11\/Studium5.png","type":"","width":"","height":""}],"twitter_card":"summary_large_image","twitter_misc":{"Gesch\u00e4tzte Lesezeit":"2\u00a0Minuten"},"schema":{"@context":"https:\/\/schema.org","@graph":[{"@type":"WebPage","@id":"https:\/\/www.mb.rub.de\/studium-mb\/bachelor\/praktikum\/praktikumsplatz-finden\/","url":"https:\/\/www.mb.rub.de\/studium-mb\/bachelor\/praktikum\/praktikumsplatz-finden\/","name":"Einen Praktikumsplatz finden - Studiengang Maschinenbau - Ruhr-Universit\u00e4t Bochum","isPartOf":{"@id":"https:\/\/www.mb.rub.de\/studium-mb\/#website"},"primaryImageOfPage":{"@id":"https:\/\/www.mb.rub.de\/studium-mb\/bachelor\/praktikum\/praktikumsplatz-finden\/#primaryimage"},"image":{"@id":"https:\/\/www.mb.rub.de\/studium-mb\/bachelor\/praktikum\/praktikumsplatz-finden\/#primaryimage"},"thumbnailUrl":"https:\/\/www.mb.rub.de\/wp-content\/uploads\/2021\/11\/Studium5.png","datePublished":"2022-03-30T10:00:31+00:00","dateModified":"2022-12-12T09:58:53+00:00","description":"Wie finde ich einen Praktikumsplatz? Wir geben Ihnen Tipps, wie Sie die Suche am besten angehen.","breadcrumb":{"@id":"https:\/\/www.mb.rub.de\/studium-mb\/bachelor\/praktikum\/praktikumsplatz-finden\/#breadcrumb"},"inLanguage":"de","potentialAction":[{"@type":"ReadAction","target":["https:\/\/www.mb.rub.de\/studium-mb\/bachelor\/praktikum\/praktikumsplatz-finden\/"]}]},{"@type":"ImageObject","inLanguage":"de","@id":"https:\/\/www.mb.rub.de\/studium-mb\/bachelor\/praktikum\/praktikumsplatz-finden\/#primaryimage","url":"https:\/\/www.mb.rub.de\/wp-content\/uploads\/2021\/11\/Studium5.png","contentUrl":"https:\/\/www.mb.rub.de\/wp-content\/uploads\/2021\/11\/Studium5.png"},{"@type":"BreadcrumbList","@id":"https:\/\/www.mb.rub.de\/studium-mb\/bachelor\/praktikum\/praktikumsplatz-finden\/#breadcrumb","itemListElement":[{"@type":"ListItem","position":1,"name":"Startseite","item":"https:\/\/www.mb.rub.de\/studium-mb\/"},{"@type":"ListItem","position":2,"name":"Bachelor","item":"https:\/\/www.mb.rub.de\/studium-mb\/bachelor\/"},{"@type":"ListItem","position":3,"name":"Praktikum","item":"https:\/\/www.mb.rub.de\/studium-mb\/bachelor\/praktikum\/"},{"@type":"ListItem","position":4,"name":"Einen Praktikumsplatz finden"}]},{"@type":"WebSite","@id":"https:\/\/www.mb.rub.de\/studium-mb\/#website","url":"https:\/\/www.mb.rub.de\/studium-mb\/","name":"Studiengang Maschinenbau - Ruhr-Universit\u00e4t Bochum","description":"","publisher":{"@id":"https:\/\/www.mb.rub.de\/studium-mb\/#organization"},"potentialAction":[{"@type":"SearchAction","target":{"@type":"EntryPoint","urlTemplate":"https:\/\/www.mb.rub.de\/studium-mb\/?s={search_term_string}"},"query-input":{"@type":"PropertyValueSpecification","valueRequired":true,"valueName":"search_term_string"}}],"inLanguage":"de"},{"@type":"Organization","@id":"https:\/\/www.mb.rub.de\/studium-mb\/#organization","name":"Studiengang Maschinenbau - Ruhr-Universit\u00e4t Bochum","url":"https:\/\/www.mb.rub.de\/studium-mb\/","logo":{"@type":"ImageObject","inLanguage":"de","@id":"https:\/\/www.mb.rub.de\/studium-mb\/#\/schema\/logo\/image\/","url":"https:\/\/www.mb.rub.de\/studium-mb\/wp-content\/uploads\/2022\/03\/MB-Logo-neu_Maschinenbau.svg","contentUrl":"https:\/\/www.mb.rub.de\/studium-mb\/wp-content\/uploads\/2022\/03\/MB-Logo-neu_Maschinenbau.svg","caption":"Studiengang Maschinenbau - Ruhr-Universit\u00e4t Bochum"},"image":{"@id":"https:\/\/www.mb.rub.de\/studium-mb\/#\/schema\/logo\/image\/"}}]}},"_links":{"self":[{"href":"https:\/\/www.mb.rub.de\/studium-mb\/wp-json\/wp\/v2\/pages\/191","targetHints":{"allow":["GET"]}}],"collection":[{"href":"https:\/\/www.mb.rub.de\/studium-mb\/wp-json\/wp\/v2\/pages"}],"about":[{"href":"https:\/\/www.mb.rub.de\/studium-mb\/wp-json\/wp\/v2\/types\/page"}],"author":[{"embeddable":true,"href":"https:\/\/www.mb.rub.de\/studium-mb\/wp-json\/wp\/v2\/users\/6"}],"replies":[{"embeddable":true,"href":"https:\/\/www.mb.rub.de\/studium-mb\/wp-json\/wp\/v2\/comments?post=191"}],"version-history":[{"count":14,"href":"https:\/\/www.mb.rub.de\/studium-mb\/wp-json\/wp\/v2\/pages\/191\/revisions"}],"predecessor-version":[{"id":1169,"href":"https:\/\/www.mb.rub.de\/studium-mb\/wp-json\/wp\/v2\/pages\/191\/revisions\/1169"}],"up":[{"embeddable":true,"href":"https:\/\/www.mb.rub.de\/studium-mb\/wp-json\/wp\/v2\/pages\/88"}],"wp:attachment":[{"href":"https:\/\/www.mb.rub.de\/studium-mb\/wp-json\/wp\/v2\/media?parent=191"}],"curies":[{"name":"wp","href":"https:\/\/api.w.org\/{rel}","templated":true}]}}