{"id":206,"date":"2022-03-30T09:33:27","date_gmt":"2022-03-30T07:33:27","guid":{"rendered":"https:\/\/www.mb.rub.de\/studium-mb\/?page_id=206"},"modified":"2022-12-12T10:52:37","modified_gmt":"2022-12-12T09:52:37","slug":"anerkennung","status":"publish","type":"page","link":"https:\/\/www.mb.rub.de\/studium-mb\/bachelor\/praktikum\/anerkennung\/","title":{"rendered":"Anerkennung"},"content":{"rendered":"<div class=\"content-inner-inner-wrapper\">\r\n<div class=\"field-std-dachzeile\">\r\n<div class=\"field-items\">\r\n<div class=\"field-item even\">Nach dem Praktikum<\/div>\r\n<\/div>\r\n<\/div>\r\n<h2 class=\"field-std-headline\">Anerkennung<\/h2>\r\n<div class=\"field-std-teaser\">Das Absolvieren eines Industriepraktikums ist als Pr\u00fcfungsleistung im Rahmen der Bachelor-Pr\u00fcfungsordnungen vorgesehen. Hier lesen Sie, was Sie bei der Anerkennung beachten m\u00fcssen.\r\n<\/div>\r\n<div class=\"field-std-text\">\r\n<h4>Voraussetzungen<\/h4>\r\n<ul>\r\n\t<li>Das Praktikum ist abgeschlossen<\/li>\r\n\t<li>der Bericht ist verfasst und dem Praktikumsbetrieb zur Abzeichnung vorgelegt worden<\/li>\r\n\t<li>die Praktikumsbescheinigung liegt vor (f\u00fcr die Praktikumsbescheinigung sollten Sie die entsprechende Vorlage nutzen, die <a href=\"https:\/\/www.mb.rub.de\/studium-mb\/bachelor\/praktikum\/downloads\/\" rel=\"noopener\" target=\"_blank\">im Downloadbereich<\/a> zu finden ist).<\/li>\r\n<\/ul>\r\n\r\n<!--<p>F\u00fcr die Anerkennung des Praktikums m\u00fcssen Sie mit den unten aufgez\u00e4hlten Unterlagen <strong>pers\u00f6nlich erscheinen<\/strong> oder sie autorisieren eine bevollm\u00e4chtigte Person.<br><br>\r\n\r\n<strong>Im Vorfeld nehmen Sie bitte \u00fcber das <a href=\"https:\/\/www.mb.rub.de\/studium-mb\/bachelor\/praktikum\/anerkennung\/\" rel=\"noopener\" target=\"_blank\">verlinkte Formular<\/a> Kontakt mit dem Praktikums-B\u00fcro auf und geben dort an, dass es sich bei Ihrem Anliegen um eine Anerkennung geht. <\/strong>-->\r\n<h4>Erforderliche Dokumente<\/h4>\r\n<p>Alle erforderlichen Dokumente sind <a href=\"https:\/\/www.mb.rub.de\/studium-mb\/bachelor\/praktikum\/downloads\/\" rel=\"noopener\" target=\"_blank\">im Downloadbereich<\/a> dieser Website zu erhalten. Folgende Dokumente sind f\u00fcr die Anerkennung erforderlich:<\/p>\r\n<ul>\r\n\t<li>Den Praktikumsbericht (in Papier- und in digitaler Form)<\/li>\r\n\t<li>Das ausgef\u00fcllte Deckblatt (in Papier- und in digitaler Form)<\/li>\r\n\t<li>F\u00fcr jedes Praktikum (Grund-\/Fachpraktikum, Wechsel des Betriebs, verschiedene Zeitr\u00e4ume) muss jeweils ein Deckblatt ausgef\u00fcllt werden. Gegebenenfalls m\u00fcssen Sie also mehrere Deckbl\u00e4tter ausf\u00fcllen!<\/li>\r\n\t<li>Die unterschriebene Originalbescheinigung (in Papier- und in digitaler Form)<\/li>\r\n\t<li>Die Original-Bescheinigung erhalten Sie unmittelbar nach der \u00dcberpr\u00fcfung durch das Praktikantenamt zur\u00fcck. Die Bescheinigung darf auch auf Firmenpapier bzw. in einem freien Format erstellt werden, sofern alle geforderten Angaben vorhanden sind.<\/li>\r\n<\/ul>\r\n<!--<strong><p>Bitte bringen Sie f\u00fcr die digitalen Formen USB-Datentr\u00e4ger mit, von denen dann die Dateien kopiert werden. Bitte verzichten Sie auf CDs!<\/p><\/strong>-->\r\n<h4>Ablauf der Anerkennung<\/h4>\r\n<p><strong>Die Praktikumsanerkennung erfolgt bis auf Weiteres nicht in Pr\u00e4senz.<\/strong><br><br>\r\nNutzen Sie zur Abgabe Ihrer anzuerkennenden Unterlagen (als Dateien) das <a href=\"https:\/\/www.mb.rub.de\/studium-mb\/bachelor\/praktikum\/kontaktformular\/\" rel=\"noopener\" target=\"_blank\">Kontaktformular<\/a>, das Sie auch im Bereich <a href=\"https:\/\/www.mb.rub.de\/studium-mb\/bachelor\/praktikum\/kontakt\/\" rel=\"noopener\" target=\"_blank\">&#8222;Sprechstunde und Kontakt&#8220;<\/a> finden.<br><br>\r\nBeachten Sie <a href=\"https:\/\/www.mb.rub.de\/studium-mb\/wp-content\/uploads\/2021\/10\/Checkliste-Praktikumsberatung.pdf\" rel=\"noopener\" target=\"_blank\">die Checkliste<\/a>, die Sie auch im <a href=\"https:\/\/www.mb.rub.de\/studium-mb\/bachelor\/praktikum\/downloads\/\" rel=\"noopener\" target=\"_blank\">&#8222;Downloads&#8220;-Bereich<\/a> finden. <br><br>\r\nSenden Sie die Dokumente in digitaler Form als Anhang \u00fcber das <br><a href=\"https:\/\/www.mb.rub.de\/studium-mb\/bachelor\/praktikum\/kontaktformular\/\" rel=\"noopener\" target=\"_blank\">Kontaktformular<\/a>.<br>\r\n<\/p>\r\n<h4>Best\u00e4tigung<\/h4>\r\n<p>Wurde Ihr gesamtes Praktikum erfolgreich anerkannt, k\u00f6nnen Sie dies zeitnah in FlexNow einsehen.<\/p>\r\n<br> \r\n<\/div>\r\n<\/div>","protected":false},"excerpt":{"rendered":"Nach dem Praktikum Anerkennung Das Absolvieren eines Industriepraktikums ist als Pr\u00fcfungsleistung im Rahmen der Bachelor-Pr\u00fcfungsordnungen vorgesehen. Hier lesen Sie, was Sie bei der Anerkennung beachten m\u00fcssen. Voraussetzungen Das Praktikum ist abgeschlossen der Bericht ist verfasst und dem Praktikumsbetrieb zur Abzeichnung vorgelegt worden die Praktikumsbescheinigung liegt vor (f\u00fcr die Praktikumsbescheinigung sollten Sie die entsprechende Vorlage nutzen, [&hellip;]","protected":false},"author":6,"featured_media":0,"parent":88,"menu_order":0,"comment_status":"closed","ping_status":"closed","template":"","meta":{"footnotes":""},"class_list":["post-206","page","type-page","status-publish","hentry"],"yoast_head":"<!-- This site is optimized with the Yoast SEO plugin v27.5 - https:\/\/yoast.com\/product\/yoast-seo-wordpress\/ -->\n<title>Anerkennung - Studiengang Maschinenbau - Ruhr-Universit\u00e4t Bochum<\/title>\n<meta name=\"description\" content=\"Das Absolvieren eines Industriepraktikums ist als Pr\u00fcfungsleistung vorgesehen. Hier lesen Sie, was Sie bei der Anerkennung beachten m\u00fcssen.\" \/>\n<meta name=\"robots\" content=\"index, follow, max-snippet:-1, max-image-preview:large, max-video-preview:-1\" \/>\n<link rel=\"canonical\" href=\"https:\/\/www.mb.rub.de\/studium-mb\/bachelor\/praktikum\/anerkennung\/\" \/>\n<meta property=\"og:locale\" content=\"de_DE\" \/>\n<meta property=\"og:type\" content=\"article\" \/>\n<meta property=\"og:title\" content=\"Anerkennung - Studiengang Maschinenbau - Ruhr-Universit\u00e4t Bochum\" \/>\n<meta property=\"og:description\" content=\"Das Absolvieren eines Industriepraktikums ist als Pr\u00fcfungsleistung vorgesehen. Hier lesen Sie, was Sie bei der Anerkennung beachten m\u00fcssen.\" \/>\n<meta property=\"og:url\" content=\"https:\/\/www.mb.rub.de\/studium-mb\/bachelor\/praktikum\/anerkennung\/\" \/>\n<meta property=\"og:site_name\" content=\"Studiengang Maschinenbau - Ruhr-Universit\u00e4t Bochum\" \/>\n<meta property=\"article:modified_time\" content=\"2022-12-12T09:52:37+00:00\" \/>\n<meta name=\"twitter:card\" content=\"summary_large_image\" \/>\n<meta name=\"twitter:label1\" content=\"Gesch\u00e4tzte Lesezeit\" \/>\n\t<meta name=\"twitter:data1\" content=\"2\u00a0Minuten\" \/>\n<script type=\"application\/ld+json\" class=\"yoast-schema-graph\">{\"@context\":\"https:\\\/\\\/schema.org\",\"@graph\":[{\"@type\":\"WebPage\",\"@id\":\"https:\\\/\\\/www.mb.rub.de\\\/studium-mb\\\/bachelor\\\/praktikum\\\/anerkennung\\\/\",\"url\":\"https:\\\/\\\/www.mb.rub.de\\\/studium-mb\\\/bachelor\\\/praktikum\\\/anerkennung\\\/\",\"name\":\"Anerkennung - Studiengang Maschinenbau - Ruhr-Universit\u00e4t Bochum\",\"isPartOf\":{\"@id\":\"https:\\\/\\\/www.mb.rub.de\\\/studium-mb\\\/#website\"},\"datePublished\":\"2022-03-30T07:33:27+00:00\",\"dateModified\":\"2022-12-12T09:52:37+00:00\",\"description\":\"Das Absolvieren eines Industriepraktikums ist als Pr\u00fcfungsleistung vorgesehen. Hier lesen Sie, was Sie bei der Anerkennung beachten m\u00fcssen.\",\"breadcrumb\":{\"@id\":\"https:\\\/\\\/www.mb.rub.de\\\/studium-mb\\\/bachelor\\\/praktikum\\\/anerkennung\\\/#breadcrumb\"},\"inLanguage\":\"de\",\"potentialAction\":[{\"@type\":\"ReadAction\",\"target\":[\"https:\\\/\\\/www.mb.rub.de\\\/studium-mb\\\/bachelor\\\/praktikum\\\/anerkennung\\\/\"]}]},{\"@type\":\"BreadcrumbList\",\"@id\":\"https:\\\/\\\/www.mb.rub.de\\\/studium-mb\\\/bachelor\\\/praktikum\\\/anerkennung\\\/#breadcrumb\",\"itemListElement\":[{\"@type\":\"ListItem\",\"position\":1,\"name\":\"Startseite\",\"item\":\"https:\\\/\\\/www.mb.rub.de\\\/studium-mb\\\/\"},{\"@type\":\"ListItem\",\"position\":2,\"name\":\"Bachelor\",\"item\":\"https:\\\/\\\/www.mb.rub.de\\\/studium-mb\\\/bachelor\\\/\"},{\"@type\":\"ListItem\",\"position\":3,\"name\":\"Praktikum\",\"item\":\"https:\\\/\\\/www.mb.rub.de\\\/studium-mb\\\/bachelor\\\/praktikum\\\/\"},{\"@type\":\"ListItem\",\"position\":4,\"name\":\"Anerkennung\"}]},{\"@type\":\"WebSite\",\"@id\":\"https:\\\/\\\/www.mb.rub.de\\\/studium-mb\\\/#website\",\"url\":\"https:\\\/\\\/www.mb.rub.de\\\/studium-mb\\\/\",\"name\":\"Studiengang Maschinenbau - Ruhr-Universit\u00e4t Bochum\",\"description\":\"\",\"publisher\":{\"@id\":\"https:\\\/\\\/www.mb.rub.de\\\/studium-mb\\\/#organization\"},\"potentialAction\":[{\"@type\":\"SearchAction\",\"target\":{\"@type\":\"EntryPoint\",\"urlTemplate\":\"https:\\\/\\\/www.mb.rub.de\\\/studium-mb\\\/?s={search_term_string}\"},\"query-input\":{\"@type\":\"PropertyValueSpecification\",\"valueRequired\":true,\"valueName\":\"search_term_string\"}}],\"inLanguage\":\"de\"},{\"@type\":\"Organization\",\"@id\":\"https:\\\/\\\/www.mb.rub.de\\\/studium-mb\\\/#organization\",\"name\":\"Studiengang Maschinenbau - Ruhr-Universit\u00e4t Bochum\",\"url\":\"https:\\\/\\\/www.mb.rub.de\\\/studium-mb\\\/\",\"logo\":{\"@type\":\"ImageObject\",\"inLanguage\":\"de\",\"@id\":\"https:\\\/\\\/www.mb.rub.de\\\/studium-mb\\\/#\\\/schema\\\/logo\\\/image\\\/\",\"url\":\"https:\\\/\\\/www.mb.rub.de\\\/studium-mb\\\/wp-content\\\/uploads\\\/2022\\\/03\\\/MB-Logo-neu_Maschinenbau.svg\",\"contentUrl\":\"https:\\\/\\\/www.mb.rub.de\\\/studium-mb\\\/wp-content\\\/uploads\\\/2022\\\/03\\\/MB-Logo-neu_Maschinenbau.svg\",\"caption\":\"Studiengang Maschinenbau - Ruhr-Universit\u00e4t Bochum\"},\"image\":{\"@id\":\"https:\\\/\\\/www.mb.rub.de\\\/studium-mb\\\/#\\\/schema\\\/logo\\\/image\\\/\"}}]}<\/script>\n<!-- \/ Yoast SEO plugin. -->","yoast_head_json":{"title":"Anerkennung - Studiengang Maschinenbau - Ruhr-Universit\u00e4t Bochum","description":"Das Absolvieren eines Industriepraktikums ist als Pr\u00fcfungsleistung vorgesehen. Hier lesen Sie, was Sie bei der Anerkennung beachten m\u00fcssen.","robots":{"index":"index","follow":"follow","max-snippet":"max-snippet:-1","max-image-preview":"max-image-preview:large","max-video-preview":"max-video-preview:-1"},"canonical":"https:\/\/www.mb.rub.de\/studium-mb\/bachelor\/praktikum\/anerkennung\/","og_locale":"de_DE","og_type":"article","og_title":"Anerkennung - Studiengang Maschinenbau - Ruhr-Universit\u00e4t Bochum","og_description":"Das Absolvieren eines Industriepraktikums ist als Pr\u00fcfungsleistung vorgesehen. Hier lesen Sie, was Sie bei der Anerkennung beachten m\u00fcssen.","og_url":"https:\/\/www.mb.rub.de\/studium-mb\/bachelor\/praktikum\/anerkennung\/","og_site_name":"Studiengang Maschinenbau - Ruhr-Universit\u00e4t Bochum","article_modified_time":"2022-12-12T09:52:37+00:00","twitter_card":"summary_large_image","twitter_misc":{"Gesch\u00e4tzte Lesezeit":"2\u00a0Minuten"},"schema":{"@context":"https:\/\/schema.org","@graph":[{"@type":"WebPage","@id":"https:\/\/www.mb.rub.de\/studium-mb\/bachelor\/praktikum\/anerkennung\/","url":"https:\/\/www.mb.rub.de\/studium-mb\/bachelor\/praktikum\/anerkennung\/","name":"Anerkennung - Studiengang Maschinenbau - Ruhr-Universit\u00e4t Bochum","isPartOf":{"@id":"https:\/\/www.mb.rub.de\/studium-mb\/#website"},"datePublished":"2022-03-30T07:33:27+00:00","dateModified":"2022-12-12T09:52:37+00:00","description":"Das Absolvieren eines Industriepraktikums ist als Pr\u00fcfungsleistung vorgesehen. Hier lesen Sie, was Sie bei der Anerkennung beachten m\u00fcssen.","breadcrumb":{"@id":"https:\/\/www.mb.rub.de\/studium-mb\/bachelor\/praktikum\/anerkennung\/#breadcrumb"},"inLanguage":"de","potentialAction":[{"@type":"ReadAction","target":["https:\/\/www.mb.rub.de\/studium-mb\/bachelor\/praktikum\/anerkennung\/"]}]},{"@type":"BreadcrumbList","@id":"https:\/\/www.mb.rub.de\/studium-mb\/bachelor\/praktikum\/anerkennung\/#breadcrumb","itemListElement":[{"@type":"ListItem","position":1,"name":"Startseite","item":"https:\/\/www.mb.rub.de\/studium-mb\/"},{"@type":"ListItem","position":2,"name":"Bachelor","item":"https:\/\/www.mb.rub.de\/studium-mb\/bachelor\/"},{"@type":"ListItem","position":3,"name":"Praktikum","item":"https:\/\/www.mb.rub.de\/studium-mb\/bachelor\/praktikum\/"},{"@type":"ListItem","position":4,"name":"Anerkennung"}]},{"@type":"WebSite","@id":"https:\/\/www.mb.rub.de\/studium-mb\/#website","url":"https:\/\/www.mb.rub.de\/studium-mb\/","name":"Studiengang Maschinenbau - Ruhr-Universit\u00e4t Bochum","description":"","publisher":{"@id":"https:\/\/www.mb.rub.de\/studium-mb\/#organization"},"potentialAction":[{"@type":"SearchAction","target":{"@type":"EntryPoint","urlTemplate":"https:\/\/www.mb.rub.de\/studium-mb\/?s={search_term_string}"},"query-input":{"@type":"PropertyValueSpecification","valueRequired":true,"valueName":"search_term_string"}}],"inLanguage":"de"},{"@type":"Organization","@id":"https:\/\/www.mb.rub.de\/studium-mb\/#organization","name":"Studiengang Maschinenbau - Ruhr-Universit\u00e4t Bochum","url":"https:\/\/www.mb.rub.de\/studium-mb\/","logo":{"@type":"ImageObject","inLanguage":"de","@id":"https:\/\/www.mb.rub.de\/studium-mb\/#\/schema\/logo\/image\/","url":"https:\/\/www.mb.rub.de\/studium-mb\/wp-content\/uploads\/2022\/03\/MB-Logo-neu_Maschinenbau.svg","contentUrl":"https:\/\/www.mb.rub.de\/studium-mb\/wp-content\/uploads\/2022\/03\/MB-Logo-neu_Maschinenbau.svg","caption":"Studiengang Maschinenbau - Ruhr-Universit\u00e4t Bochum"},"image":{"@id":"https:\/\/www.mb.rub.de\/studium-mb\/#\/schema\/logo\/image\/"}}]}},"_links":{"self":[{"href":"https:\/\/www.mb.rub.de\/studium-mb\/wp-json\/wp\/v2\/pages\/206","targetHints":{"allow":["GET"]}}],"collection":[{"href":"https:\/\/www.mb.rub.de\/studium-mb\/wp-json\/wp\/v2\/pages"}],"about":[{"href":"https:\/\/www.mb.rub.de\/studium-mb\/wp-json\/wp\/v2\/types\/page"}],"author":[{"embeddable":true,"href":"https:\/\/www.mb.rub.de\/studium-mb\/wp-json\/wp\/v2\/users\/6"}],"replies":[{"embeddable":true,"href":"https:\/\/www.mb.rub.de\/studium-mb\/wp-json\/wp\/v2\/comments?post=206"}],"version-history":[{"count":17,"href":"https:\/\/www.mb.rub.de\/studium-mb\/wp-json\/wp\/v2\/pages\/206\/revisions"}],"predecessor-version":[{"id":1168,"href":"https:\/\/www.mb.rub.de\/studium-mb\/wp-json\/wp\/v2\/pages\/206\/revisions\/1168"}],"up":[{"embeddable":true,"href":"https:\/\/www.mb.rub.de\/studium-mb\/wp-json\/wp\/v2\/pages\/88"}],"wp:attachment":[{"href":"https:\/\/www.mb.rub.de\/studium-mb\/wp-json\/wp\/v2\/media?parent=206"}],"curies":[{"name":"wp","href":"https:\/\/api.w.org\/{rel}","templated":true}]}}