{"id":67,"date":"2022-03-30T13:07:11","date_gmt":"2022-03-30T11:07:11","guid":{"rendered":"https:\/\/www.mb.rub.de\/studium-mb\/?page_id=67"},"modified":"2024-03-15T07:45:25","modified_gmt":"2024-03-15T06:45:25","slug":"zulassung","status":"publish","type":"page","link":"https:\/\/www.mb.rub.de\/studium-mb\/bachelor\/zulassung\/","title":{"rendered":"Zulassung Bachelor"},"content":{"rendered":"<div class=\"field-std-bild-artikel\"><img loading=\"lazy\" decoding=\"async\" class=\"alignnone size-medium wp-image-101\" src=\"https:\/\/www.mb.rub.de\/studium-mb\/wp-content\/uploads\/2021\/12\/Beratung2.png\" alt=\"\" width=\"300\" height=\"169\"><\/div>\r\n<div class=\"field-bildzeile-custom-\">\r\n<div class=\"bildzeile-wrapper\">\r\n<div class=\"bildzeile-text\"><span class=\"bildzeile-text-inner\">\r\nBildzeile<\/span><\/div>\r\n<span class=\"bildzeile-copyright\">\u00a9&nbsp;Fakult\u00e4t f\u00fcr Maschinenbau\/Ng<\/span>\r\n\r\n<\/div>\r\n<\/div>\r\n<div class=\"content-inner-inner-wrapper\">\r\n<div class=\"field-std-dachzeile\">\r\n<div class=\"field-items\">\r\n<div class=\"field-item even\">Vor dem Studium<\/div>\r\n<\/div>\r\n<\/div>\r\n<h2 class=\"field-std-headline\">Voraussetzungen &#038; Zulassung<\/h2>\r\n<div class=\"field-std-teaser\">Alle Infos zur den Vorraussetzungen f\u00fcr ein Studium und dem Prozess der Zulassung lesen Sie hier. \r\n<\/div>\r\n<div class=\"field-std-text\">\r\n<h4>Voraussetzungen<\/h4>\r\n<p>Sie interessierten sich f\u00fcr Technik? Sie belegen Mathematik im Abitur? Auch naturwissenschaftliche F\u00e4cher wie Chemie und Physik machen Ihnen Spa\u00df? Dann k\u00f6nnte ein Studium an unserer Fakult\u00e4t etwas f\u00fcr Sie sein! Die Voraussetzungen, unter denen unsere Studierenden ins Studium starten, sind sehr unterschiedlich. Einige belegten Leistungskurse in relevanten F\u00e4chern wie Mathematik oder Technik, andere bringen hier \u201elediglich\u201c ein Grundkursniveau mit. <strong>Wichtig ist in jedem Fall, dass Sie Interesse an technischen Fragestellungen und Motivation mitbringen.<\/strong><br> \r\n<br>\r\nSie m\u00fcssen im Vorfeld Ihres Maschinenbau-Studiums weder ein Praktikum noch Vorkurse verpflichtend absolvieren. Wir empfehlen Ihnen jedoch, einen Teil Ihres Pflichtpraktikums im Vorfeld Ihres Studiums abzuleisten, sowie Vorkurse zu besuchen. Weitere Infos hierzu <a href=\"https:\/\/www.mb.rub.de\/studium-mb\/praktikum\/\" rel=\"noopener\" target=\"_blank\">finden Sie hier.<\/a>\r\n<br><br>\r\n<\/p>\r\n<div class=\"flex infobox-wrapper \">\r\n<div class=\"infobox-header\">Sprachanforderungen<\/div>\r\n<div class=\"infobox-text\">\r\n<blockquote>Der Bachelor-Studiengang &#8222;Maschinenbau&#8220; wird in deutscher Sprache unterrichtet. F\u00fcr Bewerber*innen, die sich f\u00fcr einen deutschsprachigen Studiengang bewerben wollen, ist ein Sprachtest erforderlich. Mehr Informationen <a href=\"https:\/\/studium.ruhr-uni-bochum.de\/en\/application-international-prospective-students\" rel=\"noopener\" target=\"_blank\">finden Sie hier.<\/a>\r\n<\/blockquote>\r\n<\/div>\r\n<\/div>\r\n<h4>Zulassung<\/h4>\r\n<p>Das Maschinenbau-Studium an der Ruhr-Universit\u00e4t Bochum ist <strong>zulassungsfrei<\/strong>. Zulassungsfrei bedeutet, dass Studieninteressierte, die die Zugangsvorrausetzungen f\u00fcr den entsprechenden Studiengang erf\u00fcllen, kein Bewerbungsverfahren durchlaufen m\u00fcssen und sich direkt in dem Studiengang einschreiben k\u00f6nnen.<br><br>\r\nMit einer Hochschulzugangsberechtigung (in der Regel das Abitur) ist die grunds\u00e4tzliche Voraussetzung f\u00fcr ein Maschinenbau-Studium an der RUB gegeben. Doch auch <a href=\"https:\/\/studium.ruhr-uni-bochum.de\/de\/studieren-ohne-abitur\" rel=\"noopener\" target=\"_blank\">ohne Abitur<\/a> ist ein Studium nicht ausgeschlossen.<br><br>\r\nF\u00fcr zulassungsfreie Studieng\u00e4nge k\u00f6nnen Sie sich in der Regel bis zum Vorlesungsbeginn des entsprechenden Semesters einschreiben. Die Einschreibung f\u00fcr ein Wintersemester ist daher von Anfang\/Mitte Juni bis zum entsprechenden Vorlesungsbeginn m\u00f6glich.\r\nDie genauen Fristen <a href=\"https:\/\/studium.ruhr-uni-bochum.de\/de\/semesterfristen\" rel=\"noopener\" target=\"_blank\">finden Sie hier.<\/a> \r\n<br><br>\r\nDie Einschreibung an der RUB erfolgt komplett online \u00fcber ein entsprechendes Online-Portal: <\/p>\r\n<br><br>\r\n<div> <a href=\"https:\/\/online.uv.ruhr-uni-bochum.de\/\" target=\"_blank\" rel=\"noopener\">\r\n<div class=\"button-arrow-wrapper no-link\">\r\n <span class=\"button-arrow-arrow\"><!-- --><\/span>\r\n <span class=\"button-arrow-text\">Zum Portal f\u00fcr zulassungsfreie Studieng\u00e4nge<\/span>\r\n<\/div>\r\n<\/a><\/div>\r\n<br><br>\r\n<br><br>\r\n<p>\r\n\u00dcber den Stand der Immatrikulation kann man sich jederzeit \u00fcber das <a href=\"https:\/\/immatrixinfo.uv.ruhr-uni-bochum.de\/\" rel=\"noopener\" target=\"_blank\">Infoportal Immatrikulation<\/a> informieren.\r\n<br><br>\r\nWeitere, allgemeine Informationen zur Einschreibung bzw. Immatrikulation finden Sie auch <a href=\"https:\/\/studium.ruhr-uni-bochum.de\/de\/immatrikulation-einschreibung\" rel=\"noopener\" target=\"_blank\">auf den zentralen Seiten der RUB.<\/a><\/p>\r\n<\/div><\/div>\r\n<br>\r\n\r\n\r\n","protected":false},"excerpt":{"rendered":"Bildzeile \u00a9&nbsp;Fakult\u00e4t f\u00fcr Maschinenbau\/Ng Vor dem Studium Voraussetzungen &#038; Zulassung Alle Infos zur den Vorraussetzungen f\u00fcr ein Studium und dem Prozess der Zulassung lesen Sie hier. Voraussetzungen Sie interessierten sich f\u00fcr Technik? Sie belegen Mathematik im Abitur? Auch naturwissenschaftliche F\u00e4cher wie Chemie und Physik machen Ihnen Spa\u00df? Dann k\u00f6nnte ein Studium an unserer Fakult\u00e4t etwas [&hellip;]","protected":false},"author":6,"featured_media":0,"parent":7,"menu_order":0,"comment_status":"closed","ping_status":"closed","template":"","meta":{"footnotes":""},"class_list":["post-67","page","type-page","status-publish","hentry"],"yoast_head":"<!-- This site is optimized with the Yoast SEO plugin v27.5 - https:\/\/yoast.com\/product\/yoast-seo-wordpress\/ -->\n<title>Zulassung Bachelor - Studiengang Maschinenbau<\/title>\n<meta name=\"description\" content=\"Alle Infos zur den Voraussetzungen f\u00fcr ein Studium und dem Prozess der Zulassung lesen Sie auf dieser Webseite.\" \/>\n<meta name=\"robots\" content=\"index, follow, max-snippet:-1, max-image-preview:large, max-video-preview:-1\" \/>\n<link rel=\"canonical\" href=\"https:\/\/www.mb.rub.de\/studium-mb\/bachelor\/zulassung\/\" \/>\n<meta property=\"og:locale\" content=\"de_DE\" \/>\n<meta property=\"og:type\" content=\"article\" \/>\n<meta property=\"og:title\" content=\"Zulassung Bachelor - Studiengang Maschinenbau\" \/>\n<meta property=\"og:description\" content=\"Alle Infos zur den Voraussetzungen f\u00fcr ein Studium und dem Prozess der Zulassung lesen Sie auf dieser Webseite.\" \/>\n<meta property=\"og:url\" content=\"https:\/\/www.mb.rub.de\/studium-mb\/bachelor\/zulassung\/\" \/>\n<meta property=\"og:site_name\" content=\"Studiengang Maschinenbau - Ruhr-Universit\u00e4t Bochum\" \/>\n<meta property=\"article:modified_time\" content=\"2024-03-15T06:45:25+00:00\" \/>\n<meta property=\"og:image\" content=\"https:\/\/www.mb.rub.de\/studium-mb\/wp-content\/uploads\/2021\/12\/Beratung2.png\" \/>\n<meta name=\"twitter:card\" content=\"summary_large_image\" \/>\n<meta name=\"twitter:label1\" content=\"Gesch\u00e4tzte Lesezeit\" \/>\n\t<meta name=\"twitter:data1\" content=\"2\u00a0Minuten\" \/>\n<script type=\"application\/ld+json\" class=\"yoast-schema-graph\">{\"@context\":\"https:\\\/\\\/schema.org\",\"@graph\":[{\"@type\":\"WebPage\",\"@id\":\"https:\\\/\\\/www.mb.rub.de\\\/studium-mb\\\/bachelor\\\/zulassung\\\/\",\"url\":\"https:\\\/\\\/www.mb.rub.de\\\/studium-mb\\\/bachelor\\\/zulassung\\\/\",\"name\":\"Zulassung Bachelor - Studiengang Maschinenbau\",\"isPartOf\":{\"@id\":\"https:\\\/\\\/www.mb.rub.de\\\/studium-mb\\\/#website\"},\"primaryImageOfPage\":{\"@id\":\"https:\\\/\\\/www.mb.rub.de\\\/studium-mb\\\/bachelor\\\/zulassung\\\/#primaryimage\"},\"image\":{\"@id\":\"https:\\\/\\\/www.mb.rub.de\\\/studium-mb\\\/bachelor\\\/zulassung\\\/#primaryimage\"},\"thumbnailUrl\":\"https:\\\/\\\/www.mb.rub.de\\\/studium-mb\\\/wp-content\\\/uploads\\\/2021\\\/12\\\/Beratung2.png\",\"datePublished\":\"2022-03-30T11:07:11+00:00\",\"dateModified\":\"2024-03-15T06:45:25+00:00\",\"description\":\"Alle Infos zur den Voraussetzungen f\u00fcr ein Studium und dem Prozess der Zulassung lesen Sie auf dieser Webseite.\",\"breadcrumb\":{\"@id\":\"https:\\\/\\\/www.mb.rub.de\\\/studium-mb\\\/bachelor\\\/zulassung\\\/#breadcrumb\"},\"inLanguage\":\"de\",\"potentialAction\":[{\"@type\":\"ReadAction\",\"target\":[\"https:\\\/\\\/www.mb.rub.de\\\/studium-mb\\\/bachelor\\\/zulassung\\\/\"]}]},{\"@type\":\"ImageObject\",\"inLanguage\":\"de\",\"@id\":\"https:\\\/\\\/www.mb.rub.de\\\/studium-mb\\\/bachelor\\\/zulassung\\\/#primaryimage\",\"url\":\"https:\\\/\\\/www.mb.rub.de\\\/studium-mb\\\/wp-content\\\/uploads\\\/2021\\\/12\\\/Beratung2.png\",\"contentUrl\":\"https:\\\/\\\/www.mb.rub.de\\\/studium-mb\\\/wp-content\\\/uploads\\\/2021\\\/12\\\/Beratung2.png\",\"width\":804,\"height\":536},{\"@type\":\"BreadcrumbList\",\"@id\":\"https:\\\/\\\/www.mb.rub.de\\\/studium-mb\\\/bachelor\\\/zulassung\\\/#breadcrumb\",\"itemListElement\":[{\"@type\":\"ListItem\",\"position\":1,\"name\":\"Startseite\",\"item\":\"https:\\\/\\\/www.mb.rub.de\\\/studium-mb\\\/\"},{\"@type\":\"ListItem\",\"position\":2,\"name\":\"Bachelor\",\"item\":\"https:\\\/\\\/www.mb.rub.de\\\/studium-mb\\\/bachelor\\\/\"},{\"@type\":\"ListItem\",\"position\":3,\"name\":\"Zulassung Bachelor\"}]},{\"@type\":\"WebSite\",\"@id\":\"https:\\\/\\\/www.mb.rub.de\\\/studium-mb\\\/#website\",\"url\":\"https:\\\/\\\/www.mb.rub.de\\\/studium-mb\\\/\",\"name\":\"Studiengang Maschinenbau - Ruhr-Universit\u00e4t Bochum\",\"description\":\"\",\"publisher\":{\"@id\":\"https:\\\/\\\/www.mb.rub.de\\\/studium-mb\\\/#organization\"},\"potentialAction\":[{\"@type\":\"SearchAction\",\"target\":{\"@type\":\"EntryPoint\",\"urlTemplate\":\"https:\\\/\\\/www.mb.rub.de\\\/studium-mb\\\/?s={search_term_string}\"},\"query-input\":{\"@type\":\"PropertyValueSpecification\",\"valueRequired\":true,\"valueName\":\"search_term_string\"}}],\"inLanguage\":\"de\"},{\"@type\":\"Organization\",\"@id\":\"https:\\\/\\\/www.mb.rub.de\\\/studium-mb\\\/#organization\",\"name\":\"Studiengang Maschinenbau - Ruhr-Universit\u00e4t Bochum\",\"url\":\"https:\\\/\\\/www.mb.rub.de\\\/studium-mb\\\/\",\"logo\":{\"@type\":\"ImageObject\",\"inLanguage\":\"de\",\"@id\":\"https:\\\/\\\/www.mb.rub.de\\\/studium-mb\\\/#\\\/schema\\\/logo\\\/image\\\/\",\"url\":\"https:\\\/\\\/www.mb.rub.de\\\/studium-mb\\\/wp-content\\\/uploads\\\/2022\\\/03\\\/MB-Logo-neu_Maschinenbau.svg\",\"contentUrl\":\"https:\\\/\\\/www.mb.rub.de\\\/studium-mb\\\/wp-content\\\/uploads\\\/2022\\\/03\\\/MB-Logo-neu_Maschinenbau.svg\",\"caption\":\"Studiengang Maschinenbau - Ruhr-Universit\u00e4t Bochum\"},\"image\":{\"@id\":\"https:\\\/\\\/www.mb.rub.de\\\/studium-mb\\\/#\\\/schema\\\/logo\\\/image\\\/\"}}]}<\/script>\n<!-- \/ Yoast SEO plugin. -->","yoast_head_json":{"title":"Zulassung Bachelor - Studiengang Maschinenbau","description":"Alle Infos zur den Voraussetzungen f\u00fcr ein Studium und dem Prozess der Zulassung lesen Sie auf dieser Webseite.","robots":{"index":"index","follow":"follow","max-snippet":"max-snippet:-1","max-image-preview":"max-image-preview:large","max-video-preview":"max-video-preview:-1"},"canonical":"https:\/\/www.mb.rub.de\/studium-mb\/bachelor\/zulassung\/","og_locale":"de_DE","og_type":"article","og_title":"Zulassung Bachelor - Studiengang Maschinenbau","og_description":"Alle Infos zur den Voraussetzungen f\u00fcr ein Studium und dem Prozess der Zulassung lesen Sie auf dieser Webseite.","og_url":"https:\/\/www.mb.rub.de\/studium-mb\/bachelor\/zulassung\/","og_site_name":"Studiengang Maschinenbau - Ruhr-Universit\u00e4t Bochum","article_modified_time":"2024-03-15T06:45:25+00:00","og_image":[{"url":"https:\/\/www.mb.rub.de\/studium-mb\/wp-content\/uploads\/2021\/12\/Beratung2.png","type":"","width":"","height":""}],"twitter_card":"summary_large_image","twitter_misc":{"Gesch\u00e4tzte Lesezeit":"2\u00a0Minuten"},"schema":{"@context":"https:\/\/schema.org","@graph":[{"@type":"WebPage","@id":"https:\/\/www.mb.rub.de\/studium-mb\/bachelor\/zulassung\/","url":"https:\/\/www.mb.rub.de\/studium-mb\/bachelor\/zulassung\/","name":"Zulassung Bachelor - Studiengang Maschinenbau","isPartOf":{"@id":"https:\/\/www.mb.rub.de\/studium-mb\/#website"},"primaryImageOfPage":{"@id":"https:\/\/www.mb.rub.de\/studium-mb\/bachelor\/zulassung\/#primaryimage"},"image":{"@id":"https:\/\/www.mb.rub.de\/studium-mb\/bachelor\/zulassung\/#primaryimage"},"thumbnailUrl":"https:\/\/www.mb.rub.de\/studium-mb\/wp-content\/uploads\/2021\/12\/Beratung2.png","datePublished":"2022-03-30T11:07:11+00:00","dateModified":"2024-03-15T06:45:25+00:00","description":"Alle Infos zur den Voraussetzungen f\u00fcr ein Studium und dem Prozess der Zulassung lesen Sie auf dieser Webseite.","breadcrumb":{"@id":"https:\/\/www.mb.rub.de\/studium-mb\/bachelor\/zulassung\/#breadcrumb"},"inLanguage":"de","potentialAction":[{"@type":"ReadAction","target":["https:\/\/www.mb.rub.de\/studium-mb\/bachelor\/zulassung\/"]}]},{"@type":"ImageObject","inLanguage":"de","@id":"https:\/\/www.mb.rub.de\/studium-mb\/bachelor\/zulassung\/#primaryimage","url":"https:\/\/www.mb.rub.de\/studium-mb\/wp-content\/uploads\/2021\/12\/Beratung2.png","contentUrl":"https:\/\/www.mb.rub.de\/studium-mb\/wp-content\/uploads\/2021\/12\/Beratung2.png","width":804,"height":536},{"@type":"BreadcrumbList","@id":"https:\/\/www.mb.rub.de\/studium-mb\/bachelor\/zulassung\/#breadcrumb","itemListElement":[{"@type":"ListItem","position":1,"name":"Startseite","item":"https:\/\/www.mb.rub.de\/studium-mb\/"},{"@type":"ListItem","position":2,"name":"Bachelor","item":"https:\/\/www.mb.rub.de\/studium-mb\/bachelor\/"},{"@type":"ListItem","position":3,"name":"Zulassung Bachelor"}]},{"@type":"WebSite","@id":"https:\/\/www.mb.rub.de\/studium-mb\/#website","url":"https:\/\/www.mb.rub.de\/studium-mb\/","name":"Studiengang Maschinenbau - Ruhr-Universit\u00e4t Bochum","description":"","publisher":{"@id":"https:\/\/www.mb.rub.de\/studium-mb\/#organization"},"potentialAction":[{"@type":"SearchAction","target":{"@type":"EntryPoint","urlTemplate":"https:\/\/www.mb.rub.de\/studium-mb\/?s={search_term_string}"},"query-input":{"@type":"PropertyValueSpecification","valueRequired":true,"valueName":"search_term_string"}}],"inLanguage":"de"},{"@type":"Organization","@id":"https:\/\/www.mb.rub.de\/studium-mb\/#organization","name":"Studiengang Maschinenbau - Ruhr-Universit\u00e4t Bochum","url":"https:\/\/www.mb.rub.de\/studium-mb\/","logo":{"@type":"ImageObject","inLanguage":"de","@id":"https:\/\/www.mb.rub.de\/studium-mb\/#\/schema\/logo\/image\/","url":"https:\/\/www.mb.rub.de\/studium-mb\/wp-content\/uploads\/2022\/03\/MB-Logo-neu_Maschinenbau.svg","contentUrl":"https:\/\/www.mb.rub.de\/studium-mb\/wp-content\/uploads\/2022\/03\/MB-Logo-neu_Maschinenbau.svg","caption":"Studiengang Maschinenbau - Ruhr-Universit\u00e4t Bochum"},"image":{"@id":"https:\/\/www.mb.rub.de\/studium-mb\/#\/schema\/logo\/image\/"}}]}},"_links":{"self":[{"href":"https:\/\/www.mb.rub.de\/studium-mb\/wp-json\/wp\/v2\/pages\/67","targetHints":{"allow":["GET"]}}],"collection":[{"href":"https:\/\/www.mb.rub.de\/studium-mb\/wp-json\/wp\/v2\/pages"}],"about":[{"href":"https:\/\/www.mb.rub.de\/studium-mb\/wp-json\/wp\/v2\/types\/page"}],"author":[{"embeddable":true,"href":"https:\/\/www.mb.rub.de\/studium-mb\/wp-json\/wp\/v2\/users\/6"}],"replies":[{"embeddable":true,"href":"https:\/\/www.mb.rub.de\/studium-mb\/wp-json\/wp\/v2\/comments?post=67"}],"version-history":[{"count":25,"href":"https:\/\/www.mb.rub.de\/studium-mb\/wp-json\/wp\/v2\/pages\/67\/revisions"}],"predecessor-version":[{"id":1802,"href":"https:\/\/www.mb.rub.de\/studium-mb\/wp-json\/wp\/v2\/pages\/67\/revisions\/1802"}],"up":[{"embeddable":true,"href":"https:\/\/www.mb.rub.de\/studium-mb\/wp-json\/wp\/v2\/pages\/7"}],"wp:attachment":[{"href":"https:\/\/www.mb.rub.de\/studium-mb\/wp-json\/wp\/v2\/media?parent=67"}],"curies":[{"name":"wp","href":"https:\/\/api.w.org\/{rel}","templated":true}]}}