{"id":72,"date":"2022-03-30T12:19:47","date_gmt":"2022-03-30T10:19:47","guid":{"rendered":"https:\/\/www.mb.rub.de\/studium-mb\/?page_id=72"},"modified":"2024-04-08T08:34:20","modified_gmt":"2024-04-08T06:34:20","slug":"vertiefungen","status":"publish","type":"page","link":"https:\/\/www.mb.rub.de\/studium-mb\/bachelor\/vertiefungen\/","title":{"rendered":"Vertiefungen"},"content":{"rendered":"<div class=\"field-std-bild-artikel\"><img loading=\"lazy\" decoding=\"async\" class=\"alignnone size-medium wp-image-101\" src=\"https:\/\/www.mb.rub.de\/studium-mb\/wp-content\/uploads\/2022\/01\/LF3.png\" alt=\"\" width=\"300\" height=\"169\"><\/div>\r\n<div class=\"field-bildzeile-custom-\">\r\n<div class=\"bildzeile-wrapper\">\r\n<div class=\"bildzeile-text\"><span class=\"bildzeile-text-inner\">\r\nBildzeile<\/span><\/div>\r\n<span class=\"bildzeile-copyright\">\u00a9&nbsp;Agentur der RUB<\/span>\r\n\r\n<\/div>\r\n<\/div>\r\n<div class=\"content-inner-inner-wrapper\">\r\n<div class=\"field-std-dachzeile\">\r\n<div class=\"field-items\">\r\n<div class=\"field-item even\">Im Studium<\/div>\r\n<\/div>\r\n<\/div>\r\n<h2 class=\"field-std-headline\">Vertiefungen<\/h2>\r\n<div class=\"field-std-teaser\">Mit der in den ersten vier Semestern erworbenen Wissensbasis stehen ab dem f\u00fcnften Semester f\u00fcnf Studienschwerpunkte mit innovativen Schwerpunktprofilen zur Wahl.\r\n<\/div>\r\n<div class=\"field-std-text\">\r\n<p>Die verschiedenen Schwerpunkte erlauben eine individuelle Ausbildung mit unterschiedlicher inhaltlicher Auspr\u00e4gung. Sie geben auch einen Einblick in die vielf\u00e4ltigen M\u00f6glichkeiten, die sich hinter dem Begriff \u201eMaschinenbau\u201c verbergen. Im Folgenden werden die einzelnen Schwerpunkte kurz skizziert.<\/p>\r\n<div class=\"teaser-row-wrapper full\">\r\n      <div class=\"button-further web-cd-standard wegweiser\">\r\n        <a href=\"https:\/\/www.mb.rub.de\/beratung-im-studium\/\" class=\"hover-layer\">\r\n    \r\n    <div class=\"img-wrapper\">\r\n      <div class=\"img-wrapper-inner\">\r\n        &nbsp;\r\n      <\/div>\r\n    <\/div>\r\n  \r\n    <div class=\"article-info-wrapper\">\r\n      <div class=\"article-info-wrapper-inner\">\r\n        <div class=\"headline\">Beratung zu den Vertiefungen<\/div>\r\n        <div class=\"button-arrow-wrapper no-link\">\r\n          <span class=\"button-arrow-arrow\"><!-- --><\/span>\r\n          <span class=\"button-arrow-text\">Zur Seite<\/span>\r\n        <\/div>\r\n      <\/div>\r\n    <\/div>\r\n    <div class=\"clear\"><\/div>\r\n  <\/a>\r\n   <\/div>\r\n  <\/div>\r\n\r\n<h4>Modellierung und Simulation mechanischer Systeme<\/h4>\r\n<p>Modellierung und Simulation mechanischer Systeme ist ein forschungsnaher Studienschwerpunkt im Spannungsfeld zwischen Theorie und experimentelles, praktisches Arbeiten. Alle Veranstaltungen der Vertiefungsrichtung b\u00fcndeln grundlegende Aspekte moderner Struktur- und Materialmodellierungsmethoden und geben Ihnen Einblicke in computerbasierte Simulationsverfahren.<\/p><br><br>\r\n<h4>Konstruktions- und Automatisierungstechnik<\/h4> \r\n<p>Von der Idee zum erfolgreichen Produkt: Innovative Geister k\u00f6nnen sich in dieser Vertiefungsrichtung so richtig austoben! Denn hier steht der gesamte Entstehungsprozess von der methodischen Entwicklung bis hin zur automatisierten Produktion steht im Mittelpunkt.<br><br> In fortschrittlichen Laboren wird hier unter Einsatz moderner IT- L\u00f6sungen, wie zum Beispiel VR-Anwendungen, das Know-how zur Planung und Umsetzung von Produkten weitergegeben. Studierende k\u00f6nnen zudem in Forschungs- und Industrieprojekten mitwirken und schon heute die Technik von morgen erleben.<br><br>\r\n<h4>Energie- und Verfahrenstechnik<\/h4> \r\n<p>Die Energie- und Verfahrenstechnik z\u00e4hlt zu den grundlegenden Techniken, ohne die unsere moderne Gesellschaft nicht denkbar w\u00e4re. So spielt beispielsweise die Energie- und Rohstoffwende hier eine ganz entscheidende Rolle. Die Verfahrenstechnik muss in Zukunft ohne fossile Ausgangsstoffe auskommen \u2013 nachwachsende biologische Materialien, Kohlendioxid und Wasserstoff ersetzen hier \u00d6l und Gas. <br><br>In der Energietechnik sind die Stabilit\u00e4t von Stromnetzen und die Koppelung von W\u00e4rme- und Stromversorgung zentrale Themen.\r\n<h4>Werkstoff- und Microengineering<\/h4> \r\n<p>Der Fortschritt bei vielen Innovationen wird heute oftmals noch durch Probleme mit den eingesetzten Materialien ausgebremst. Daher besch\u00e4ftigt sich der Schwerpunkt Werkstoff- und Microengineering mit zahlreichen aktuellen Entwicklungen. <br><br>Dazu geh\u00f6ren z.B. die Entwicklung neuer Werkstoffe f\u00fcr die Fahrzeug- und Flugzeugindustrie, intelligente Werkstoffl\u00f6sungen in der Medizintechnik, der Verfahrenstechnik und dem Umweltschutz. <br><br>\r\n<h4>Str\u00f6mungsmaschinen (ab Master)<\/h4> \r\n<p>Ob Pumpen, Flugzeugturbinen oder Wasserkraftwerke \u2013 unser Alltag ist bestimmt durch Str\u00f6mungsmaschinen. Man sieht es nur nicht! Der Schwerpunkt Str\u00f6mungsmaschinen vermittelt Wissen der Turbomaschinen und der Str\u00f6mungsmechanik und erg\u00e4nzt diese durch Werkstoff-und Mechanikkenntnisse.<\/p><br><br><\/div>\r\n<div class=\"field-std-text\">\r\n<h4>NEU: Sustainable Energy Systems und Circular Process Engineering (ab Master)<\/h4> \r\n<p><a href=\"https:\/\/www.mb.rub.de\/neue-englischsprachige-vertiefung-im-maschinenbau-masterstudium\/\" rel=\"noopener\" target=\"_blank\">Ab SoSe 2023 bieten wir die englischsprachige Vertiefungsrichtung &#8222;Sustainable Energy Systems und Circular Process Engineering&#8220; an<\/a>, die sich mit energie- und verfahrenstechnischen Fragestellungen auseinander setzt. \r\n<br><br>\r\nWeitere Infos zu den Inhalten finden <a href=\"https:\/\/www.mb.rub.de\/studium-mb\/wp-content\/uploads\/2023\/04\/Module_Catalogue_Master_ME-Sustainable-Energy-Systems-Circular-Process-Engineering.pdf\" rel=\"noopener\" target=\"_blank\">Sie im verlinkten Modulplan.<\/a>\r\n<br><br>\r\nStudienbewerber*innen, die keine ausreichenden Deutschkenntnisse nachweisen k\u00f6nnen, haben die M\u00f6glichkeit, auf Antrag und nach Genehmigung durch den Pr\u00fcfungsausschuss ein Studium in dieser ausschlie\u00dflich englischsprachigen Vertiefung aufzunehmen. Nat\u00fcrlich d\u00fcrfen aber auch unsere deutschsprachigen Studierenden diesen Schwerpunkt w\u00e4hlen. \r\n<\/p>\r\n\r\n<!--KLAPPBOX-->\r\n<div class=\"flex infobox-wrapper eingeklappt\">\r\n<div class=\"infobox-header\"><a class=\"infobox-open\" href=\"#\">Voraussetzungen f\u00fcr Sustainable Energy Systems and Circular Process Engineering<\/a><\/div>\r\n<div class=\"infobox-text\" style=\"display: none;\">\r\n<a class=\"infobox-close\" href=\"#\"><\/a>\r\n<p>Studienbewerber*innen, die ihre Studienqualifikation nicht an einer englischsprachigen Einrichtung erworben oder Englisch als Muttersprache haben, einen englischsprachigen Bachelor oder entsprechende Englischkenntnisse durch das Einreichen Ihres Abiturzeugnisses nachweisen, m\u00fcssen die erforderlichen Kenntnisse der englischen Sprache gem\u00e4\u00df der Einschreibeordnung durch Erzielung folgender oder vergleichbarer Leistungen nachweisen: TOEFL 550 (schriftlich), 215 (computerbasiert), 79 (internetbasiert) oder IELTS 6.0 oder besser.\r\n<\/p>\r\n<\/div><\/div>\r\n<\/div>\r\n<!--KLAPPBOX ENDE -->\r\n\r\n<div class=\"field-std-text\">\r\n<div class=\"flex infobox-wrapper \">\r\n<div class=\"infobox-header\">Bitte beachten Sie!<\/div>\r\n<div class=\"infobox-text\">\r\n\r\n<p>Sinnvollerweise ist sowohl im Bachelor- als auch im Masterstudiengang der gleiche Studienschwerpunkt zu w\u00e4hlen. Ein Wechsel der Vertiefungsrichtung ist aber grunds\u00e4tzlich m\u00f6glich. <br><br>Eine Ausnahme bildet die Vertiefungsrichtung \u201eStr\u00f6mungsmaschinen\u201c, der ausschlie\u00dflich als Masterstudiengang angeboten wird.<br><br>\r\nF\u00fcr Bachelor-Absolvent*innen der Energie- und Verfahrenstechnik ist der Studienschwerpunkt Str\u00f6mungsmaschinen eine gleichwertige Alternative zur Energie- und Verfahrenstechnik (EVT) mit st\u00e4rkerer Gewichtung der Disziplinen Turbomaschinen und Str\u00f6mungsmechanik. Das Gleiche gilt f\u00fcr den englischsprachigen Schwerpunkt Sustainable Energy Systems und Circular Process Engineering, bei dem der Fokus auf der Entwicklung zirkul\u00e4rer Verfahren und nachhaltiger Energiesysteme liegt.<\/p>\r\n<\/div>\r\n<\/div>\r\n\r\n<\/div><\/div>\r\n\r\n<div class=\"teaser-row-wrapper full\">\r\n      <div class=\"button-further web-cd-standard wegweiser\">\r\n        <a href=\"https:\/\/www.mb.rub.de\/beratung-im-studium\/\" class=\"hover-layer\">\r\n    \r\n    <div class=\"img-wrapper\">\r\n      <div class=\"img-wrapper-inner\">\r\n        &nbsp;\r\n      <\/div>\r\n    <\/div>\r\n  \r\n    <div class=\"article-info-wrapper\">\r\n      <div class=\"article-info-wrapper-inner\">\r\n        <div class=\"headline\">Beratung zu den Vertiefungen<\/div>\r\n        <div class=\"button-arrow-wrapper no-link\">\r\n          <span class=\"button-arrow-arrow\"><!-- --><\/span>\r\n          <span class=\"button-arrow-text\">Zur Seite<\/span>\r\n        <\/div>\r\n      <\/div>\r\n    <\/div>\r\n    <div class=\"clear\"><\/div>\r\n  <\/a>\r\n   <\/div>\r\n  <\/div>\r\n\r\n\r\n\r\n\r\n\r\n","protected":false},"excerpt":{"rendered":"Bildzeile \u00a9&nbsp;Agentur der RUB Im Studium Vertiefungen Mit der in den ersten vier Semestern erworbenen Wissensbasis stehen ab dem f\u00fcnften Semester f\u00fcnf Studienschwerpunkte mit innovativen Schwerpunktprofilen zur Wahl. Die verschiedenen Schwerpunkte erlauben eine individuelle Ausbildung mit unterschiedlicher inhaltlicher Auspr\u00e4gung. Sie geben auch einen Einblick in die vielf\u00e4ltigen M\u00f6glichkeiten, die sich hinter dem Begriff \u201eMaschinenbau\u201c verbergen. [&hellip;]","protected":false},"author":6,"featured_media":0,"parent":7,"menu_order":0,"comment_status":"closed","ping_status":"closed","template":"","meta":{"footnotes":""},"class_list":["post-72","page","type-page","status-publish","hentry"],"yoast_head":"<!-- This site is optimized with the Yoast SEO plugin v27.4 - https:\/\/yoast.com\/product\/yoast-seo-wordpress\/ -->\n<title>Vertiefungen - Studiengang Maschinenbau - Ruhr-Universit\u00e4t Bochum<\/title>\n<meta name=\"description\" content=\"Vertiefungen: Mit der in den ersten vier Semestern erworbenen Wissensbasis stehen ab dem f\u00fcnften Semester f\u00fcnf Studienschwerpunkte zur Wahl.\" \/>\n<meta name=\"robots\" content=\"index, follow, max-snippet:-1, max-image-preview:large, max-video-preview:-1\" \/>\n<link rel=\"canonical\" href=\"https:\/\/www.mb.rub.de\/studium-mb\/bachelor\/vertiefungen\/\" \/>\n<meta property=\"og:locale\" content=\"de_DE\" \/>\n<meta property=\"og:type\" content=\"article\" \/>\n<meta property=\"og:title\" content=\"Vertiefungen - Studiengang Maschinenbau - Ruhr-Universit\u00e4t Bochum\" \/>\n<meta property=\"og:description\" content=\"Vertiefungen: Mit der in den ersten vier Semestern erworbenen Wissensbasis stehen ab dem f\u00fcnften Semester f\u00fcnf Studienschwerpunkte zur Wahl.\" \/>\n<meta property=\"og:url\" content=\"https:\/\/www.mb.rub.de\/studium-mb\/bachelor\/vertiefungen\/\" \/>\n<meta property=\"og:site_name\" content=\"Studiengang Maschinenbau - Ruhr-Universit\u00e4t Bochum\" \/>\n<meta property=\"article:modified_time\" content=\"2024-04-08T06:34:20+00:00\" \/>\n<meta property=\"og:image\" content=\"https:\/\/www.mb.rub.de\/studium-mb\/wp-content\/uploads\/2022\/01\/LF3.png\" \/>\n<meta name=\"twitter:card\" content=\"summary_large_image\" \/>\n<meta name=\"twitter:label1\" content=\"Gesch\u00e4tzte Lesezeit\" \/>\n\t<meta name=\"twitter:data1\" content=\"4\u00a0Minuten\" \/>\n<script type=\"application\/ld+json\" class=\"yoast-schema-graph\">{\"@context\":\"https:\\\/\\\/schema.org\",\"@graph\":[{\"@type\":\"WebPage\",\"@id\":\"https:\\\/\\\/www.mb.rub.de\\\/studium-mb\\\/bachelor\\\/vertiefungen\\\/\",\"url\":\"https:\\\/\\\/www.mb.rub.de\\\/studium-mb\\\/bachelor\\\/vertiefungen\\\/\",\"name\":\"Vertiefungen - Studiengang Maschinenbau - Ruhr-Universit\u00e4t Bochum\",\"isPartOf\":{\"@id\":\"https:\\\/\\\/www.mb.rub.de\\\/studium-mb\\\/#website\"},\"primaryImageOfPage\":{\"@id\":\"https:\\\/\\\/www.mb.rub.de\\\/studium-mb\\\/bachelor\\\/vertiefungen\\\/#primaryimage\"},\"image\":{\"@id\":\"https:\\\/\\\/www.mb.rub.de\\\/studium-mb\\\/bachelor\\\/vertiefungen\\\/#primaryimage\"},\"thumbnailUrl\":\"https:\\\/\\\/www.mb.rub.de\\\/studium-mb\\\/wp-content\\\/uploads\\\/2022\\\/01\\\/LF3.png\",\"datePublished\":\"2022-03-30T10:19:47+00:00\",\"dateModified\":\"2024-04-08T06:34:20+00:00\",\"description\":\"Vertiefungen: Mit der in den ersten vier Semestern erworbenen Wissensbasis stehen ab dem f\u00fcnften Semester f\u00fcnf Studienschwerpunkte zur Wahl.\",\"breadcrumb\":{\"@id\":\"https:\\\/\\\/www.mb.rub.de\\\/studium-mb\\\/bachelor\\\/vertiefungen\\\/#breadcrumb\"},\"inLanguage\":\"de\",\"potentialAction\":[{\"@type\":\"ReadAction\",\"target\":[\"https:\\\/\\\/www.mb.rub.de\\\/studium-mb\\\/bachelor\\\/vertiefungen\\\/\"]}]},{\"@type\":\"ImageObject\",\"inLanguage\":\"de\",\"@id\":\"https:\\\/\\\/www.mb.rub.de\\\/studium-mb\\\/bachelor\\\/vertiefungen\\\/#primaryimage\",\"url\":\"https:\\\/\\\/www.mb.rub.de\\\/studium-mb\\\/wp-content\\\/uploads\\\/2022\\\/01\\\/LF3.png\",\"contentUrl\":\"https:\\\/\\\/www.mb.rub.de\\\/studium-mb\\\/wp-content\\\/uploads\\\/2022\\\/01\\\/LF3.png\",\"width\":804,\"height\":536},{\"@type\":\"BreadcrumbList\",\"@id\":\"https:\\\/\\\/www.mb.rub.de\\\/studium-mb\\\/bachelor\\\/vertiefungen\\\/#breadcrumb\",\"itemListElement\":[{\"@type\":\"ListItem\",\"position\":1,\"name\":\"Startseite\",\"item\":\"https:\\\/\\\/www.mb.rub.de\\\/studium-mb\\\/\"},{\"@type\":\"ListItem\",\"position\":2,\"name\":\"Bachelor\",\"item\":\"https:\\\/\\\/www.mb.rub.de\\\/studium-mb\\\/bachelor\\\/\"},{\"@type\":\"ListItem\",\"position\":3,\"name\":\"Vertiefungen\"}]},{\"@type\":\"WebSite\",\"@id\":\"https:\\\/\\\/www.mb.rub.de\\\/studium-mb\\\/#website\",\"url\":\"https:\\\/\\\/www.mb.rub.de\\\/studium-mb\\\/\",\"name\":\"Studiengang Maschinenbau - Ruhr-Universit\u00e4t Bochum\",\"description\":\"\",\"publisher\":{\"@id\":\"https:\\\/\\\/www.mb.rub.de\\\/studium-mb\\\/#organization\"},\"potentialAction\":[{\"@type\":\"SearchAction\",\"target\":{\"@type\":\"EntryPoint\",\"urlTemplate\":\"https:\\\/\\\/www.mb.rub.de\\\/studium-mb\\\/?s={search_term_string}\"},\"query-input\":{\"@type\":\"PropertyValueSpecification\",\"valueRequired\":true,\"valueName\":\"search_term_string\"}}],\"inLanguage\":\"de\"},{\"@type\":\"Organization\",\"@id\":\"https:\\\/\\\/www.mb.rub.de\\\/studium-mb\\\/#organization\",\"name\":\"Studiengang Maschinenbau - Ruhr-Universit\u00e4t Bochum\",\"url\":\"https:\\\/\\\/www.mb.rub.de\\\/studium-mb\\\/\",\"logo\":{\"@type\":\"ImageObject\",\"inLanguage\":\"de\",\"@id\":\"https:\\\/\\\/www.mb.rub.de\\\/studium-mb\\\/#\\\/schema\\\/logo\\\/image\\\/\",\"url\":\"https:\\\/\\\/www.mb.rub.de\\\/studium-mb\\\/wp-content\\\/uploads\\\/2022\\\/03\\\/MB-Logo-neu_Maschinenbau.svg\",\"contentUrl\":\"https:\\\/\\\/www.mb.rub.de\\\/studium-mb\\\/wp-content\\\/uploads\\\/2022\\\/03\\\/MB-Logo-neu_Maschinenbau.svg\",\"caption\":\"Studiengang Maschinenbau - Ruhr-Universit\u00e4t Bochum\"},\"image\":{\"@id\":\"https:\\\/\\\/www.mb.rub.de\\\/studium-mb\\\/#\\\/schema\\\/logo\\\/image\\\/\"}}]}<\/script>\n<!-- \/ Yoast SEO plugin. -->","yoast_head_json":{"title":"Vertiefungen - Studiengang Maschinenbau - Ruhr-Universit\u00e4t Bochum","description":"Vertiefungen: Mit der in den ersten vier Semestern erworbenen Wissensbasis stehen ab dem f\u00fcnften Semester f\u00fcnf Studienschwerpunkte zur Wahl.","robots":{"index":"index","follow":"follow","max-snippet":"max-snippet:-1","max-image-preview":"max-image-preview:large","max-video-preview":"max-video-preview:-1"},"canonical":"https:\/\/www.mb.rub.de\/studium-mb\/bachelor\/vertiefungen\/","og_locale":"de_DE","og_type":"article","og_title":"Vertiefungen - Studiengang Maschinenbau - Ruhr-Universit\u00e4t Bochum","og_description":"Vertiefungen: Mit der in den ersten vier Semestern erworbenen Wissensbasis stehen ab dem f\u00fcnften Semester f\u00fcnf Studienschwerpunkte zur Wahl.","og_url":"https:\/\/www.mb.rub.de\/studium-mb\/bachelor\/vertiefungen\/","og_site_name":"Studiengang Maschinenbau - Ruhr-Universit\u00e4t Bochum","article_modified_time":"2024-04-08T06:34:20+00:00","og_image":[{"url":"https:\/\/www.mb.rub.de\/studium-mb\/wp-content\/uploads\/2022\/01\/LF3.png","type":"","width":"","height":""}],"twitter_card":"summary_large_image","twitter_misc":{"Gesch\u00e4tzte Lesezeit":"4\u00a0Minuten"},"schema":{"@context":"https:\/\/schema.org","@graph":[{"@type":"WebPage","@id":"https:\/\/www.mb.rub.de\/studium-mb\/bachelor\/vertiefungen\/","url":"https:\/\/www.mb.rub.de\/studium-mb\/bachelor\/vertiefungen\/","name":"Vertiefungen - Studiengang Maschinenbau - Ruhr-Universit\u00e4t Bochum","isPartOf":{"@id":"https:\/\/www.mb.rub.de\/studium-mb\/#website"},"primaryImageOfPage":{"@id":"https:\/\/www.mb.rub.de\/studium-mb\/bachelor\/vertiefungen\/#primaryimage"},"image":{"@id":"https:\/\/www.mb.rub.de\/studium-mb\/bachelor\/vertiefungen\/#primaryimage"},"thumbnailUrl":"https:\/\/www.mb.rub.de\/studium-mb\/wp-content\/uploads\/2022\/01\/LF3.png","datePublished":"2022-03-30T10:19:47+00:00","dateModified":"2024-04-08T06:34:20+00:00","description":"Vertiefungen: Mit der in den ersten vier Semestern erworbenen Wissensbasis stehen ab dem f\u00fcnften Semester f\u00fcnf Studienschwerpunkte zur Wahl.","breadcrumb":{"@id":"https:\/\/www.mb.rub.de\/studium-mb\/bachelor\/vertiefungen\/#breadcrumb"},"inLanguage":"de","potentialAction":[{"@type":"ReadAction","target":["https:\/\/www.mb.rub.de\/studium-mb\/bachelor\/vertiefungen\/"]}]},{"@type":"ImageObject","inLanguage":"de","@id":"https:\/\/www.mb.rub.de\/studium-mb\/bachelor\/vertiefungen\/#primaryimage","url":"https:\/\/www.mb.rub.de\/studium-mb\/wp-content\/uploads\/2022\/01\/LF3.png","contentUrl":"https:\/\/www.mb.rub.de\/studium-mb\/wp-content\/uploads\/2022\/01\/LF3.png","width":804,"height":536},{"@type":"BreadcrumbList","@id":"https:\/\/www.mb.rub.de\/studium-mb\/bachelor\/vertiefungen\/#breadcrumb","itemListElement":[{"@type":"ListItem","position":1,"name":"Startseite","item":"https:\/\/www.mb.rub.de\/studium-mb\/"},{"@type":"ListItem","position":2,"name":"Bachelor","item":"https:\/\/www.mb.rub.de\/studium-mb\/bachelor\/"},{"@type":"ListItem","position":3,"name":"Vertiefungen"}]},{"@type":"WebSite","@id":"https:\/\/www.mb.rub.de\/studium-mb\/#website","url":"https:\/\/www.mb.rub.de\/studium-mb\/","name":"Studiengang Maschinenbau - Ruhr-Universit\u00e4t Bochum","description":"","publisher":{"@id":"https:\/\/www.mb.rub.de\/studium-mb\/#organization"},"potentialAction":[{"@type":"SearchAction","target":{"@type":"EntryPoint","urlTemplate":"https:\/\/www.mb.rub.de\/studium-mb\/?s={search_term_string}"},"query-input":{"@type":"PropertyValueSpecification","valueRequired":true,"valueName":"search_term_string"}}],"inLanguage":"de"},{"@type":"Organization","@id":"https:\/\/www.mb.rub.de\/studium-mb\/#organization","name":"Studiengang Maschinenbau - Ruhr-Universit\u00e4t Bochum","url":"https:\/\/www.mb.rub.de\/studium-mb\/","logo":{"@type":"ImageObject","inLanguage":"de","@id":"https:\/\/www.mb.rub.de\/studium-mb\/#\/schema\/logo\/image\/","url":"https:\/\/www.mb.rub.de\/studium-mb\/wp-content\/uploads\/2022\/03\/MB-Logo-neu_Maschinenbau.svg","contentUrl":"https:\/\/www.mb.rub.de\/studium-mb\/wp-content\/uploads\/2022\/03\/MB-Logo-neu_Maschinenbau.svg","caption":"Studiengang Maschinenbau - Ruhr-Universit\u00e4t Bochum"},"image":{"@id":"https:\/\/www.mb.rub.de\/studium-mb\/#\/schema\/logo\/image\/"}}]}},"_links":{"self":[{"href":"https:\/\/www.mb.rub.de\/studium-mb\/wp-json\/wp\/v2\/pages\/72","targetHints":{"allow":["GET"]}}],"collection":[{"href":"https:\/\/www.mb.rub.de\/studium-mb\/wp-json\/wp\/v2\/pages"}],"about":[{"href":"https:\/\/www.mb.rub.de\/studium-mb\/wp-json\/wp\/v2\/types\/page"}],"author":[{"embeddable":true,"href":"https:\/\/www.mb.rub.de\/studium-mb\/wp-json\/wp\/v2\/users\/6"}],"replies":[{"embeddable":true,"href":"https:\/\/www.mb.rub.de\/studium-mb\/wp-json\/wp\/v2\/comments?post=72"}],"version-history":[{"count":32,"href":"https:\/\/www.mb.rub.de\/studium-mb\/wp-json\/wp\/v2\/pages\/72\/revisions"}],"predecessor-version":[{"id":1868,"href":"https:\/\/www.mb.rub.de\/studium-mb\/wp-json\/wp\/v2\/pages\/72\/revisions\/1868"}],"up":[{"embeddable":true,"href":"https:\/\/www.mb.rub.de\/studium-mb\/wp-json\/wp\/v2\/pages\/7"}],"wp:attachment":[{"href":"https:\/\/www.mb.rub.de\/studium-mb\/wp-json\/wp\/v2\/media?parent=72"}],"curies":[{"name":"wp","href":"https:\/\/api.w.org\/{rel}","templated":true}]}}