{"id":77,"date":"2022-03-30T13:12:53","date_gmt":"2022-03-30T11:12:53","guid":{"rendered":"https:\/\/www.mb.rub.de\/studium-mb\/?page_id=77"},"modified":"2022-03-30T14:04:32","modified_gmt":"2022-03-30T12:04:32","slug":"studieninhalte","status":"publish","type":"page","link":"https:\/\/www.mb.rub.de\/studium-mb\/bachelor\/studieninhalte\/","title":{"rendered":"Studieninhalte"},"content":{"rendered":"<div class=\"field-std-bild-artikel\"><img loading=\"lazy\" decoding=\"async\" class=\"alignnone size-medium wp-image-101\" src=\"https:\/\/www.mb.rub.de\/studium-mb\/wp-content\/uploads\/2021\/12\/Hoersaal_3.png\" alt=\"\" width=\"300\" height=\"169\"><\/div>\r\n<div class=\"field-bildzeile-custom-\">\r\n<div class=\"bildzeile-wrapper\">\r\n<div class=\"bildzeile-text\"><span class=\"bildzeile-text-inner\">\r\nBildzeile<\/span><\/div>\r\n<span class=\"bildzeile-copyright\">\u00a9&nbsp;Fakult\u00e4t f\u00fcr Maschinenbau\/Ng<\/span>\r\n\r\n<\/div>\r\n<\/div>\r\n<div class=\"content-inner-inner-wrapper\">\r\n<div class=\"field-std-dachzeile\">\r\n<div class=\"field-items\">\r\n<div class=\"field-item even\">Vor dem Studium<\/div>\r\n<\/div>\r\n<\/div>\r\n<h2 class=\"field-std-headline\">Studieninhalte<\/h2>\r\n<div class=\"field-std-teaser\">Gerade in den Ingenieurwissenschaften ist es besonders wichtig, sich zun\u00e4chst eine solide Basis zu erarbeiten, um sp\u00e4ter praktische Anwendungen verstehen und Prozesse aktiv mitgestalten zu k\u00f6nnen.  \r\n<\/div>\r\n<div class=\"field-std-text\">\r\n<p>Aus diesem Grund vermitteln wir Ihnen im Bachelor-Studiengang Maschinenbau in den ersten vier Semestern die im Maschinenbau wichtigsten Grundlagen aus dem mathematisch-naturwissenschaftlichen und ingenieurwissenschaftlichen Bereich. Gerade f\u00fcr eine k\u00fcnftige T\u00e4tigkeit bei der Entwicklung neuer L\u00f6sungen und Produkte ist dieses vertiefte Verst\u00e4ndnis von besonderer Bedeutung.<br>\r\n<br>\r\n<img loading=\"lazy\" decoding=\"async\" src=\"https:\/\/www.mb.rub.de\/studium-mb\/wp-content\/uploads\/2022\/03\/Bachelor_diagramm.png\" alt=\"\" width=\"1024\" height=\"615\" class=\"alignnone size-large wp-image-562\" \/>\r\n<br><br>\r\n<strong>Ab dem f\u00fcnften Semester: Eigenst\u00e4ndiges Profil entwickeln<\/strong><br><br>\r\nAb dem 5. Semester folgt eine Spezialisierung in einer zu w\u00e4hlenden Vertiefungsrichtung. In den Vertiefungen haben Sie die Chance, durch zahlreiche Wahlm\u00f6glichkeiten ein f\u00fcr Sie eigenst\u00e4ndiges und einzigartiges Profil zu entwickeln, ohne sich dabei einzuschr\u00e4nken. Unsere aktuellen Vertiefungsrichtungen sind:<\/p>\r\n<ul>\r\n\t<li>Modellierung und Simulation mechanischer Systeme<\/li>\r\n\r\n\t<li>Energie- und Verfahrenstechnik<\/li>\r\n\r\n\t<li>Konstruktions- und Automatisierungstechnik <\/li>\r\n\r\n\t<li>Werkstoffe und Micro-Engineering<\/li><\/ul>\r\n\r\n<p>Mehr zu den einzelnen Schwerpunkten lesen Sie unter <a href=\"https:\/\/www.mb.rub.de\/studium-mb\/vertiefungen\/\" rel=\"noopener\" target=\"_blank\">\u201eVertiefungen\u201c.<\/a><br>\r\n<br>\r\nDas 7-semestrige Bachelorstudium bietet gegen\u00fcber 6-semestrigen Studieng\u00e4ngen den Vorteil, dass schon im Bachelor vielf\u00e4ltige Wahlm\u00f6glichkeiten\r\nbestehen und individuelle Interessen verfolgt werden k\u00f6nnen. Auch verl\u00e4ngert sich die gesamte Studienzeit dadurch nicht, da der Maschinenbau-Master 3-semestrig ist.\r\n<\/p> \r\n<\/div><\/div>\r\n<br>","protected":false},"excerpt":{"rendered":"Bildzeile \u00a9&nbsp;Fakult\u00e4t f\u00fcr Maschinenbau\/Ng Vor dem Studium Studieninhalte Gerade in den Ingenieurwissenschaften ist es besonders wichtig, sich zun\u00e4chst eine solide Basis zu erarbeiten, um sp\u00e4ter praktische Anwendungen verstehen und Prozesse aktiv mitgestalten zu k\u00f6nnen. Aus diesem Grund vermitteln wir Ihnen im Bachelor-Studiengang Maschinenbau in den ersten vier Semestern die im Maschinenbau wichtigsten Grundlagen aus dem [&hellip;]","protected":false},"author":6,"featured_media":0,"parent":7,"menu_order":0,"comment_status":"closed","ping_status":"closed","template":"","meta":{"footnotes":""},"class_list":["post-77","page","type-page","status-publish","hentry"],"yoast_head":"<!-- This site is optimized with the Yoast SEO plugin v27.5 - https:\/\/yoast.com\/product\/yoast-seo-wordpress\/ -->\n<title>Studieninhalte - Studiengang Maschinenbau - Ruhr-Universit\u00e4t Bochum<\/title>\n<meta name=\"description\" content=\"Studieninhalte: In den Ingenieurwissenschaften ist es wichtig, sich eine solide Basis zu erarbeiten, um sp\u00e4ter Prozesse aktiv mitgestalten zu k\u00f6nnen.\" \/>\n<meta name=\"robots\" content=\"index, follow, max-snippet:-1, max-image-preview:large, max-video-preview:-1\" \/>\n<link rel=\"canonical\" href=\"https:\/\/www.mb.rub.de\/studium-mb\/bachelor\/studieninhalte\/\" \/>\n<meta property=\"og:locale\" content=\"de_DE\" \/>\n<meta property=\"og:type\" content=\"article\" \/>\n<meta property=\"og:title\" content=\"Studieninhalte - Studiengang Maschinenbau - Ruhr-Universit\u00e4t Bochum\" \/>\n<meta property=\"og:description\" content=\"Studieninhalte: In den Ingenieurwissenschaften ist es wichtig, sich eine solide Basis zu erarbeiten, um sp\u00e4ter Prozesse aktiv mitgestalten zu k\u00f6nnen.\" \/>\n<meta property=\"og:url\" content=\"https:\/\/www.mb.rub.de\/studium-mb\/bachelor\/studieninhalte\/\" \/>\n<meta property=\"og:site_name\" content=\"Studiengang Maschinenbau - Ruhr-Universit\u00e4t Bochum\" \/>\n<meta property=\"article:modified_time\" content=\"2022-03-30T12:04:32+00:00\" \/>\n<meta property=\"og:image\" content=\"https:\/\/www.mb.rub.de\/studium-mb\/wp-content\/uploads\/2021\/12\/Hoersaal_3.png\" \/>\n<meta name=\"twitter:card\" content=\"summary_large_image\" \/>\n<meta name=\"twitter:label1\" content=\"Gesch\u00e4tzte Lesezeit\" \/>\n\t<meta name=\"twitter:data1\" content=\"1\u00a0Minute\" \/>\n<script type=\"application\/ld+json\" class=\"yoast-schema-graph\">{\"@context\":\"https:\\\/\\\/schema.org\",\"@graph\":[{\"@type\":\"WebPage\",\"@id\":\"https:\\\/\\\/www.mb.rub.de\\\/studium-mb\\\/bachelor\\\/studieninhalte\\\/\",\"url\":\"https:\\\/\\\/www.mb.rub.de\\\/studium-mb\\\/bachelor\\\/studieninhalte\\\/\",\"name\":\"Studieninhalte - Studiengang Maschinenbau - Ruhr-Universit\u00e4t Bochum\",\"isPartOf\":{\"@id\":\"https:\\\/\\\/www.mb.rub.de\\\/studium-mb\\\/#website\"},\"primaryImageOfPage\":{\"@id\":\"https:\\\/\\\/www.mb.rub.de\\\/studium-mb\\\/bachelor\\\/studieninhalte\\\/#primaryimage\"},\"image\":{\"@id\":\"https:\\\/\\\/www.mb.rub.de\\\/studium-mb\\\/bachelor\\\/studieninhalte\\\/#primaryimage\"},\"thumbnailUrl\":\"https:\\\/\\\/www.mb.rub.de\\\/studium-mb\\\/wp-content\\\/uploads\\\/2021\\\/12\\\/Hoersaal_3.png\",\"datePublished\":\"2022-03-30T11:12:53+00:00\",\"dateModified\":\"2022-03-30T12:04:32+00:00\",\"description\":\"Studieninhalte: In den Ingenieurwissenschaften ist es wichtig, sich eine solide Basis zu erarbeiten, um sp\u00e4ter Prozesse aktiv mitgestalten zu k\u00f6nnen.\",\"breadcrumb\":{\"@id\":\"https:\\\/\\\/www.mb.rub.de\\\/studium-mb\\\/bachelor\\\/studieninhalte\\\/#breadcrumb\"},\"inLanguage\":\"de\",\"potentialAction\":[{\"@type\":\"ReadAction\",\"target\":[\"https:\\\/\\\/www.mb.rub.de\\\/studium-mb\\\/bachelor\\\/studieninhalte\\\/\"]}]},{\"@type\":\"ImageObject\",\"inLanguage\":\"de\",\"@id\":\"https:\\\/\\\/www.mb.rub.de\\\/studium-mb\\\/bachelor\\\/studieninhalte\\\/#primaryimage\",\"url\":\"https:\\\/\\\/www.mb.rub.de\\\/studium-mb\\\/wp-content\\\/uploads\\\/2021\\\/12\\\/Hoersaal_3.png\",\"contentUrl\":\"https:\\\/\\\/www.mb.rub.de\\\/studium-mb\\\/wp-content\\\/uploads\\\/2021\\\/12\\\/Hoersaal_3.png\",\"width\":804,\"height\":536},{\"@type\":\"BreadcrumbList\",\"@id\":\"https:\\\/\\\/www.mb.rub.de\\\/studium-mb\\\/bachelor\\\/studieninhalte\\\/#breadcrumb\",\"itemListElement\":[{\"@type\":\"ListItem\",\"position\":1,\"name\":\"Startseite\",\"item\":\"https:\\\/\\\/www.mb.rub.de\\\/studium-mb\\\/\"},{\"@type\":\"ListItem\",\"position\":2,\"name\":\"Bachelor\",\"item\":\"https:\\\/\\\/www.mb.rub.de\\\/studium-mb\\\/bachelor\\\/\"},{\"@type\":\"ListItem\",\"position\":3,\"name\":\"Studieninhalte\"}]},{\"@type\":\"WebSite\",\"@id\":\"https:\\\/\\\/www.mb.rub.de\\\/studium-mb\\\/#website\",\"url\":\"https:\\\/\\\/www.mb.rub.de\\\/studium-mb\\\/\",\"name\":\"Studiengang Maschinenbau - Ruhr-Universit\u00e4t Bochum\",\"description\":\"\",\"publisher\":{\"@id\":\"https:\\\/\\\/www.mb.rub.de\\\/studium-mb\\\/#organization\"},\"potentialAction\":[{\"@type\":\"SearchAction\",\"target\":{\"@type\":\"EntryPoint\",\"urlTemplate\":\"https:\\\/\\\/www.mb.rub.de\\\/studium-mb\\\/?s={search_term_string}\"},\"query-input\":{\"@type\":\"PropertyValueSpecification\",\"valueRequired\":true,\"valueName\":\"search_term_string\"}}],\"inLanguage\":\"de\"},{\"@type\":\"Organization\",\"@id\":\"https:\\\/\\\/www.mb.rub.de\\\/studium-mb\\\/#organization\",\"name\":\"Studiengang Maschinenbau - Ruhr-Universit\u00e4t Bochum\",\"url\":\"https:\\\/\\\/www.mb.rub.de\\\/studium-mb\\\/\",\"logo\":{\"@type\":\"ImageObject\",\"inLanguage\":\"de\",\"@id\":\"https:\\\/\\\/www.mb.rub.de\\\/studium-mb\\\/#\\\/schema\\\/logo\\\/image\\\/\",\"url\":\"https:\\\/\\\/www.mb.rub.de\\\/studium-mb\\\/wp-content\\\/uploads\\\/2022\\\/03\\\/MB-Logo-neu_Maschinenbau.svg\",\"contentUrl\":\"https:\\\/\\\/www.mb.rub.de\\\/studium-mb\\\/wp-content\\\/uploads\\\/2022\\\/03\\\/MB-Logo-neu_Maschinenbau.svg\",\"caption\":\"Studiengang Maschinenbau - Ruhr-Universit\u00e4t Bochum\"},\"image\":{\"@id\":\"https:\\\/\\\/www.mb.rub.de\\\/studium-mb\\\/#\\\/schema\\\/logo\\\/image\\\/\"}}]}<\/script>\n<!-- \/ Yoast SEO plugin. -->","yoast_head_json":{"title":"Studieninhalte - Studiengang Maschinenbau - Ruhr-Universit\u00e4t Bochum","description":"Studieninhalte: In den Ingenieurwissenschaften ist es wichtig, sich eine solide Basis zu erarbeiten, um sp\u00e4ter Prozesse aktiv mitgestalten zu k\u00f6nnen.","robots":{"index":"index","follow":"follow","max-snippet":"max-snippet:-1","max-image-preview":"max-image-preview:large","max-video-preview":"max-video-preview:-1"},"canonical":"https:\/\/www.mb.rub.de\/studium-mb\/bachelor\/studieninhalte\/","og_locale":"de_DE","og_type":"article","og_title":"Studieninhalte - Studiengang Maschinenbau - Ruhr-Universit\u00e4t Bochum","og_description":"Studieninhalte: In den Ingenieurwissenschaften ist es wichtig, sich eine solide Basis zu erarbeiten, um sp\u00e4ter Prozesse aktiv mitgestalten zu k\u00f6nnen.","og_url":"https:\/\/www.mb.rub.de\/studium-mb\/bachelor\/studieninhalte\/","og_site_name":"Studiengang Maschinenbau - Ruhr-Universit\u00e4t Bochum","article_modified_time":"2022-03-30T12:04:32+00:00","og_image":[{"url":"https:\/\/www.mb.rub.de\/studium-mb\/wp-content\/uploads\/2021\/12\/Hoersaal_3.png","type":"","width":"","height":""}],"twitter_card":"summary_large_image","twitter_misc":{"Gesch\u00e4tzte Lesezeit":"1\u00a0Minute"},"schema":{"@context":"https:\/\/schema.org","@graph":[{"@type":"WebPage","@id":"https:\/\/www.mb.rub.de\/studium-mb\/bachelor\/studieninhalte\/","url":"https:\/\/www.mb.rub.de\/studium-mb\/bachelor\/studieninhalte\/","name":"Studieninhalte - Studiengang Maschinenbau - Ruhr-Universit\u00e4t Bochum","isPartOf":{"@id":"https:\/\/www.mb.rub.de\/studium-mb\/#website"},"primaryImageOfPage":{"@id":"https:\/\/www.mb.rub.de\/studium-mb\/bachelor\/studieninhalte\/#primaryimage"},"image":{"@id":"https:\/\/www.mb.rub.de\/studium-mb\/bachelor\/studieninhalte\/#primaryimage"},"thumbnailUrl":"https:\/\/www.mb.rub.de\/studium-mb\/wp-content\/uploads\/2021\/12\/Hoersaal_3.png","datePublished":"2022-03-30T11:12:53+00:00","dateModified":"2022-03-30T12:04:32+00:00","description":"Studieninhalte: In den Ingenieurwissenschaften ist es wichtig, sich eine solide Basis zu erarbeiten, um sp\u00e4ter Prozesse aktiv mitgestalten zu k\u00f6nnen.","breadcrumb":{"@id":"https:\/\/www.mb.rub.de\/studium-mb\/bachelor\/studieninhalte\/#breadcrumb"},"inLanguage":"de","potentialAction":[{"@type":"ReadAction","target":["https:\/\/www.mb.rub.de\/studium-mb\/bachelor\/studieninhalte\/"]}]},{"@type":"ImageObject","inLanguage":"de","@id":"https:\/\/www.mb.rub.de\/studium-mb\/bachelor\/studieninhalte\/#primaryimage","url":"https:\/\/www.mb.rub.de\/studium-mb\/wp-content\/uploads\/2021\/12\/Hoersaal_3.png","contentUrl":"https:\/\/www.mb.rub.de\/studium-mb\/wp-content\/uploads\/2021\/12\/Hoersaal_3.png","width":804,"height":536},{"@type":"BreadcrumbList","@id":"https:\/\/www.mb.rub.de\/studium-mb\/bachelor\/studieninhalte\/#breadcrumb","itemListElement":[{"@type":"ListItem","position":1,"name":"Startseite","item":"https:\/\/www.mb.rub.de\/studium-mb\/"},{"@type":"ListItem","position":2,"name":"Bachelor","item":"https:\/\/www.mb.rub.de\/studium-mb\/bachelor\/"},{"@type":"ListItem","position":3,"name":"Studieninhalte"}]},{"@type":"WebSite","@id":"https:\/\/www.mb.rub.de\/studium-mb\/#website","url":"https:\/\/www.mb.rub.de\/studium-mb\/","name":"Studiengang Maschinenbau - Ruhr-Universit\u00e4t Bochum","description":"","publisher":{"@id":"https:\/\/www.mb.rub.de\/studium-mb\/#organization"},"potentialAction":[{"@type":"SearchAction","target":{"@type":"EntryPoint","urlTemplate":"https:\/\/www.mb.rub.de\/studium-mb\/?s={search_term_string}"},"query-input":{"@type":"PropertyValueSpecification","valueRequired":true,"valueName":"search_term_string"}}],"inLanguage":"de"},{"@type":"Organization","@id":"https:\/\/www.mb.rub.de\/studium-mb\/#organization","name":"Studiengang Maschinenbau - Ruhr-Universit\u00e4t Bochum","url":"https:\/\/www.mb.rub.de\/studium-mb\/","logo":{"@type":"ImageObject","inLanguage":"de","@id":"https:\/\/www.mb.rub.de\/studium-mb\/#\/schema\/logo\/image\/","url":"https:\/\/www.mb.rub.de\/studium-mb\/wp-content\/uploads\/2022\/03\/MB-Logo-neu_Maschinenbau.svg","contentUrl":"https:\/\/www.mb.rub.de\/studium-mb\/wp-content\/uploads\/2022\/03\/MB-Logo-neu_Maschinenbau.svg","caption":"Studiengang Maschinenbau - Ruhr-Universit\u00e4t Bochum"},"image":{"@id":"https:\/\/www.mb.rub.de\/studium-mb\/#\/schema\/logo\/image\/"}}]}},"_links":{"self":[{"href":"https:\/\/www.mb.rub.de\/studium-mb\/wp-json\/wp\/v2\/pages\/77","targetHints":{"allow":["GET"]}}],"collection":[{"href":"https:\/\/www.mb.rub.de\/studium-mb\/wp-json\/wp\/v2\/pages"}],"about":[{"href":"https:\/\/www.mb.rub.de\/studium-mb\/wp-json\/wp\/v2\/types\/page"}],"author":[{"embeddable":true,"href":"https:\/\/www.mb.rub.de\/studium-mb\/wp-json\/wp\/v2\/users\/6"}],"replies":[{"embeddable":true,"href":"https:\/\/www.mb.rub.de\/studium-mb\/wp-json\/wp\/v2\/comments?post=77"}],"version-history":[{"count":12,"href":"https:\/\/www.mb.rub.de\/studium-mb\/wp-json\/wp\/v2\/pages\/77\/revisions"}],"predecessor-version":[{"id":871,"href":"https:\/\/www.mb.rub.de\/studium-mb\/wp-json\/wp\/v2\/pages\/77\/revisions\/871"}],"up":[{"embeddable":true,"href":"https:\/\/www.mb.rub.de\/studium-mb\/wp-json\/wp\/v2\/pages\/7"}],"wp:attachment":[{"href":"https:\/\/www.mb.rub.de\/studium-mb\/wp-json\/wp\/v2\/media?parent=77"}],"curies":[{"name":"wp","href":"https:\/\/api.w.org\/{rel}","templated":true}]}}