{"id":88,"date":"2022-03-30T13:23:05","date_gmt":"2022-03-30T11:23:05","guid":{"rendered":"https:\/\/www.mb.rub.de\/studium-mb\/?page_id=88"},"modified":"2024-06-25T10:23:10","modified_gmt":"2024-06-25T08:23:10","slug":"praktikum","status":"publish","type":"page","link":"https:\/\/www.mb.rub.de\/studium-mb\/bachelor\/praktikum\/","title":{"rendered":"Praktikum"},"content":{"rendered":"<div class=\"teaser-row-wrapper web-cd-uebersicht-title-wrapper\">\r\n  <div class=\"red-mitglieder-wrapper\">\r\n    <div class=\"top-description-wrapper tdw-type-2\" style=\"float: none\">\r\n      <p>\r\n\t  Als wichtige Voraussetzung f\u00fcr ein erfolgreiches Studium und im Hinblick auf die sp\u00e4tere berufliche T\u00e4tigkeit ist die praktische Ausbildung wesentlicher Bestandteil des Bachelor-Studienganges Maschinenbau. Deswegen legt unsere Fakult\u00e4t gro\u00dfen Wert darauf, dass Studierende diese Erfahrungen im Rahmen von Praktika erwerben. Alle wichtigen Infos zum Pflichtpraktikum im Bachelorstudiengang Maschinenbau finden Sie hier.\r\n      <\/p>\r\n    <\/div>\r\n  <\/div>\r\n<\/div>\r\n\r\n<!--<div class=\"flex infobox-wrapper \">\r\n<div class=\"infobox-header\">BITTE BEACHTEN SIE: <\/div>\r\n<div class=\"infobox-text\">\r\n<blockquote>Die Praktikumsberatung entf\u00e4llt am Mittwoch, den 22.05.2024, und am Mittwoch, den 29.05.2024.\r\n<\/blockquote>\r\n<\/div>\r\n<\/div>-->\r\n\r\n<div class=\"teaser-row-wrapper full\">\r\n      <div class=\"button-further web-cd-standard sprechblasen\">\r\n        <a href=\"https:\/\/www.mb.rub.de\/studium-mb\/bachelor\/praktikum\/kontakt\/\" class=\"hover-layer\">\r\n    \r\n    <div class=\"img-wrapper\">\r\n      <div class=\"img-wrapper-inner\">\r\n        &nbsp;\r\n      <\/div>\r\n    <\/div>\r\n  \r\n    <div class=\"article-info-wrapper\">\r\n      <div class=\"article-info-wrapper-inner\">\r\n        <div class=\"headline\">Sprechstunde und Kontakt<\/div>\r\n        <div class=\"button-arrow-wrapper no-link\">\r\n          <span class=\"button-arrow-arrow\"><!-- --><\/span>\r\n          <span class=\"button-arrow-text\">Infos<\/span>\r\n        <\/div>\r\n      <\/div>\r\n    <\/div>\r\n    <div class=\"clear\"><\/div>\r\n  <\/a>\r\n   <\/div>\r\n  <\/div>\r\n<!--TEASER INFOANGEBOTE-->\r\n<div class=\"teaser-row-wrapper\">\r\n      <div class=\"highlight \">\r\n        <div class=\"item item-1\"><a href=\"https:\/\/www.mb.rub.de\/studium-mb\/bachelor\/praktikum\/erste-infos\/\" class=\"hover-layer\">\r\n        \r\n        <div class=\"img-wrapper\">\r\n          <div class=\"img-wrapper-inner\">\r\n           <img loading=\"lazy\" decoding=\"async\" src=\"https:\/\/www.mb.rub.de\/studium-mb\/wp-content\/uploads\/2022\/03\/Info.png\" width=\"804\" height=\"536\" alt=\"\">  \r\n          <\/div>\r\n        <\/div>\r\n      \r\n        <div class=\"article-info-wrapper\">\r\n          <div class=\"article-info-wrapper-inner\">\r\n            <div class=\"dachzeile\">Hilfe<\/div>\r\n            <h2 class=\"headline\">Erste Infos zum Praktikum<\/h2>\r\n            <div class=\"teaser-text\"><p>Welche Praktika muss ich absolvieren? Und warum?: Hier finden Sie grundlegende Informationen zum Pflichtpraktikum.<\/p><\/div>\r\n          <\/div>\r\n        <\/div>\r\n        <div class=\"hover-indicator\"><\/div>\r\n      <\/a><\/div><div class=\"item item-2\"><a href=\"https:\/\/www.mb.rub.de\/studium-mb\/bachelor\/praktikum\/praktikumsplatz-finden\/\" class=\"hover-layer\">\r\n        \r\n        <div class=\"img-wrapper\">\r\n          <div class=\"img-wrapper-inner\"><img loading=\"lazy\" decoding=\"async\" src=\"https:\/\/www.mb.rub.de\/wp-content\/uploads\/2021\/11\/Studium5.png\" width=\"804\" height=\"536\"><\/div>\r\n        <\/div>\r\n      \r\n        <div class=\"article-info-wrapper\">\r\n          <div class=\"article-info-wrapper-inner\">\r\n            <div class=\"dachzeile\">Vor dem Praktikum<\/div>\r\n            <h2 class=\"headline\">Praktikumsplatz finden<\/h2>\r\n            <div class=\"teaser-text\"><p>Wie finde ich einen Praktikumsplatz? Wir geben Ihnen Tipps, wie Sie die Suche am besten angehen. <\/p><\/div>\r\n          <\/div>\r\n        <\/div>\r\n        <div class=\"hover-indicator\"><\/div>\r\n      <\/a><\/div>\r\n        <div class=\"clear\"><\/div>\r\n      <\/div>\r\n      <\/div>\r\n<!--TEASER INFOANGEBOTE ENDE-->\r\n<!--TEASER INFOANGEBOTE-->\r\n<div class=\"teaser-row-wrapper\">\r\n      <div class=\"highlight \">\r\n        <div class=\"item item-1\"><a href=\"https:\/\/www.mb.rub.de\/studium-mb\/der-praktikumsbericht\/\" class=\"hover-layer\">\r\n        \r\n        <div class=\"img-wrapper\">\r\n          <div class=\"img-wrapper-inner\">\r\n           <img loading=\"lazy\" decoding=\"async\" src=\"https:\/\/www.mb.rub.de\/studium-mb\/wp-content\/uploads\/2021\/09\/glenn-carstens-peters-npxXWgQ33ZQ-unsplash-scaled.jpg\" width=\"804\" height=\"536\" alt=\"\">  \r\n          <\/div>\r\n        <\/div>\r\n      \r\n        <div class=\"article-info-wrapper\">\r\n          <div class=\"article-info-wrapper-inner\">\r\n            <div class=\"dachzeile\">Nach dem Praktikum<\/div>\r\n            <h2 class=\"headline\">Der Praktikumsbericht<\/h2>\r\n            <div class=\"teaser-text\"><p>Der Praktikumsbericht dient der Reflexion und der nachvollziehbaren Dokumentation des Erlebten im Praktikumsbetrieb. <\/p><\/div>\r\n          <\/div>\r\n        <\/div>\r\n        <div class=\"hover-indicator\"><\/div>\r\n      <\/a><\/div><div class=\"item item-2\"><a href=\"https:\/\/www.mb.rub.de\/studium-mb\/bachelor\/praktikum\/anerkennung\/\" class=\"hover-layer\">\r\n        \r\n        <div class=\"img-wrapper\">\r\n          <div class=\"img-wrapper-inner\"><img loading=\"lazy\" decoding=\"async\" src=\"https:\/\/www.mb.rub.de\/studium-mb\/wp-content\/uploads\/2021\/10\/Anerkennung.png\" width=\"804\" height=\"536\"><\/div>\r\n        <\/div>\r\n      \r\n        <div class=\"article-info-wrapper\">\r\n          <div class=\"article-info-wrapper-inner\">\r\n            <div class=\"dachzeile\">Nach dem Praktikum<\/div>\r\n            <h2 class=\"headline\">Anerkennung<\/h2>\r\n            <div class=\"teaser-text\"><p>Das Absolvieren eines Industriepraktikums ist als Pr\u00fcfungsleistung im Rahmen der Bachelor-Pr\u00fcfungsordnungen vorgesehen. Hier lesen Sie, was Sie bei der Anerkennung beachten m\u00fcssen.<\/p><\/div>\r\n          <\/div>\r\n        <\/div>\r\n        <div class=\"hover-indicator\"><\/div>\r\n      <\/a><\/div>\r\n        <div class=\"clear\"><\/div>\r\n      <\/div>\r\n      <\/div>\r\n<!--TEASER INFOANGEBOTE ENDE-->\r\n<!--TEASER INFOANGEBOTE-->\r\n<div class=\"teaser-row-wrapper\">\r\n      <div class=\"highlight \">\r\n        <div class=\"item item-1\"><a href=\"https:\/\/www.mb.rub.de\/studium-mb\/bachelor\/praktikum\/faq\/\" class=\"hover-layer\">\r\n        \r\n        <div class=\"img-wrapper\">\r\n          <div class=\"img-wrapper-inner\">\r\n           <img loading=\"lazy\" decoding=\"async\" src=\"https:\/\/www.mb.rub.de\/studium-mb\/wp-content\/uploads\/2021\/10\/Frage.png\" width=\"804\" height=\"536\" alt=\"\">  \r\n          <\/div>\r\n        <\/div>\r\n      \r\n        <div class=\"article-info-wrapper\">\r\n          <div class=\"article-info-wrapper-inner\">\r\n            <div class=\"dachzeile\">Infos<\/div>\r\n            <h2 class=\"headline\">FAQ<\/h2>\r\n            <div class=\"teaser-text\"><p>Hier finden Sie Antworten auf h\u00e4ufige Fragen.<\/p><\/div>\r\n          <\/div>\r\n        <\/div>\r\n        <div class=\"hover-indicator\"><\/div>\r\n      <\/a><\/div><div class=\"item item-2\"><a href=\"https:\/\/www.mb.rub.de\/studium-mb\/bachelor\/praktikum\/downloads\/\" class=\"hover-layer\">\r\n        \r\n        <div class=\"img-wrapper\">\r\n          <div class=\"img-wrapper-inner\"><img loading=\"lazy\" decoding=\"async\" src=\"https:\/\/www.mb.rub.de\/studium-mb\/wp-content\/uploads\/2021\/10\/Downloads.png\" width=\"804\" height=\"536\"><\/div>\r\n        <\/div>\r\n      \r\n        <div class=\"article-info-wrapper\">\r\n          <div class=\"article-info-wrapper-inner\">\r\n            <div class=\"dachzeile\">Infos<\/div>\r\n            <h2 class=\"headline\">Downloads<\/h2>\r\n            <div class=\"teaser-text\"><p>Alle wichtigen Dokumente zum Download gibt es hier.<\/p><\/div>\r\n          <\/div>\r\n        <\/div>\r\n        <div class=\"hover-indicator\"><\/div>\r\n      <\/a><\/div>\r\n        <div class=\"clear\"><\/div>\r\n      <\/div>\r\n      <\/div>\r\n<!--TEASER INFOANGEBOTE ENDE-->","protected":false},"excerpt":{"rendered":"Als wichtige Voraussetzung f\u00fcr ein erfolgreiches Studium und im Hinblick auf die sp\u00e4tere berufliche T\u00e4tigkeit ist die praktische Ausbildung wesentlicher Bestandteil des Bachelor-Studienganges Maschinenbau. Deswegen legt unsere Fakult\u00e4t gro\u00dfen Wert darauf, dass Studierende diese Erfahrungen im Rahmen von Praktika erwerben. Alle wichtigen Infos zum Pflichtpraktikum im Bachelorstudiengang Maschinenbau finden Sie hier. &nbsp; Sprechstunde und Kontakt [&hellip;]","protected":false},"author":6,"featured_media":0,"parent":7,"menu_order":0,"comment_status":"closed","ping_status":"closed","template":"page-teaser.php","meta":{"footnotes":""},"class_list":["post-88","page","type-page","status-publish","hentry"],"yoast_head":"<!-- This site is optimized with the Yoast SEO plugin v27.4 - https:\/\/yoast.com\/product\/yoast-seo-wordpress\/ -->\n<title>Praktikum - Studiengang Maschinenbau - Ruhr-Universit\u00e4t Bochum<\/title>\n<meta name=\"description\" content=\"Alle wichtigen Infos zum Praktikum im Bachelorstudiengang Maschinenbau finden Sie auf dieser Webseite.\" \/>\n<meta name=\"robots\" content=\"index, follow, max-snippet:-1, max-image-preview:large, max-video-preview:-1\" \/>\n<link rel=\"canonical\" href=\"https:\/\/www.mb.rub.de\/studium-mb\/bachelor\/praktikum\/\" \/>\n<meta property=\"og:locale\" content=\"de_DE\" \/>\n<meta property=\"og:type\" content=\"article\" \/>\n<meta property=\"og:title\" content=\"Praktikum - Studiengang Maschinenbau - Ruhr-Universit\u00e4t Bochum\" \/>\n<meta property=\"og:description\" content=\"Alle wichtigen Infos zum Praktikum im Bachelorstudiengang Maschinenbau finden Sie auf dieser Webseite.\" \/>\n<meta property=\"og:url\" content=\"https:\/\/www.mb.rub.de\/studium-mb\/bachelor\/praktikum\/\" \/>\n<meta property=\"og:site_name\" content=\"Studiengang Maschinenbau - Ruhr-Universit\u00e4t Bochum\" \/>\n<meta property=\"article:modified_time\" content=\"2024-06-25T08:23:10+00:00\" \/>\n<meta property=\"og:image\" content=\"https:\/\/www.mb.rub.de\/studium-mb\/wp-content\/uploads\/2022\/03\/Info.png\" \/>\n<meta name=\"twitter:card\" content=\"summary_large_image\" \/>\n<meta name=\"twitter:label1\" content=\"Gesch\u00e4tzte Lesezeit\" \/>\n\t<meta name=\"twitter:data1\" content=\"3\u00a0Minuten\" \/>\n<script type=\"application\/ld+json\" class=\"yoast-schema-graph\">{\"@context\":\"https:\\\/\\\/schema.org\",\"@graph\":[{\"@type\":\"WebPage\",\"@id\":\"https:\\\/\\\/www.mb.rub.de\\\/studium-mb\\\/bachelor\\\/praktikum\\\/\",\"url\":\"https:\\\/\\\/www.mb.rub.de\\\/studium-mb\\\/bachelor\\\/praktikum\\\/\",\"name\":\"Praktikum - Studiengang Maschinenbau - Ruhr-Universit\u00e4t Bochum\",\"isPartOf\":{\"@id\":\"https:\\\/\\\/www.mb.rub.de\\\/studium-mb\\\/#website\"},\"primaryImageOfPage\":{\"@id\":\"https:\\\/\\\/www.mb.rub.de\\\/studium-mb\\\/bachelor\\\/praktikum\\\/#primaryimage\"},\"image\":{\"@id\":\"https:\\\/\\\/www.mb.rub.de\\\/studium-mb\\\/bachelor\\\/praktikum\\\/#primaryimage\"},\"thumbnailUrl\":\"https:\\\/\\\/www.mb.rub.de\\\/studium-mb\\\/wp-content\\\/uploads\\\/2022\\\/03\\\/Info.png\",\"datePublished\":\"2022-03-30T11:23:05+00:00\",\"dateModified\":\"2024-06-25T08:23:10+00:00\",\"description\":\"Alle wichtigen Infos zum Praktikum im Bachelorstudiengang Maschinenbau finden Sie auf dieser Webseite.\",\"breadcrumb\":{\"@id\":\"https:\\\/\\\/www.mb.rub.de\\\/studium-mb\\\/bachelor\\\/praktikum\\\/#breadcrumb\"},\"inLanguage\":\"de\",\"potentialAction\":[{\"@type\":\"ReadAction\",\"target\":[\"https:\\\/\\\/www.mb.rub.de\\\/studium-mb\\\/bachelor\\\/praktikum\\\/\"]}]},{\"@type\":\"ImageObject\",\"inLanguage\":\"de\",\"@id\":\"https:\\\/\\\/www.mb.rub.de\\\/studium-mb\\\/bachelor\\\/praktikum\\\/#primaryimage\",\"url\":\"https:\\\/\\\/www.mb.rub.de\\\/studium-mb\\\/wp-content\\\/uploads\\\/2022\\\/03\\\/Info.png\",\"contentUrl\":\"https:\\\/\\\/www.mb.rub.de\\\/studium-mb\\\/wp-content\\\/uploads\\\/2022\\\/03\\\/Info.png\",\"width\":804,\"height\":536},{\"@type\":\"BreadcrumbList\",\"@id\":\"https:\\\/\\\/www.mb.rub.de\\\/studium-mb\\\/bachelor\\\/praktikum\\\/#breadcrumb\",\"itemListElement\":[{\"@type\":\"ListItem\",\"position\":1,\"name\":\"Startseite\",\"item\":\"https:\\\/\\\/www.mb.rub.de\\\/studium-mb\\\/\"},{\"@type\":\"ListItem\",\"position\":2,\"name\":\"Bachelor\",\"item\":\"https:\\\/\\\/www.mb.rub.de\\\/studium-mb\\\/bachelor\\\/\"},{\"@type\":\"ListItem\",\"position\":3,\"name\":\"Praktikum\"}]},{\"@type\":\"WebSite\",\"@id\":\"https:\\\/\\\/www.mb.rub.de\\\/studium-mb\\\/#website\",\"url\":\"https:\\\/\\\/www.mb.rub.de\\\/studium-mb\\\/\",\"name\":\"Studiengang Maschinenbau - Ruhr-Universit\u00e4t Bochum\",\"description\":\"\",\"publisher\":{\"@id\":\"https:\\\/\\\/www.mb.rub.de\\\/studium-mb\\\/#organization\"},\"potentialAction\":[{\"@type\":\"SearchAction\",\"target\":{\"@type\":\"EntryPoint\",\"urlTemplate\":\"https:\\\/\\\/www.mb.rub.de\\\/studium-mb\\\/?s={search_term_string}\"},\"query-input\":{\"@type\":\"PropertyValueSpecification\",\"valueRequired\":true,\"valueName\":\"search_term_string\"}}],\"inLanguage\":\"de\"},{\"@type\":\"Organization\",\"@id\":\"https:\\\/\\\/www.mb.rub.de\\\/studium-mb\\\/#organization\",\"name\":\"Studiengang Maschinenbau - Ruhr-Universit\u00e4t Bochum\",\"url\":\"https:\\\/\\\/www.mb.rub.de\\\/studium-mb\\\/\",\"logo\":{\"@type\":\"ImageObject\",\"inLanguage\":\"de\",\"@id\":\"https:\\\/\\\/www.mb.rub.de\\\/studium-mb\\\/#\\\/schema\\\/logo\\\/image\\\/\",\"url\":\"https:\\\/\\\/www.mb.rub.de\\\/studium-mb\\\/wp-content\\\/uploads\\\/2022\\\/03\\\/MB-Logo-neu_Maschinenbau.svg\",\"contentUrl\":\"https:\\\/\\\/www.mb.rub.de\\\/studium-mb\\\/wp-content\\\/uploads\\\/2022\\\/03\\\/MB-Logo-neu_Maschinenbau.svg\",\"caption\":\"Studiengang Maschinenbau - Ruhr-Universit\u00e4t Bochum\"},\"image\":{\"@id\":\"https:\\\/\\\/www.mb.rub.de\\\/studium-mb\\\/#\\\/schema\\\/logo\\\/image\\\/\"}}]}<\/script>\n<!-- \/ Yoast SEO plugin. -->","yoast_head_json":{"title":"Praktikum - Studiengang Maschinenbau - Ruhr-Universit\u00e4t Bochum","description":"Alle wichtigen Infos zum Praktikum im Bachelorstudiengang Maschinenbau finden Sie auf dieser Webseite.","robots":{"index":"index","follow":"follow","max-snippet":"max-snippet:-1","max-image-preview":"max-image-preview:large","max-video-preview":"max-video-preview:-1"},"canonical":"https:\/\/www.mb.rub.de\/studium-mb\/bachelor\/praktikum\/","og_locale":"de_DE","og_type":"article","og_title":"Praktikum - Studiengang Maschinenbau - Ruhr-Universit\u00e4t Bochum","og_description":"Alle wichtigen Infos zum Praktikum im Bachelorstudiengang Maschinenbau finden Sie auf dieser Webseite.","og_url":"https:\/\/www.mb.rub.de\/studium-mb\/bachelor\/praktikum\/","og_site_name":"Studiengang Maschinenbau - Ruhr-Universit\u00e4t Bochum","article_modified_time":"2024-06-25T08:23:10+00:00","og_image":[{"url":"https:\/\/www.mb.rub.de\/studium-mb\/wp-content\/uploads\/2022\/03\/Info.png","type":"","width":"","height":""}],"twitter_card":"summary_large_image","twitter_misc":{"Gesch\u00e4tzte Lesezeit":"3\u00a0Minuten"},"schema":{"@context":"https:\/\/schema.org","@graph":[{"@type":"WebPage","@id":"https:\/\/www.mb.rub.de\/studium-mb\/bachelor\/praktikum\/","url":"https:\/\/www.mb.rub.de\/studium-mb\/bachelor\/praktikum\/","name":"Praktikum - Studiengang Maschinenbau - Ruhr-Universit\u00e4t Bochum","isPartOf":{"@id":"https:\/\/www.mb.rub.de\/studium-mb\/#website"},"primaryImageOfPage":{"@id":"https:\/\/www.mb.rub.de\/studium-mb\/bachelor\/praktikum\/#primaryimage"},"image":{"@id":"https:\/\/www.mb.rub.de\/studium-mb\/bachelor\/praktikum\/#primaryimage"},"thumbnailUrl":"https:\/\/www.mb.rub.de\/studium-mb\/wp-content\/uploads\/2022\/03\/Info.png","datePublished":"2022-03-30T11:23:05+00:00","dateModified":"2024-06-25T08:23:10+00:00","description":"Alle wichtigen Infos zum Praktikum im Bachelorstudiengang Maschinenbau finden Sie auf dieser Webseite.","breadcrumb":{"@id":"https:\/\/www.mb.rub.de\/studium-mb\/bachelor\/praktikum\/#breadcrumb"},"inLanguage":"de","potentialAction":[{"@type":"ReadAction","target":["https:\/\/www.mb.rub.de\/studium-mb\/bachelor\/praktikum\/"]}]},{"@type":"ImageObject","inLanguage":"de","@id":"https:\/\/www.mb.rub.de\/studium-mb\/bachelor\/praktikum\/#primaryimage","url":"https:\/\/www.mb.rub.de\/studium-mb\/wp-content\/uploads\/2022\/03\/Info.png","contentUrl":"https:\/\/www.mb.rub.de\/studium-mb\/wp-content\/uploads\/2022\/03\/Info.png","width":804,"height":536},{"@type":"BreadcrumbList","@id":"https:\/\/www.mb.rub.de\/studium-mb\/bachelor\/praktikum\/#breadcrumb","itemListElement":[{"@type":"ListItem","position":1,"name":"Startseite","item":"https:\/\/www.mb.rub.de\/studium-mb\/"},{"@type":"ListItem","position":2,"name":"Bachelor","item":"https:\/\/www.mb.rub.de\/studium-mb\/bachelor\/"},{"@type":"ListItem","position":3,"name":"Praktikum"}]},{"@type":"WebSite","@id":"https:\/\/www.mb.rub.de\/studium-mb\/#website","url":"https:\/\/www.mb.rub.de\/studium-mb\/","name":"Studiengang Maschinenbau - Ruhr-Universit\u00e4t Bochum","description":"","publisher":{"@id":"https:\/\/www.mb.rub.de\/studium-mb\/#organization"},"potentialAction":[{"@type":"SearchAction","target":{"@type":"EntryPoint","urlTemplate":"https:\/\/www.mb.rub.de\/studium-mb\/?s={search_term_string}"},"query-input":{"@type":"PropertyValueSpecification","valueRequired":true,"valueName":"search_term_string"}}],"inLanguage":"de"},{"@type":"Organization","@id":"https:\/\/www.mb.rub.de\/studium-mb\/#organization","name":"Studiengang Maschinenbau - Ruhr-Universit\u00e4t Bochum","url":"https:\/\/www.mb.rub.de\/studium-mb\/","logo":{"@type":"ImageObject","inLanguage":"de","@id":"https:\/\/www.mb.rub.de\/studium-mb\/#\/schema\/logo\/image\/","url":"https:\/\/www.mb.rub.de\/studium-mb\/wp-content\/uploads\/2022\/03\/MB-Logo-neu_Maschinenbau.svg","contentUrl":"https:\/\/www.mb.rub.de\/studium-mb\/wp-content\/uploads\/2022\/03\/MB-Logo-neu_Maschinenbau.svg","caption":"Studiengang Maschinenbau - Ruhr-Universit\u00e4t Bochum"},"image":{"@id":"https:\/\/www.mb.rub.de\/studium-mb\/#\/schema\/logo\/image\/"}}]}},"_links":{"self":[{"href":"https:\/\/www.mb.rub.de\/studium-mb\/wp-json\/wp\/v2\/pages\/88","targetHints":{"allow":["GET"]}}],"collection":[{"href":"https:\/\/www.mb.rub.de\/studium-mb\/wp-json\/wp\/v2\/pages"}],"about":[{"href":"https:\/\/www.mb.rub.de\/studium-mb\/wp-json\/wp\/v2\/types\/page"}],"author":[{"embeddable":true,"href":"https:\/\/www.mb.rub.de\/studium-mb\/wp-json\/wp\/v2\/users\/6"}],"replies":[{"embeddable":true,"href":"https:\/\/www.mb.rub.de\/studium-mb\/wp-json\/wp\/v2\/comments?post=88"}],"version-history":[{"count":45,"href":"https:\/\/www.mb.rub.de\/studium-mb\/wp-json\/wp\/v2\/pages\/88\/revisions"}],"predecessor-version":[{"id":1932,"href":"https:\/\/www.mb.rub.de\/studium-mb\/wp-json\/wp\/v2\/pages\/88\/revisions\/1932"}],"up":[{"embeddable":true,"href":"https:\/\/www.mb.rub.de\/studium-mb\/wp-json\/wp\/v2\/pages\/7"}],"wp:attachment":[{"href":"https:\/\/www.mb.rub.de\/studium-mb\/wp-json\/wp\/v2\/media?parent=88"}],"curies":[{"name":"wp","href":"https:\/\/api.w.org\/{rel}","templated":true}]}}