{"id":9,"date":"2022-03-30T12:00:55","date_gmt":"2022-03-30T10:00:55","guid":{"rendered":"https:\/\/www.mb.rub.de\/studium-mb\/?page_id=9"},"modified":"2026-04-24T09:54:06","modified_gmt":"2026-04-24T07:54:06","slug":"master","status":"publish","type":"page","link":"https:\/\/www.mb.rub.de\/studium-mb\/master\/","title":{"rendered":"Master"},"content":{"rendered":"<div class=\"teaser-row-wrapper web-cd-uebersicht-title-wrapper\">\r\n  <div class=\"red-mitglieder-wrapper\">\r\n    <div class=\"top-description-wrapper tdw-type-2\" style=\"float: none\">\r\n      <p>\r\n      Alle wichtigen Infos zum Masterstudium im Fach Maschinenbau an unserer Fakult\u00e4t finden Sie hier.\r\n      <\/p>\r\n    <\/div>\r\n  <\/div>\r\n<\/div>\r\n<!--INFO--\r\n<div class=\"field-std-text\">\r\n<div class=\"flex infobox-wrapper\">\r\n<div class=\"infobox-header\">Die Begr\u00fc\u00dfungsveranstaltung f\u00fcr externe Masterstudierende findet statt am <br>Montag, den 13.04.2026 um 08:30 Uhr im IC 04\/408<\/div>\r\n<div class=\"infobox-text\">\r\n<a class=\"infobox-close\" href=\"#\"><\/a>\r\n<\/div>\r\n<\/div>\r\n<\/div>\r\n-->\r\n<!--TEASER INFOANGEBOTE-->\r\n<div class=\"teaser-row-wrapper\">\r\n      <div class=\"highlight \">\r\n        <div class=\"item item-1\"><a href=\"https:\/\/www.mb.rub.de\/studium-mb\/zulassung-master\/\" class=\"hover-layer\">\r\n        \r\n        <div class=\"img-wrapper\">\r\n          <div class=\"img-wrapper-inner\">\r\n           <img loading=\"lazy\" decoding=\"async\" src=\"https:\/\/www.mb.rub.de\/studium-mb\/wp-content\/uploads\/2021\/12\/Beratung2.png\" width=\"804\" height=\"536\" alt=\"\">  \r\n          <\/div>\r\n        <\/div>\r\n      \r\n        <div class=\"article-info-wrapper\">\r\n          <div class=\"article-info-wrapper-inner\">\r\n            <div class=\"dachzeile\">Vor dem Studium<\/div>\r\n            <h2 class=\"headline\">Voraussetzungen &#038; Zulassung<\/h2>\r\n            <div class=\"teaser-text\"><p>Hier finden Sie alle Infos f\u00fcr die Zulassung zum Masterstudiengang Maschinenbau.<\/p><\/div>\r\n          <\/div>\r\n        <\/div>\r\n        <div class=\"hover-indicator\"><\/div>\r\n      <\/a><\/div><div class=\"item item-2\"><a href=\"https:\/\/www.mb.rub.de\/studium-mb\/bachelor\/erste-schritte\/\" class=\"hover-layer\">\r\n        \r\n        <div class=\"img-wrapper\">\r\n          <div class=\"img-wrapper-inner\"><img loading=\"lazy\" decoding=\"async\" src=\"https:\/\/www.mb.rub.de\/studium-mb\/wp-content\/uploads\/2021\/10\/lindsay-henwood-7_kRuX1hSXM-unsplash.jpg\" width=\"804\" height=\"536\"><\/div>\r\n        <\/div>\r\n      \r\n        <div class=\"article-info-wrapper\">\r\n          <div class=\"article-info-wrapper-inner\">\r\n            <div class=\"dachzeile\">Infos<\/div>\r\n            <h2 class=\"headline\">Erste Schritte<\/h2>\r\n            <div class=\"teaser-text\"><p>Sie haben die Zulassung erhalten? Herzlichen Gl\u00fcckwunsch! Was jetzt wichtig ist, lesen Sie hier. <\/p><\/div>\r\n          <\/div>\r\n        <\/div>\r\n        <div class=\"hover-indicator\"><\/div>\r\n      <\/a><\/div>\r\n        <div class=\"clear\"><\/div>\r\n      <\/div>\r\n      <\/div>\r\n<!--TEASER INFOANGEBOTE ENDE-->\r\n<!--TEASER INFOANGEBOTE-->\r\n<div class=\"teaser-row-wrapper\">\r\n      <div class=\"highlight \">\r\n        <div class=\"item item-1\"><a href=\"https:\/\/www.mb.rub.de\/studium-mb\/studieninhalte-master\/\" class=\"hover-layer\">\r\n        \r\n        <div class=\"img-wrapper\">\r\n          <div class=\"img-wrapper-inner\">\r\n           <img loading=\"lazy\" decoding=\"async\" src=\"https:\/\/www.mb.rub.de\/studium-mb\/wp-content\/uploads\/2021\/12\/Hoersaal_3.png\" width=\"804\" height=\"536\" alt=\"\">  \r\n          <\/div>\r\n        <\/div>\r\n      \r\n        <div class=\"article-info-wrapper\">\r\n          <div class=\"article-info-wrapper-inner\">\r\n            <div class=\"dachzeile\">Infos<\/div>\r\n            <h2 class=\"headline\">Studieninhalte<\/h2>\r\n            <div class=\"teaser-text\"><p>Warum gerade Grundlagenwissen in den Ingenieurwissenschaften besonders wichtig ist wie ihr im Studium euer ganz individuelles Profil entwickeln k\u00f6nnt, lesen Sie hier. <\/p><\/div>\r\n          <\/div>\r\n        <\/div>\r\n        <div class=\"hover-indicator\"><\/div>\r\n      <\/a><\/div><div class=\"item item-2\"><a href=\" https:\/\/www.mb.rub.de\/studium-mb\/vertiefungen\/\" class=\"hover-layer\">\r\n        \r\n        <div class=\"img-wrapper\">\r\n          <div class=\"img-wrapper-inner\"><img loading=\"lazy\" decoding=\"async\" src=\"https:\/\/www.mb.rub.de\/wp-content\/uploads\/2021\/07\/LF3.png\" width=\"804\" height=\"536\"><\/div>\r\n        <\/div>\r\n      \r\n        <div class=\"article-info-wrapper\">\r\n          <div class=\"article-info-wrapper-inner\">\r\n            <div class=\"dachzeile\">Infos<\/div>\r\n            <h2 class=\"headline\">Vertiefungen<\/h2>\r\n            <div class=\"teaser-text\"><p>Mit der in den ersten vier Semestern erworbenen Wissensbasis stehen ab dem f\u00fcnften Semester f\u00fcnf moderne Studienschwerpunkte mit innovativen Schwerpunktprofilen zur Wahl. <\/p><\/div>\r\n          <\/div>\r\n        <\/div>\r\n        <div class=\"hover-indicator\"><\/div>\r\n      <\/a><\/div>\r\n        <div class=\"clear\"><\/div>\r\n      <\/div>\r\n      <\/div>\r\n<!--VF Pr\u00fcfungsamt-->\r\n<div class=\"teaser-row-wrapper full\">\r\n      <div class=\"button-further web-cd-standard redaktion\">\r\n        <a href=\"https:\/\/www.mb.rub.de\/fakultaet\/pruefungsamt\/\" class=\"hover-layer\" rel=\"noopener\" target=\"_blank\">\r\n    \r\n    <div class=\"img-wrapper\">\r\n      <div class=\"img-wrapper-inner\">\r\n        &nbsp;\r\n      <\/div>\r\n    <\/div>\r\n  \r\n    <div class=\"article-info-wrapper\">\r\n      <div class=\"article-info-wrapper-inner\">\r\n        <div class=\"headline\">Pr\u00fcfungsamt<\/div>\r\n        <div class=\"button-arrow-wrapper no-link\">\r\n          <span class=\"button-arrow-arrow\"><!-- --><\/span>\r\n          <span class=\"button-arrow-text\">Zur Seite<\/span>\r\n        <\/div>\r\n      <\/div>\r\n    <\/div>\r\n    <div class=\"clear\"><\/div>\r\n  <\/a>\r\n   <\/div>\r\n  <\/div>\r\n<!--VF Pr\u00fcfungsamt ENDE-->\r\n<!--VF Moodle-->\r\n<div class=\"teaser-row-wrapper full\">\r\n      <div class=\"button-further web-cd-standard papierflieger\">\r\n        <a href=\"https:\/\/www.mb.rub.de\/studium\/moodle\/\" class=\"hover-layer\" rel=\"noopener\" target=\"_blank\">\r\n    \r\n    <div class=\"img-wrapper\">\r\n      <div class=\"img-wrapper-inner\">\r\n        &nbsp;\r\n      <\/div>\r\n    <\/div>\r\n  \r\n    <div class=\"article-info-wrapper\">\r\n      <div class=\"article-info-wrapper-inner\">\r\n        <div class=\"headline\">Moodle<\/div>\r\n        <div class=\"button-arrow-wrapper no-link\">\r\n          <span class=\"button-arrow-arrow\"><!-- --><\/span>\r\n          <span class=\"button-arrow-text\">Zur Seite<\/span>\r\n        <\/div>\r\n      <\/div>\r\n    <\/div>\r\n    <div class=\"clear\"><\/div>\r\n  <\/a>\r\n   <\/div>\r\n   <\/div>\r\n<!--VF Moodle ENDE-->\r\n<!--VF Unterst\u00fctzung-->\r\n<div class=\"teaser-row-wrapper full\">\r\n      <div class=\"button-further web-cd-standard fragezeichen\">\r\n        <a href=\"https:\/\/www.mb.rub.de\/unterstuetzungsangebote\/\" class=\"hover-layer\">\r\n    \r\n    <div class=\"img-wrapper\">\r\n      <div class=\"img-wrapper-inner\">\r\n        &nbsp;\r\n      <\/div>\r\n    <\/div>\r\n  \r\n    <div class=\"article-info-wrapper\">\r\n      <div class=\"article-info-wrapper-inner\">\r\n        <div class=\"headline\">Unterst\u00fctzungsangebote im Studium<\/div>\r\n        <div class=\"button-arrow-wrapper no-link\">\r\n          <span class=\"button-arrow-arrow\"><!-- --><\/span>\r\n          <span class=\"button-arrow-text\">\u00dcbersicht<\/span>\r\n        <\/div>\r\n      <\/div>\r\n    <\/div>\r\n    <div class=\"clear\"><\/div>\r\n  <\/a>\r\n   <\/div>\r\n  <\/div>\r\n<!--VF Unterst\u00fctzung ENDE-->\r\n<!--VF Ausland-->\r\n<div class=\"teaser-row-wrapper full\">\r\n      <div class=\"button-further web-cd-standard weltkugel\">\r\n        <a href=\"https:\/\/www.mb.rub.de\/studium\/internationales\/\" class=\"hover-layer\">\r\n    \r\n    <div class=\"img-wrapper\">\r\n      <div class=\"img-wrapper-inner\">\r\n        &nbsp;\r\n      <\/div>\r\n    <\/div>\r\n  \r\n    <div class=\"article-info-wrapper\">\r\n      <div class=\"article-info-wrapper-inner\">\r\n        <div class=\"headline\">Studieren im Ausland<\/div>\r\n        <div class=\"button-arrow-wrapper no-link\">\r\n          <span class=\"button-arrow-arrow\"><!-- --><\/span>\r\n          <span class=\"button-arrow-text\">\u00dcbersicht<\/span>\r\n        <\/div>\r\n      <\/div>\r\n    <\/div>\r\n    <div class=\"clear\"><\/div>\r\n  <\/a>\r\n   <\/div>\r\n  <\/div>\r\n<!--VF Ausland ENDE-->\r\n<!--VF Alumni-->\r\n<div class=\"teaser-row-wrapper full\">\r\n      <div class=\"button-further web-cd-standard doktorhut\">\r\n        <a href=\"https:\/\/www.mb.rub.de\/studium\/alumni-netzwerk\/\" class=\"hover-layer\">\r\n    \r\n    <div class=\"img-wrapper\">\r\n      <div class=\"img-wrapper-inner\">\r\n        &nbsp;\r\n      <\/div>\r\n    <\/div>\r\n  \r\n    <div class=\"article-info-wrapper\">\r\n      <div class=\"article-info-wrapper-inner\">\r\n        <div class=\"headline\">f\u00fcr (angehende) Absolvent*innen<\/div>\r\n        <div class=\"button-arrow-wrapper no-link\">\r\n          <span class=\"button-arrow-arrow\"><!-- --><\/span>\r\n          <span class=\"button-arrow-text\">Alumni-Netzwerk<\/span>\r\n        <\/div>\r\n      <\/div>\r\n    <\/div>\r\n    <div class=\"clear\"><\/div>\r\n  <\/a>\r\n   <\/div>\r\n  <\/div>\r\n<!--VF Alumni ENDE-->\r\n<!--VF Fachschaften-->\r\n<div class=\"teaser-row-wrapper full\">\r\n      <div class=\"button-further web-cd-standard sprechblasen\">\r\n        <a href=\"https:\/\/www.mb.rub.de\/studium\/fachschaften\/\" class=\"hover-layer\">\r\n    \r\n    <div class=\"img-wrapper\">\r\n      <div class=\"img-wrapper-inner\">\r\n        &nbsp;\r\n      <\/div>\r\n    <\/div>\r\n  \r\n    <div class=\"article-info-wrapper\">\r\n      <div class=\"article-info-wrapper-inner\">\r\n        <div class=\"headline\">Fachschaften<\/div>\r\n        <div class=\"button-arrow-wrapper no-link\">\r\n          <span class=\"button-arrow-arrow\"><!-- --><\/span>\r\n          <span class=\"button-arrow-text\">Zur Seite<\/span>\r\n        <\/div>\r\n      <\/div>\r\n    <\/div>\r\n    <div class=\"clear\"><\/div>\r\n  <\/a>\r\n   <\/div>\r\n  <\/div>\r\n<!--VF Fachschaften ENDE-->\r\n<!--VF Fakult\u00e4t-->\r\n<div class=\"teaser-row-wrapper full\">\r\n      <div class=\"button-further web-cd-standard papierflieger\">\r\n        <a href=\"https:\/\/www.mb.rub.de\/\" class=\"hover-layer\">\r\n    \r\n    <div class=\"img-wrapper\">\r\n      <div class=\"img-wrapper-inner\">\r\n        &nbsp;\r\n      <\/div>\r\n    <\/div>\r\n  \r\n    <div class=\"article-info-wrapper\">\r\n      <div class=\"article-info-wrapper-inner\">\r\n        <div class=\"headline\">Fakult\u00e4t f\u00fcr Maschinenbau<\/div>\r\n        <div class=\"button-arrow-wrapper no-link\">\r\n          <span class=\"button-arrow-arrow\"><!-- --><\/span>\r\n          <span class=\"button-arrow-text\">Zur Webseite<\/span>\r\n        <\/div>\r\n      <\/div>\r\n    <\/div>\r\n    <div class=\"clear\"><\/div>\r\n  <\/a>\r\n   <\/div>\r\n  <\/div>\r\n <!--VF Fakult\u00e4t ENDE-->     ","protected":false},"excerpt":{"rendered":"Alle wichtigen Infos zum Masterstudium im Fach Maschinenbau an unserer Fakult\u00e4t finden Sie hier. Vor dem Studium Voraussetzungen &#038; Zulassung Hier finden Sie alle Infos f\u00fcr die Zulassung zum Masterstudiengang Maschinenbau. Infos Erste Schritte Sie haben die Zulassung erhalten? Herzlichen Gl\u00fcckwunsch! Was jetzt wichtig ist, lesen Sie hier. Infos Studieninhalte Warum gerade Grundlagenwissen in den [&hellip;]","protected":false},"author":6,"featured_media":0,"parent":0,"menu_order":0,"comment_status":"closed","ping_status":"closed","template":"page-teaser.php","meta":{"footnotes":""},"class_list":["post-9","page","type-page","status-publish","hentry"],"yoast_head":"<!-- This site is optimized with the Yoast SEO plugin v27.5 - https:\/\/yoast.com\/product\/yoast-seo-wordpress\/ -->\n<title>Master - Studiengang Maschinenbau - Ruhr-Universit\u00e4t Bochum<\/title>\n<meta name=\"description\" content=\"Alle wichtigen Infos zum Master im Fach Maschinenbau an unserer Fakult\u00e4t finden Sie hier.\" \/>\n<meta name=\"robots\" content=\"index, follow, max-snippet:-1, max-image-preview:large, max-video-preview:-1\" \/>\n<link rel=\"canonical\" href=\"https:\/\/www.mb.rub.de\/studium-mb\/master\/\" \/>\n<meta property=\"og:locale\" content=\"de_DE\" \/>\n<meta property=\"og:type\" content=\"article\" \/>\n<meta property=\"og:title\" content=\"Master - Studiengang Maschinenbau - Ruhr-Universit\u00e4t Bochum\" \/>\n<meta property=\"og:description\" content=\"Alle wichtigen Infos zum Master im Fach Maschinenbau an unserer Fakult\u00e4t finden Sie hier.\" \/>\n<meta property=\"og:url\" content=\"https:\/\/www.mb.rub.de\/studium-mb\/master\/\" \/>\n<meta property=\"og:site_name\" content=\"Studiengang Maschinenbau - Ruhr-Universit\u00e4t Bochum\" \/>\n<meta property=\"article:modified_time\" content=\"2026-04-24T07:54:06+00:00\" \/>\n<meta property=\"og:image\" content=\"https:\/\/www.mb.rub.de\/studium-mb\/wp-content\/uploads\/2021\/12\/Beratung2.png\" \/>\n<meta name=\"twitter:card\" content=\"summary_large_image\" \/>\n<meta name=\"twitter:label1\" content=\"Gesch\u00e4tzte Lesezeit\" \/>\n\t<meta name=\"twitter:data1\" content=\"2\u00a0Minuten\" \/>\n<script type=\"application\/ld+json\" class=\"yoast-schema-graph\">{\"@context\":\"https:\\\/\\\/schema.org\",\"@graph\":[{\"@type\":\"WebPage\",\"@id\":\"https:\\\/\\\/www.mb.rub.de\\\/studium-mb\\\/master\\\/\",\"url\":\"https:\\\/\\\/www.mb.rub.de\\\/studium-mb\\\/master\\\/\",\"name\":\"Master - Studiengang Maschinenbau - Ruhr-Universit\u00e4t Bochum\",\"isPartOf\":{\"@id\":\"https:\\\/\\\/www.mb.rub.de\\\/studium-mb\\\/#website\"},\"primaryImageOfPage\":{\"@id\":\"https:\\\/\\\/www.mb.rub.de\\\/studium-mb\\\/master\\\/#primaryimage\"},\"image\":{\"@id\":\"https:\\\/\\\/www.mb.rub.de\\\/studium-mb\\\/master\\\/#primaryimage\"},\"thumbnailUrl\":\"https:\\\/\\\/www.mb.rub.de\\\/studium-mb\\\/wp-content\\\/uploads\\\/2021\\\/12\\\/Beratung2.png\",\"datePublished\":\"2022-03-30T10:00:55+00:00\",\"dateModified\":\"2026-04-24T07:54:06+00:00\",\"description\":\"Alle wichtigen Infos zum Master im Fach Maschinenbau an unserer Fakult\u00e4t finden Sie hier.\",\"breadcrumb\":{\"@id\":\"https:\\\/\\\/www.mb.rub.de\\\/studium-mb\\\/master\\\/#breadcrumb\"},\"inLanguage\":\"de\",\"potentialAction\":[{\"@type\":\"ReadAction\",\"target\":[\"https:\\\/\\\/www.mb.rub.de\\\/studium-mb\\\/master\\\/\"]}]},{\"@type\":\"ImageObject\",\"inLanguage\":\"de\",\"@id\":\"https:\\\/\\\/www.mb.rub.de\\\/studium-mb\\\/master\\\/#primaryimage\",\"url\":\"https:\\\/\\\/www.mb.rub.de\\\/studium-mb\\\/wp-content\\\/uploads\\\/2021\\\/12\\\/Beratung2.png\",\"contentUrl\":\"https:\\\/\\\/www.mb.rub.de\\\/studium-mb\\\/wp-content\\\/uploads\\\/2021\\\/12\\\/Beratung2.png\",\"width\":804,\"height\":536},{\"@type\":\"BreadcrumbList\",\"@id\":\"https:\\\/\\\/www.mb.rub.de\\\/studium-mb\\\/master\\\/#breadcrumb\",\"itemListElement\":[{\"@type\":\"ListItem\",\"position\":1,\"name\":\"Startseite\",\"item\":\"https:\\\/\\\/www.mb.rub.de\\\/studium-mb\\\/\"},{\"@type\":\"ListItem\",\"position\":2,\"name\":\"Master\"}]},{\"@type\":\"WebSite\",\"@id\":\"https:\\\/\\\/www.mb.rub.de\\\/studium-mb\\\/#website\",\"url\":\"https:\\\/\\\/www.mb.rub.de\\\/studium-mb\\\/\",\"name\":\"Studiengang Maschinenbau - Ruhr-Universit\u00e4t Bochum\",\"description\":\"\",\"publisher\":{\"@id\":\"https:\\\/\\\/www.mb.rub.de\\\/studium-mb\\\/#organization\"},\"potentialAction\":[{\"@type\":\"SearchAction\",\"target\":{\"@type\":\"EntryPoint\",\"urlTemplate\":\"https:\\\/\\\/www.mb.rub.de\\\/studium-mb\\\/?s={search_term_string}\"},\"query-input\":{\"@type\":\"PropertyValueSpecification\",\"valueRequired\":true,\"valueName\":\"search_term_string\"}}],\"inLanguage\":\"de\"},{\"@type\":\"Organization\",\"@id\":\"https:\\\/\\\/www.mb.rub.de\\\/studium-mb\\\/#organization\",\"name\":\"Studiengang Maschinenbau - Ruhr-Universit\u00e4t Bochum\",\"url\":\"https:\\\/\\\/www.mb.rub.de\\\/studium-mb\\\/\",\"logo\":{\"@type\":\"ImageObject\",\"inLanguage\":\"de\",\"@id\":\"https:\\\/\\\/www.mb.rub.de\\\/studium-mb\\\/#\\\/schema\\\/logo\\\/image\\\/\",\"url\":\"https:\\\/\\\/www.mb.rub.de\\\/studium-mb\\\/wp-content\\\/uploads\\\/2022\\\/03\\\/MB-Logo-neu_Maschinenbau.svg\",\"contentUrl\":\"https:\\\/\\\/www.mb.rub.de\\\/studium-mb\\\/wp-content\\\/uploads\\\/2022\\\/03\\\/MB-Logo-neu_Maschinenbau.svg\",\"caption\":\"Studiengang Maschinenbau - Ruhr-Universit\u00e4t Bochum\"},\"image\":{\"@id\":\"https:\\\/\\\/www.mb.rub.de\\\/studium-mb\\\/#\\\/schema\\\/logo\\\/image\\\/\"}}]}<\/script>\n<!-- \/ Yoast SEO plugin. -->","yoast_head_json":{"title":"Master - Studiengang Maschinenbau - Ruhr-Universit\u00e4t Bochum","description":"Alle wichtigen Infos zum Master im Fach Maschinenbau an unserer Fakult\u00e4t finden Sie hier.","robots":{"index":"index","follow":"follow","max-snippet":"max-snippet:-1","max-image-preview":"max-image-preview:large","max-video-preview":"max-video-preview:-1"},"canonical":"https:\/\/www.mb.rub.de\/studium-mb\/master\/","og_locale":"de_DE","og_type":"article","og_title":"Master - Studiengang Maschinenbau - Ruhr-Universit\u00e4t Bochum","og_description":"Alle wichtigen Infos zum Master im Fach Maschinenbau an unserer Fakult\u00e4t finden Sie hier.","og_url":"https:\/\/www.mb.rub.de\/studium-mb\/master\/","og_site_name":"Studiengang Maschinenbau - Ruhr-Universit\u00e4t Bochum","article_modified_time":"2026-04-24T07:54:06+00:00","og_image":[{"url":"https:\/\/www.mb.rub.de\/studium-mb\/wp-content\/uploads\/2021\/12\/Beratung2.png","type":"","width":"","height":""}],"twitter_card":"summary_large_image","twitter_misc":{"Gesch\u00e4tzte Lesezeit":"2\u00a0Minuten"},"schema":{"@context":"https:\/\/schema.org","@graph":[{"@type":"WebPage","@id":"https:\/\/www.mb.rub.de\/studium-mb\/master\/","url":"https:\/\/www.mb.rub.de\/studium-mb\/master\/","name":"Master - Studiengang Maschinenbau - Ruhr-Universit\u00e4t Bochum","isPartOf":{"@id":"https:\/\/www.mb.rub.de\/studium-mb\/#website"},"primaryImageOfPage":{"@id":"https:\/\/www.mb.rub.de\/studium-mb\/master\/#primaryimage"},"image":{"@id":"https:\/\/www.mb.rub.de\/studium-mb\/master\/#primaryimage"},"thumbnailUrl":"https:\/\/www.mb.rub.de\/studium-mb\/wp-content\/uploads\/2021\/12\/Beratung2.png","datePublished":"2022-03-30T10:00:55+00:00","dateModified":"2026-04-24T07:54:06+00:00","description":"Alle wichtigen Infos zum Master im Fach Maschinenbau an unserer Fakult\u00e4t finden Sie hier.","breadcrumb":{"@id":"https:\/\/www.mb.rub.de\/studium-mb\/master\/#breadcrumb"},"inLanguage":"de","potentialAction":[{"@type":"ReadAction","target":["https:\/\/www.mb.rub.de\/studium-mb\/master\/"]}]},{"@type":"ImageObject","inLanguage":"de","@id":"https:\/\/www.mb.rub.de\/studium-mb\/master\/#primaryimage","url":"https:\/\/www.mb.rub.de\/studium-mb\/wp-content\/uploads\/2021\/12\/Beratung2.png","contentUrl":"https:\/\/www.mb.rub.de\/studium-mb\/wp-content\/uploads\/2021\/12\/Beratung2.png","width":804,"height":536},{"@type":"BreadcrumbList","@id":"https:\/\/www.mb.rub.de\/studium-mb\/master\/#breadcrumb","itemListElement":[{"@type":"ListItem","position":1,"name":"Startseite","item":"https:\/\/www.mb.rub.de\/studium-mb\/"},{"@type":"ListItem","position":2,"name":"Master"}]},{"@type":"WebSite","@id":"https:\/\/www.mb.rub.de\/studium-mb\/#website","url":"https:\/\/www.mb.rub.de\/studium-mb\/","name":"Studiengang Maschinenbau - Ruhr-Universit\u00e4t Bochum","description":"","publisher":{"@id":"https:\/\/www.mb.rub.de\/studium-mb\/#organization"},"potentialAction":[{"@type":"SearchAction","target":{"@type":"EntryPoint","urlTemplate":"https:\/\/www.mb.rub.de\/studium-mb\/?s={search_term_string}"},"query-input":{"@type":"PropertyValueSpecification","valueRequired":true,"valueName":"search_term_string"}}],"inLanguage":"de"},{"@type":"Organization","@id":"https:\/\/www.mb.rub.de\/studium-mb\/#organization","name":"Studiengang Maschinenbau - Ruhr-Universit\u00e4t Bochum","url":"https:\/\/www.mb.rub.de\/studium-mb\/","logo":{"@type":"ImageObject","inLanguage":"de","@id":"https:\/\/www.mb.rub.de\/studium-mb\/#\/schema\/logo\/image\/","url":"https:\/\/www.mb.rub.de\/studium-mb\/wp-content\/uploads\/2022\/03\/MB-Logo-neu_Maschinenbau.svg","contentUrl":"https:\/\/www.mb.rub.de\/studium-mb\/wp-content\/uploads\/2022\/03\/MB-Logo-neu_Maschinenbau.svg","caption":"Studiengang Maschinenbau - Ruhr-Universit\u00e4t Bochum"},"image":{"@id":"https:\/\/www.mb.rub.de\/studium-mb\/#\/schema\/logo\/image\/"}}]}},"_links":{"self":[{"href":"https:\/\/www.mb.rub.de\/studium-mb\/wp-json\/wp\/v2\/pages\/9","targetHints":{"allow":["GET"]}}],"collection":[{"href":"https:\/\/www.mb.rub.de\/studium-mb\/wp-json\/wp\/v2\/pages"}],"about":[{"href":"https:\/\/www.mb.rub.de\/studium-mb\/wp-json\/wp\/v2\/types\/page"}],"author":[{"embeddable":true,"href":"https:\/\/www.mb.rub.de\/studium-mb\/wp-json\/wp\/v2\/users\/6"}],"replies":[{"embeddable":true,"href":"https:\/\/www.mb.rub.de\/studium-mb\/wp-json\/wp\/v2\/comments?post=9"}],"version-history":[{"count":26,"href":"https:\/\/www.mb.rub.de\/studium-mb\/wp-json\/wp\/v2\/pages\/9\/revisions"}],"predecessor-version":[{"id":2274,"href":"https:\/\/www.mb.rub.de\/studium-mb\/wp-json\/wp\/v2\/pages\/9\/revisions\/2274"}],"wp:attachment":[{"href":"https:\/\/www.mb.rub.de\/studium-mb\/wp-json\/wp\/v2\/media?parent=9"}],"curies":[{"name":"wp","href":"https:\/\/api.w.org\/{rel}","templated":true}]}}