{"id":97,"date":"2022-03-30T13:25:03","date_gmt":"2022-03-30T11:25:03","guid":{"rendered":"https:\/\/www.mb.rub.de\/studium-mb\/?page_id=97"},"modified":"2024-02-28T12:36:24","modified_gmt":"2024-02-28T11:36:24","slug":"erste-schritte","status":"publish","type":"page","link":"https:\/\/www.mb.rub.de\/studium-mb\/bachelor\/erste-schritte\/","title":{"rendered":"Erste Schritte"},"content":{"rendered":"<div class=\"field-std-bild-artikel\"><img loading=\"lazy\" decoding=\"async\" class=\"alignnone size-medium wp-image-101\" src=\"https:\/\/www.mb.rub.de\/studium-mb\/wp-content\/uploads\/2021\/10\/lindsay-henwood-7_kRuX1hSXM-unsplash.jpg\" alt=\"\" width=\"300\" height=\"169\"><\/div>\r\n<div class=\"field-bildzeile-custom-\">\r\n<div class=\"bildzeile-wrapper\">\r\n<div class=\"bildzeile-text\"><span class=\"bildzeile-text-inner\">\r\nBildzeile<\/span><\/div>\r\n<span class=\"bildzeile-copyright\">\u00a9&nbsp;Unsplash<\/span>\r\n\r\n<\/div>\r\n<\/div>\r\n<div class=\"content-inner-inner-wrapper\">\r\n<div class=\"field-std-dachzeile\">\r\n<div class=\"field-items\">\r\n<div class=\"field-item even\">Vor dem Studium<\/div>\r\n<\/div>\r\n<\/div>\r\n<h2 class=\"field-std-headline\">Erste Schritte<\/h2>\r\n<div class=\"field-std-teaser\">Sie haben eine Zulassung erhalten? Willkommen an unserer Fakult\u00e4t! Was nun wichtig ist, lesen Sie hier. \r\n<\/div>\r\n<div class=\"field-std-text\">\r\n<h4>Vorkurse (Bachelor)<\/h4>\r\n<p>Die Fakult\u00e4ten f\u00fcr Mathematik und Physik bieten vor jedem Wintersemester Vorkurse in Mathematik f\u00fcr Ingenieur*innen bzw. zu mathematischen Hilfsmitteln der Physik an, die den Einstieg in das Studium erleichtern sollen. Die Vorkurse finden in der Regel im September statt. Die Teilnahme an einem Vorkurs wird empfohlen, ist aber nicht verpflichtend. Weitere Infos zu den Vorkursen <a href=\"https:\/\/studium.ruhr-uni-bochum.de\/de\/vorkurse-fuer-erstsemester\" rel=\"noopener\" target=\"_blank\">finden Sie hier.<\/a>\r\n<\/p> \r\n<h4>Praktikum (Bachelor)<\/h4>\r\n<p>Als wichtige Voraussetzung f\u00fcr ein erfolgreiches Studium und im Hinblick auf die sp\u00e4tere berufliche T\u00e4tigkeit ist die praktische Ausbildung wesentlicher Bestandteil unseres Bachelor-Studienganges Maschinenbau. Daher sind zwei Praktika \u00fcber einen Zeitraum von insgesamt 20 Wochen Pflicht. <br><br>\r\nEin erstes handwerkliches Grundpraktikum von sechs Wochen sollte m\u00f6glichst vor Studienbeginn abgeleistet werden, da w\u00e4hrend des Studiums erfahrungsgem\u00e4\u00df wegen der Pr\u00fcfungen, Hochschulpraktika, Exkursionen usw. in der vorlesungsfreien Zeit wenig Raum daf\u00fcr bleibt. <br><br>\r\nEinen Einblick in die Berufswelt von Ingenieur*innen erhalten unsere Studierenden im Rahmen eines 14-w\u00f6chigen Industriepraktikums, in dem zum Ende des Studiums (im 7. Fachsemester) erlerntes Wissen in der Praxis angewendet wird.\r\n<br><br>\u00bb Weitere Infos hierzu <a href=\"https:\/\/www.mb.rub.de\/studium-mb\/praktikum\/\" rel=\"noopener\" target=\"_blank\">finden Sie hier.<\/a><\/p> \r\n<h4>Einf\u00fchrungsveranstaltungen<\/h4>\r\n<p>Die Einf\u00fchrungsveranstaltungen sollen den Studienanf\u00e4ngern den Studienbeginn erleichtern. Sie erhalten w\u00e4hrend dieser Veranstaltungen wichtige Informationen \u00fcber die Fakult\u00e4t und ihre Einrichtungen sowie Erl\u00e4uterungen zum Studienplan, Studienaufbau und zur Planung der Pr\u00fcfungen. \r\n\r\n<br><br>\u00bb Weitere Infos zu den diesj\u00e4higen Einf\u00fchrungen <a href=\"https:\/\/studium.ruhr-uni-bochum.de\/de\/einfuehrungsveranstaltungen-fuer-erstsemester\" rel=\"noopener\" target=\"_blank\">finden Sie hier.<\/a> <\/p> \r\n<h4>Moodle<\/h4>\r\n<p><a href=\"https:\/\/moodle.ruhr-uni-bochum.de\/\" rel=\"noopener\" target=\"_blank\">Moodle<\/a> ist eine Lernplattform, mit der sich Lerninhalte \u00fcber das Internet bereitstellen lassen. Moodlekurse k\u00f6nnen damit optimal als Erg\u00e4nzung zu Pr\u00e4senzveranstaltungen genutzt werden. Hier werden von der Fakult\u00e4t und von den Lehrenden umfassende Informationen zur Studienorganisation, aber auch zu Lehrveranstaltungen bereitgestellt. Wir empfehlen Ihnen, sich f\u00fcr unseren &#8222;MB-Info&#8220;-Kurs anzumelden. Dar\u00fcber werden Sie mit allen aktuellen und relevanten Infos versorgt. \r\n<br><br>\u00bb<a href=\"https:\/\/moodle.ruhr-uni-bochum.de\/course\/view.php?id=6059\" rel=\"noopener\" target=\"_blank\"> Hier geht es zur Selbsteinschreibung<\/a> in den Kurs. <\/p> \r\n<h4>Flexnow<\/h4> \r\n<p>FlexNow ist eine Webseite, mit der alle Studierenden der ingenieurwissenschaftlichen Fakult\u00e4ten sowie der Fakult\u00e4t f\u00fcr Wirtschaftswissenschaft der RUB ihre Pr\u00fcfungen verwalten. Die Studierenden dieser Fakult\u00e4ten k\u00f6nnen mit FlexNow sich zu Pr\u00fcfungen anmelden oder von Pr\u00fcfungen wieder abmelden. \r\n<br><br>\u00bb Hier finden Sie <a href=\"https:\/\/www.flexnow.ruhr-uni-bochum.de\/\" rel=\"noopener\" target=\"_blank\">weitere Infos<\/a>.<\/p> <\/div>\r\n<div class=\"field-std-text\">\r\n<h4>RUB-E-Mail<\/h4>\r\n<p>Studierende der Ruhr-Universit\u00e4t Bochum erhalten bei der Einschreibung automatisch eine pers\u00f6nliche E-Mail-Adresse der RUB. Diese E-Mail-Adresse ben\u00f6tigen sie zu Nutzung verschiedener Dienste, sie erhalten aber auch wichtige Informationen hier\u00fcber. \r\n<br><br>\u00bb Weitere Infos <a href=\"https:\/\/mail.ruhr-uni-bochum.de\/mail\/\" rel=\"noopener\" target=\"_blank\">finden Sie hier<\/a>. <\/p> \r\n<h4>Stundenplan (Bachelor)<\/h4>\r\n<p>F\u00fcr das erste Semester gibt es noch einen festen Stundenplan, der <a href=\"https:\/\/www.mb.rub.de\/studium-mb\/downloads\/\" rel=\"noopener\" target=\"_blank\">auf dieser Seite aktuell ver\u00f6ffentlicht<\/a> wird. F\u00fcr die folgenden Semester m\u00fcssen die entsprechenden Veranstaltungen aus dem elektronischen Vorlesungsverzeichnis herausgesucht werden. Das Vorlesungsverzeichnis <a href=\"https:\/\/vvz.ruhr-uni-bochum.de\/campus\/all\/fields.asp?group=Vorlesungsverzeichnis&#038;tguid=0x6BD942F2335C413E99E5D61BE54377E5&#038;lang=de\" rel=\"noopener\" target=\"_blank\">finden Sie hier.<\/a> <\/p> \r\n<h4>eCampus<\/h4>\r\n<p>Mithilfe von eCampus l\u00e4sst sich vieles rund um die Studienorganisation bequem von zu Hause oder einem Netzwerkarbeitsplatz am Campus erledigen: Vom Zugang zum pers\u00f6nlichen RUB-Mail-Konto \u00fcber den Druck von Dokumenten wie Studienbescheinigung oder Semesterticket bis hin zum Zugriff auf das Vorlesungsverzeichnis. \r\n<br><br>\u00bb Lesen Sie <a href=\"https:\/\/studium.ruhr-uni-bochum.de\/de\/ecampus-studienorganisation-online\" rel=\"noopener\" target=\"_blank\">hier mehr zu eCampus.<\/a><\/p>\r\n<h4>RUB LoginID<\/h4>\r\n<p>Im Rahmen Ihrer Immatrikulation erhalten Sie eine sogenannte RUB-LoginID. Mit der RUB-LoginID und dem dazugeh\u00f6rigen Passwort k\u00f6nnen sich Studierende der RUB bei den vielf\u00e4ltigen digitalen Diensten der RUB anmelden. <br><br>\u00bb<a href=\"https:\/\/www.it-services.ruhr-uni-bochum.de\/services\/ias\/rub-loginid.html.de\" rel=\"noopener\" target=\"_blank\"> Hier<\/a> finden Sie weitere Informationen.<\/p>\r\n<br><br>\r\n<\/div><\/div>\r\n<div class=\"teaser-row-wrapper full\">\r\n      <div class=\"button-further web-cd-standard youtube\">\r\n        <a href=\"https:\/\/www.youtube.com\/playlist?list=PLANxT1vXkIEywjHt3-BhvfM4SkgOGYa_H\" class=\"hover-layer\" rel=\"noopener\" target=\"_blank\">\r\n    \r\n    <div class=\"img-wrapper\">\r\n      <div class=\"img-wrapper-inner\">\r\n        &nbsp;\r\n      <\/div>\r\n    <\/div>\r\n  \r\n    <div class=\"article-info-wrapper\">\r\n      <div class=\"article-info-wrapper-inner\">\r\n        <div class=\"headline\">Erstis erkl\u00e4ren die RUB<\/div>\r\n        <div class=\"button-arrow-wrapper no-link\">\r\n          <span class=\"button-arrow-arrow\"><!-- --><\/span>\r\n          <span class=\"button-arrow-text\">Jetzt ansehen<\/span>\r\n        <\/div>\r\n      <\/div>\r\n    <\/div>\r\n    <div class=\"clear\"><\/div>\r\n  <\/a>\r\n  \r\n <\/div> <\/div>\r\n\r\n\r\n","protected":false},"excerpt":{"rendered":"Bildzeile \u00a9&nbsp;Unsplash Vor dem Studium Erste Schritte Sie haben eine Zulassung erhalten? Willkommen an unserer Fakult\u00e4t! Was nun wichtig ist, lesen Sie hier. Vorkurse (Bachelor) Die Fakult\u00e4ten f\u00fcr Mathematik und Physik bieten vor jedem Wintersemester Vorkurse in Mathematik f\u00fcr Ingenieur*innen bzw. zu mathematischen Hilfsmitteln der Physik an, die den Einstieg in das Studium erleichtern sollen. [&hellip;]","protected":false},"author":6,"featured_media":0,"parent":7,"menu_order":0,"comment_status":"closed","ping_status":"closed","template":"","meta":{"footnotes":""},"class_list":["post-97","page","type-page","status-publish","hentry"],"yoast_head":"<!-- This site is optimized with the Yoast SEO plugin v27.5 - https:\/\/yoast.com\/product\/yoast-seo-wordpress\/ -->\n<title>Erste Schritte - Studiengang Maschinenbau - Ruhr-Universit\u00e4t Bochum<\/title>\n<meta name=\"description\" content=\"Erste Schritte: Sie haben eine Zulassung f\u00fcr das Fach Maschinenbau erhalten? Herzlich Willkommen! Was nun wichtig ist, lesen Sie hier.\" \/>\n<meta name=\"robots\" content=\"index, follow, max-snippet:-1, max-image-preview:large, max-video-preview:-1\" \/>\n<link rel=\"canonical\" href=\"https:\/\/www.mb.rub.de\/studium-mb\/bachelor\/erste-schritte\/\" \/>\n<meta property=\"og:locale\" content=\"de_DE\" \/>\n<meta property=\"og:type\" content=\"article\" \/>\n<meta property=\"og:title\" content=\"Erste Schritte - Studiengang Maschinenbau - Ruhr-Universit\u00e4t Bochum\" \/>\n<meta property=\"og:description\" content=\"Erste Schritte: Sie haben eine Zulassung f\u00fcr das Fach Maschinenbau erhalten? Herzlich Willkommen! Was nun wichtig ist, lesen Sie hier.\" \/>\n<meta property=\"og:url\" content=\"https:\/\/www.mb.rub.de\/studium-mb\/bachelor\/erste-schritte\/\" \/>\n<meta property=\"og:site_name\" content=\"Studiengang Maschinenbau - Ruhr-Universit\u00e4t Bochum\" \/>\n<meta property=\"article:modified_time\" content=\"2024-02-28T11:36:24+00:00\" \/>\n<meta property=\"og:image\" content=\"https:\/\/www.mb.rub.de\/studium-mb\/wp-content\/uploads\/2021\/10\/lindsay-henwood-7_kRuX1hSXM-unsplash.jpg\" \/>\n<meta name=\"twitter:card\" content=\"summary_large_image\" \/>\n<meta name=\"twitter:label1\" content=\"Gesch\u00e4tzte Lesezeit\" \/>\n\t<meta name=\"twitter:data1\" content=\"4\u00a0Minuten\" \/>\n<script type=\"application\/ld+json\" class=\"yoast-schema-graph\">{\"@context\":\"https:\\\/\\\/schema.org\",\"@graph\":[{\"@type\":\"WebPage\",\"@id\":\"https:\\\/\\\/www.mb.rub.de\\\/studium-mb\\\/bachelor\\\/erste-schritte\\\/\",\"url\":\"https:\\\/\\\/www.mb.rub.de\\\/studium-mb\\\/bachelor\\\/erste-schritte\\\/\",\"name\":\"Erste Schritte - Studiengang Maschinenbau - Ruhr-Universit\u00e4t Bochum\",\"isPartOf\":{\"@id\":\"https:\\\/\\\/www.mb.rub.de\\\/studium-mb\\\/#website\"},\"primaryImageOfPage\":{\"@id\":\"https:\\\/\\\/www.mb.rub.de\\\/studium-mb\\\/bachelor\\\/erste-schritte\\\/#primaryimage\"},\"image\":{\"@id\":\"https:\\\/\\\/www.mb.rub.de\\\/studium-mb\\\/bachelor\\\/erste-schritte\\\/#primaryimage\"},\"thumbnailUrl\":\"https:\\\/\\\/www.mb.rub.de\\\/studium-mb\\\/wp-content\\\/uploads\\\/2021\\\/10\\\/lindsay-henwood-7_kRuX1hSXM-unsplash.jpg\",\"datePublished\":\"2022-03-30T11:25:03+00:00\",\"dateModified\":\"2024-02-28T11:36:24+00:00\",\"description\":\"Erste Schritte: Sie haben eine Zulassung f\u00fcr das Fach Maschinenbau erhalten? Herzlich Willkommen! Was nun wichtig ist, lesen Sie hier.\",\"breadcrumb\":{\"@id\":\"https:\\\/\\\/www.mb.rub.de\\\/studium-mb\\\/bachelor\\\/erste-schritte\\\/#breadcrumb\"},\"inLanguage\":\"de\",\"potentialAction\":[{\"@type\":\"ReadAction\",\"target\":[\"https:\\\/\\\/www.mb.rub.de\\\/studium-mb\\\/bachelor\\\/erste-schritte\\\/\"]}]},{\"@type\":\"ImageObject\",\"inLanguage\":\"de\",\"@id\":\"https:\\\/\\\/www.mb.rub.de\\\/studium-mb\\\/bachelor\\\/erste-schritte\\\/#primaryimage\",\"url\":\"https:\\\/\\\/www.mb.rub.de\\\/studium-mb\\\/wp-content\\\/uploads\\\/2021\\\/10\\\/lindsay-henwood-7_kRuX1hSXM-unsplash.jpg\",\"contentUrl\":\"https:\\\/\\\/www.mb.rub.de\\\/studium-mb\\\/wp-content\\\/uploads\\\/2021\\\/10\\\/lindsay-henwood-7_kRuX1hSXM-unsplash.jpg\",\"width\":640,\"height\":427},{\"@type\":\"BreadcrumbList\",\"@id\":\"https:\\\/\\\/www.mb.rub.de\\\/studium-mb\\\/bachelor\\\/erste-schritte\\\/#breadcrumb\",\"itemListElement\":[{\"@type\":\"ListItem\",\"position\":1,\"name\":\"Startseite\",\"item\":\"https:\\\/\\\/www.mb.rub.de\\\/studium-mb\\\/\"},{\"@type\":\"ListItem\",\"position\":2,\"name\":\"Bachelor\",\"item\":\"https:\\\/\\\/www.mb.rub.de\\\/studium-mb\\\/bachelor\\\/\"},{\"@type\":\"ListItem\",\"position\":3,\"name\":\"Erste Schritte\"}]},{\"@type\":\"WebSite\",\"@id\":\"https:\\\/\\\/www.mb.rub.de\\\/studium-mb\\\/#website\",\"url\":\"https:\\\/\\\/www.mb.rub.de\\\/studium-mb\\\/\",\"name\":\"Studiengang Maschinenbau - Ruhr-Universit\u00e4t Bochum\",\"description\":\"\",\"publisher\":{\"@id\":\"https:\\\/\\\/www.mb.rub.de\\\/studium-mb\\\/#organization\"},\"potentialAction\":[{\"@type\":\"SearchAction\",\"target\":{\"@type\":\"EntryPoint\",\"urlTemplate\":\"https:\\\/\\\/www.mb.rub.de\\\/studium-mb\\\/?s={search_term_string}\"},\"query-input\":{\"@type\":\"PropertyValueSpecification\",\"valueRequired\":true,\"valueName\":\"search_term_string\"}}],\"inLanguage\":\"de\"},{\"@type\":\"Organization\",\"@id\":\"https:\\\/\\\/www.mb.rub.de\\\/studium-mb\\\/#organization\",\"name\":\"Studiengang Maschinenbau - Ruhr-Universit\u00e4t Bochum\",\"url\":\"https:\\\/\\\/www.mb.rub.de\\\/studium-mb\\\/\",\"logo\":{\"@type\":\"ImageObject\",\"inLanguage\":\"de\",\"@id\":\"https:\\\/\\\/www.mb.rub.de\\\/studium-mb\\\/#\\\/schema\\\/logo\\\/image\\\/\",\"url\":\"https:\\\/\\\/www.mb.rub.de\\\/studium-mb\\\/wp-content\\\/uploads\\\/2022\\\/03\\\/MB-Logo-neu_Maschinenbau.svg\",\"contentUrl\":\"https:\\\/\\\/www.mb.rub.de\\\/studium-mb\\\/wp-content\\\/uploads\\\/2022\\\/03\\\/MB-Logo-neu_Maschinenbau.svg\",\"caption\":\"Studiengang Maschinenbau - Ruhr-Universit\u00e4t Bochum\"},\"image\":{\"@id\":\"https:\\\/\\\/www.mb.rub.de\\\/studium-mb\\\/#\\\/schema\\\/logo\\\/image\\\/\"}}]}<\/script>\n<!-- \/ Yoast SEO plugin. -->","yoast_head_json":{"title":"Erste Schritte - Studiengang Maschinenbau - Ruhr-Universit\u00e4t Bochum","description":"Erste Schritte: Sie haben eine Zulassung f\u00fcr das Fach Maschinenbau erhalten? Herzlich Willkommen! Was nun wichtig ist, lesen Sie hier.","robots":{"index":"index","follow":"follow","max-snippet":"max-snippet:-1","max-image-preview":"max-image-preview:large","max-video-preview":"max-video-preview:-1"},"canonical":"https:\/\/www.mb.rub.de\/studium-mb\/bachelor\/erste-schritte\/","og_locale":"de_DE","og_type":"article","og_title":"Erste Schritte - Studiengang Maschinenbau - Ruhr-Universit\u00e4t Bochum","og_description":"Erste Schritte: Sie haben eine Zulassung f\u00fcr das Fach Maschinenbau erhalten? Herzlich Willkommen! Was nun wichtig ist, lesen Sie hier.","og_url":"https:\/\/www.mb.rub.de\/studium-mb\/bachelor\/erste-schritte\/","og_site_name":"Studiengang Maschinenbau - Ruhr-Universit\u00e4t Bochum","article_modified_time":"2024-02-28T11:36:24+00:00","og_image":[{"url":"https:\/\/www.mb.rub.de\/studium-mb\/wp-content\/uploads\/2021\/10\/lindsay-henwood-7_kRuX1hSXM-unsplash.jpg","type":"","width":"","height":""}],"twitter_card":"summary_large_image","twitter_misc":{"Gesch\u00e4tzte Lesezeit":"4\u00a0Minuten"},"schema":{"@context":"https:\/\/schema.org","@graph":[{"@type":"WebPage","@id":"https:\/\/www.mb.rub.de\/studium-mb\/bachelor\/erste-schritte\/","url":"https:\/\/www.mb.rub.de\/studium-mb\/bachelor\/erste-schritte\/","name":"Erste Schritte - Studiengang Maschinenbau - Ruhr-Universit\u00e4t Bochum","isPartOf":{"@id":"https:\/\/www.mb.rub.de\/studium-mb\/#website"},"primaryImageOfPage":{"@id":"https:\/\/www.mb.rub.de\/studium-mb\/bachelor\/erste-schritte\/#primaryimage"},"image":{"@id":"https:\/\/www.mb.rub.de\/studium-mb\/bachelor\/erste-schritte\/#primaryimage"},"thumbnailUrl":"https:\/\/www.mb.rub.de\/studium-mb\/wp-content\/uploads\/2021\/10\/lindsay-henwood-7_kRuX1hSXM-unsplash.jpg","datePublished":"2022-03-30T11:25:03+00:00","dateModified":"2024-02-28T11:36:24+00:00","description":"Erste Schritte: Sie haben eine Zulassung f\u00fcr das Fach Maschinenbau erhalten? Herzlich Willkommen! Was nun wichtig ist, lesen Sie hier.","breadcrumb":{"@id":"https:\/\/www.mb.rub.de\/studium-mb\/bachelor\/erste-schritte\/#breadcrumb"},"inLanguage":"de","potentialAction":[{"@type":"ReadAction","target":["https:\/\/www.mb.rub.de\/studium-mb\/bachelor\/erste-schritte\/"]}]},{"@type":"ImageObject","inLanguage":"de","@id":"https:\/\/www.mb.rub.de\/studium-mb\/bachelor\/erste-schritte\/#primaryimage","url":"https:\/\/www.mb.rub.de\/studium-mb\/wp-content\/uploads\/2021\/10\/lindsay-henwood-7_kRuX1hSXM-unsplash.jpg","contentUrl":"https:\/\/www.mb.rub.de\/studium-mb\/wp-content\/uploads\/2021\/10\/lindsay-henwood-7_kRuX1hSXM-unsplash.jpg","width":640,"height":427},{"@type":"BreadcrumbList","@id":"https:\/\/www.mb.rub.de\/studium-mb\/bachelor\/erste-schritte\/#breadcrumb","itemListElement":[{"@type":"ListItem","position":1,"name":"Startseite","item":"https:\/\/www.mb.rub.de\/studium-mb\/"},{"@type":"ListItem","position":2,"name":"Bachelor","item":"https:\/\/www.mb.rub.de\/studium-mb\/bachelor\/"},{"@type":"ListItem","position":3,"name":"Erste Schritte"}]},{"@type":"WebSite","@id":"https:\/\/www.mb.rub.de\/studium-mb\/#website","url":"https:\/\/www.mb.rub.de\/studium-mb\/","name":"Studiengang Maschinenbau - Ruhr-Universit\u00e4t Bochum","description":"","publisher":{"@id":"https:\/\/www.mb.rub.de\/studium-mb\/#organization"},"potentialAction":[{"@type":"SearchAction","target":{"@type":"EntryPoint","urlTemplate":"https:\/\/www.mb.rub.de\/studium-mb\/?s={search_term_string}"},"query-input":{"@type":"PropertyValueSpecification","valueRequired":true,"valueName":"search_term_string"}}],"inLanguage":"de"},{"@type":"Organization","@id":"https:\/\/www.mb.rub.de\/studium-mb\/#organization","name":"Studiengang Maschinenbau - Ruhr-Universit\u00e4t Bochum","url":"https:\/\/www.mb.rub.de\/studium-mb\/","logo":{"@type":"ImageObject","inLanguage":"de","@id":"https:\/\/www.mb.rub.de\/studium-mb\/#\/schema\/logo\/image\/","url":"https:\/\/www.mb.rub.de\/studium-mb\/wp-content\/uploads\/2022\/03\/MB-Logo-neu_Maschinenbau.svg","contentUrl":"https:\/\/www.mb.rub.de\/studium-mb\/wp-content\/uploads\/2022\/03\/MB-Logo-neu_Maschinenbau.svg","caption":"Studiengang Maschinenbau - Ruhr-Universit\u00e4t Bochum"},"image":{"@id":"https:\/\/www.mb.rub.de\/studium-mb\/#\/schema\/logo\/image\/"}}]}},"_links":{"self":[{"href":"https:\/\/www.mb.rub.de\/studium-mb\/wp-json\/wp\/v2\/pages\/97","targetHints":{"allow":["GET"]}}],"collection":[{"href":"https:\/\/www.mb.rub.de\/studium-mb\/wp-json\/wp\/v2\/pages"}],"about":[{"href":"https:\/\/www.mb.rub.de\/studium-mb\/wp-json\/wp\/v2\/types\/page"}],"author":[{"embeddable":true,"href":"https:\/\/www.mb.rub.de\/studium-mb\/wp-json\/wp\/v2\/users\/6"}],"replies":[{"embeddable":true,"href":"https:\/\/www.mb.rub.de\/studium-mb\/wp-json\/wp\/v2\/comments?post=97"}],"version-history":[{"count":34,"href":"https:\/\/www.mb.rub.de\/studium-mb\/wp-json\/wp\/v2\/pages\/97\/revisions"}],"predecessor-version":[{"id":1771,"href":"https:\/\/www.mb.rub.de\/studium-mb\/wp-json\/wp\/v2\/pages\/97\/revisions\/1771"}],"up":[{"embeddable":true,"href":"https:\/\/www.mb.rub.de\/studium-mb\/wp-json\/wp\/v2\/pages\/7"}],"wp:attachment":[{"href":"https:\/\/www.mb.rub.de\/studium-mb\/wp-json\/wp\/v2\/media?parent=97"}],"curies":[{"name":"wp","href":"https:\/\/api.w.org\/{rel}","templated":true}]}}