{"id":72,"date":"2022-03-30T12:19:47","date_gmt":"2022-03-30T10:19:47","guid":{"rendered":"https:\/\/www.mb.rub.de\/studium-sepm\/?page_id=72"},"modified":"2022-04-08T08:29:56","modified_gmt":"2022-04-08T06:29:56","slug":"vertiefungen","status":"publish","type":"page","link":"https:\/\/www.mb.rub.de\/studium-sepm\/bachelor\/vertiefungen\/","title":{"rendered":"Vertiefungen"},"content":{"rendered":"<div class=\"field-std-bild-artikel\"><img loading=\"lazy\" decoding=\"async\" class=\"alignnone size-medium wp-image-101\" src=\"https:\/\/www.mb.rub.de\/studium-sepm\/wp-content\/uploads\/2022\/01\/SEPM2.png\" alt=\"\" width=\"300\" height=\"169\" \/><\/div>\r\n<div class=\"field-bildzeile-custom-\">\r\n<div class=\"bildzeile-wrapper\">\r\n<div class=\"bildzeile-text\"><span class=\"bildzeile-text-inner\">\r\nBildzeile<\/span><\/div>\r\n<span class=\"bildzeile-copyright\">\u00a9\u00a0Privat<\/span>\r\n\r\n<\/div>\r\n<\/div>\r\n<div class=\"content-inner-inner-wrapper\">\r\n<div class=\"field-std-dachzeile\">\r\n<div class=\"field-items\">\r\n<div class=\"field-item even\">Im Studium<\/div>\r\n<\/div>\r\n<\/div>\r\n<h2 class=\"field-std-headline\">Vertiefungen<\/h2>\r\n<div class=\"field-std-teaser\">Die Studierenden des Studiengangs \u201eSales Engineering and Product Management\u201c erwerben Kompetenzen aus zwei Kompetenzfeldern.<\/div>\r\n<div class=\"field-std-text\">\r\n\r\n<h4>Vertriebs-, Produkt- und Servicemanagementkompetenzen<\/h4>\r\n<p>Lehrinhalte des Vertriebs-, Service- und Produktmanagement machen einen gro\u00dfen Teil der Lehrveranstaltungen aus, wie zum Beispiel Moderations- und Kommunikationsf\u00e4higkeiten. Denn neben technischem Know-how sind die sogenannten \u201esoft skills&#8220;, wie Verhandlungsgeschick und sicheres Auftreten, von gro\u00dfer Bedeutung.\r\n<br><br>\r\nDie Module des Vertriebs-, Service- und Produktmanagements sind aufgrund ihrer Bedeutung f\u00fcr Ihre Ausbildung von allen Studierenden zu besuchen.\r\n<br><br>\r\nDurch die Verkn\u00fcpfung beider Bereiche wird dem stetig steigenden Bedarf an Ingenieur*innen im Managementbereich und im Umfeld des technischen Vertriebs entgegengewirkt. Somit ist es m\u00f6glich, auftretende Probleme und Anforderungen wahlweise aus verschiedenen Perspektiven zu betrachten. Mit dem Wissen aus beiden Bereichen, dem technischen wie auch dem Vertriebs-, Service- und Produktmanagementbereich, gelingt es Ihnen, Aufgabenstellungen an der Schnittstelle von Markt und Unternehmen zielgerichtet und anwendungsnah zu l\u00f6sen.<br><br><\/p>\r\n<h4>Technische Kompetenzen<\/h4>\r\n<p>Maschinenbau-technische Lehrinhalte machen den Gro\u00dfteil des Lehrangebots im Fach SEPM aus.<br><br>\r\nMit der in den ersten vier Semestern erworbenen Wissensbasis stehen ab dem f\u00fcnften Semester drei moderne Studienschwerpunkte mit innovativen Schwerpunktprofilen zur Wahl.\r\nDie verschiedenen Schwerpunkte erlauben eine Wahl der Ausbildung in weiten Grenzen und mit unterschiedlicher inhaltlicher Auspr\u00e4gung. Sie geben auch einen Einblick in die vielf\u00e4ltigen M\u00f6glichkeiten und Chancen, die sich hinter dem Begriff Maschinenbau verbergen. Im Folgenden werden die einzelnen Schwerpunkte kurz skizziert.<br><br>\r\n<strong>Maschinen- und Automatisierungssysteme (MAS)<\/strong><br><br>\r\nVon der Idee zum erfolgreichen Produkt: Innovative Geister k\u00f6nnen sich in dieser Vertiefungsrichtung so richtig austoben! Denn hier steht der gesamte Entstehungsprozess von der methodischen Entwicklung bis hin zur automatisierten Produktion steht im Mittelpunkt.<br><br>\r\nIn fortschrittlichen Laboren wird hier unter Einsatz moderner IT- L\u00f6sungen, wie zum Beispiel VR-Anwendungen, das Know-how zur Planung und Umsetzung von Produkten weitergegeben. Studierende k\u00f6nnen zudem in Forschungs- und Industrieprojekten mitwirken und schon heute die Technik von morgen erleben.<br><br>\r\n<strong>Energie- und Verfahrenstechnik (EVT)<\/strong><br><br>\r\nDie Energie- und Verfahrenstechnik z\u00e4hlt zu den grundlegenden Techniken, ohne die unsere moderne Gesellschaft nicht denkbar w\u00e4re. So spielt beispielsweise die Energie- und Rohstoffwende hier eine ganz entscheidende Rolle. Die Verfahrenstechnik muss in Zukunft ohne fossile Ausgangsstoffe auskommen \u2013 nachwachsende biologische Materialien, Kohlendioxid und Wasserstoff ersetzen hier \u00d6l und Gas.\r\nIn der Energietechnik sind die Stabilit\u00e4t von Stromnetzen und die Koppelung von W\u00e4rme- und Stromversorgung zentrale Themen.<br><br>\r\n<strong>Werkstoff- und Microengineering (WME)<\/strong><br><br>\r\nDer Fortschritt bei vielen Innovationen wird heute oftmals noch durch Probleme mit den eingesetzten Materialien ausgebremst. Daher besch\u00e4ftigt sich der Schwerpunkt Werkstoff- und Microengineering mit zahlreichen aktuellen Entwicklungen.\r\n<br><br>\r\nDazu geh\u00f6ren z.B. die Entwicklung neuer Werkstoffe f\u00fcr die Fahrzeug- und Flugzeugindustrie, intelligente Werkstoffl\u00f6sungen in der Medizintechnik, der Verfahrenstechnik und dem Umweltschutz.\r\n<\/p>\r\n<div class=\"field-std-text\">\r\n<div class=\"flex infobox-wrapper \">\r\n<div class=\"infobox-header\">Bitte beachten Sie!<\/div>\r\n<div class=\"infobox-text\">\r\n<p>\r\nSinnvollerweise ist sowohl im Bachelor- als auch im Masterstudiengang der gleiche Studienschwerpunkt zu w\u00e4hlen. Ein Wechsel der Vertiefungsrichtung ist jedoch grunds\u00e4tzlich m\u00f6glich.\r\n\r\n<\/p>\r\n<\/div>\r\n<\/div>\r\n<\/div>\r\n<\/div>\r\n<\/div>","protected":false},"excerpt":{"rendered":"Bildzeile \u00a9\u00a0Privat Im Studium Vertiefungen Die Studierenden des Studiengangs \u201eSales Engineering and Product Management\u201c erwerben Kompetenzen aus zwei Kompetenzfeldern. Vertriebs-, Produkt- und Servicemanagementkompetenzen Lehrinhalte des Vertriebs-, Service- und Produktmanagement machen einen gro\u00dfen Teil der Lehrveranstaltungen aus, wie zum Beispiel Moderations- und Kommunikationsf\u00e4higkeiten. Denn neben technischem Know-how sind die sogenannten \u201esoft skills&#8220;, wie Verhandlungsgeschick und sicheres [&hellip;]","protected":false},"author":4,"featured_media":0,"parent":7,"menu_order":0,"comment_status":"closed","ping_status":"closed","template":"","meta":{"footnotes":""},"class_list":["post-72","page","type-page","status-publish","hentry"],"yoast_head":"<!-- This site is optimized with the Yoast SEO plugin v27.5 - https:\/\/yoast.com\/product\/yoast-seo-wordpress\/ -->\n<title>Vertiefungen - Studiengang SEPM - RUB<\/title>\n<meta name=\"description\" content=\"Die Studierenden des Studiengangs \u201eSales Engineering and Product Management\u201c erwerben Kompetenzen aus zwei Kompetenzfeldern.\" \/>\n<meta name=\"robots\" content=\"index, follow, max-snippet:-1, max-image-preview:large, max-video-preview:-1\" \/>\n<link rel=\"canonical\" href=\"https:\/\/www.mb.rub.de\/studium-sepm\/bachelor\/vertiefungen\/\" \/>\n<meta property=\"og:locale\" content=\"de_DE\" \/>\n<meta property=\"og:type\" content=\"article\" \/>\n<meta property=\"og:title\" content=\"Vertiefungen - Studiengang SEPM - RUB\" \/>\n<meta property=\"og:description\" content=\"Die Studierenden des Studiengangs \u201eSales Engineering and Product Management\u201c erwerben Kompetenzen aus zwei Kompetenzfeldern.\" \/>\n<meta property=\"og:url\" content=\"https:\/\/www.mb.rub.de\/studium-sepm\/bachelor\/vertiefungen\/\" \/>\n<meta property=\"og:site_name\" content=\"Studiengang Sales Engineering and Product Management - Ruhr-Universit\u00e4t Bochum\" \/>\n<meta property=\"article:modified_time\" content=\"2022-04-08T06:29:56+00:00\" \/>\n<meta property=\"og:image\" content=\"https:\/\/www.mb.rub.de\/studium-sepm\/wp-content\/uploads\/2022\/01\/SEPM2.png\" \/>\n<meta name=\"twitter:card\" content=\"summary_large_image\" \/>\n<meta name=\"twitter:label1\" content=\"Gesch\u00e4tzte Lesezeit\" \/>\n\t<meta name=\"twitter:data1\" content=\"2\u00a0Minuten\" \/>\n<script type=\"application\/ld+json\" class=\"yoast-schema-graph\">{\"@context\":\"https:\\\/\\\/schema.org\",\"@graph\":[{\"@type\":\"WebPage\",\"@id\":\"https:\\\/\\\/www.mb.rub.de\\\/studium-sepm\\\/bachelor\\\/vertiefungen\\\/\",\"url\":\"https:\\\/\\\/www.mb.rub.de\\\/studium-sepm\\\/bachelor\\\/vertiefungen\\\/\",\"name\":\"Vertiefungen - Studiengang SEPM - RUB\",\"isPartOf\":{\"@id\":\"https:\\\/\\\/www.mb.rub.de\\\/studium-sepm\\\/#website\"},\"primaryImageOfPage\":{\"@id\":\"https:\\\/\\\/www.mb.rub.de\\\/studium-sepm\\\/bachelor\\\/vertiefungen\\\/#primaryimage\"},\"image\":{\"@id\":\"https:\\\/\\\/www.mb.rub.de\\\/studium-sepm\\\/bachelor\\\/vertiefungen\\\/#primaryimage\"},\"thumbnailUrl\":\"https:\\\/\\\/www.mb.rub.de\\\/studium-sepm\\\/wp-content\\\/uploads\\\/2022\\\/01\\\/SEPM2.png\",\"datePublished\":\"2022-03-30T10:19:47+00:00\",\"dateModified\":\"2022-04-08T06:29:56+00:00\",\"description\":\"Die Studierenden des Studiengangs \u201eSales Engineering and Product Management\u201c erwerben Kompetenzen aus zwei Kompetenzfeldern.\",\"breadcrumb\":{\"@id\":\"https:\\\/\\\/www.mb.rub.de\\\/studium-sepm\\\/bachelor\\\/vertiefungen\\\/#breadcrumb\"},\"inLanguage\":\"de\",\"potentialAction\":[{\"@type\":\"ReadAction\",\"target\":[\"https:\\\/\\\/www.mb.rub.de\\\/studium-sepm\\\/bachelor\\\/vertiefungen\\\/\"]}]},{\"@type\":\"ImageObject\",\"inLanguage\":\"de\",\"@id\":\"https:\\\/\\\/www.mb.rub.de\\\/studium-sepm\\\/bachelor\\\/vertiefungen\\\/#primaryimage\",\"url\":\"https:\\\/\\\/www.mb.rub.de\\\/studium-sepm\\\/wp-content\\\/uploads\\\/2022\\\/01\\\/SEPM2.png\",\"contentUrl\":\"https:\\\/\\\/www.mb.rub.de\\\/studium-sepm\\\/wp-content\\\/uploads\\\/2022\\\/01\\\/SEPM2.png\",\"width\":804,\"height\":536},{\"@type\":\"BreadcrumbList\",\"@id\":\"https:\\\/\\\/www.mb.rub.de\\\/studium-sepm\\\/bachelor\\\/vertiefungen\\\/#breadcrumb\",\"itemListElement\":[{\"@type\":\"ListItem\",\"position\":1,\"name\":\"Startseite\",\"item\":\"https:\\\/\\\/www.mb.rub.de\\\/studium-sepm\\\/\"},{\"@type\":\"ListItem\",\"position\":2,\"name\":\"Bachelor\",\"item\":\"https:\\\/\\\/www.mb.rub.de\\\/studium-sepm\\\/bachelor\\\/\"},{\"@type\":\"ListItem\",\"position\":3,\"name\":\"Vertiefungen\"}]},{\"@type\":\"WebSite\",\"@id\":\"https:\\\/\\\/www.mb.rub.de\\\/studium-sepm\\\/#website\",\"url\":\"https:\\\/\\\/www.mb.rub.de\\\/studium-sepm\\\/\",\"name\":\"Studiengang Sales Engineering and Product Management - Ruhr-Universit\u00e4t Bochum\",\"description\":\"\",\"publisher\":{\"@id\":\"https:\\\/\\\/www.mb.rub.de\\\/studium-sepm\\\/#organization\"},\"potentialAction\":[{\"@type\":\"SearchAction\",\"target\":{\"@type\":\"EntryPoint\",\"urlTemplate\":\"https:\\\/\\\/www.mb.rub.de\\\/studium-sepm\\\/?s={search_term_string}\"},\"query-input\":{\"@type\":\"PropertyValueSpecification\",\"valueRequired\":true,\"valueName\":\"search_term_string\"}}],\"inLanguage\":\"de\"},{\"@type\":\"Organization\",\"@id\":\"https:\\\/\\\/www.mb.rub.de\\\/studium-sepm\\\/#organization\",\"name\":\"Studiengang Sales Engineering and Product Management - Ruhr-Universit\u00e4t Bochum\",\"url\":\"https:\\\/\\\/www.mb.rub.de\\\/studium-sepm\\\/\",\"logo\":{\"@type\":\"ImageObject\",\"inLanguage\":\"de\",\"@id\":\"https:\\\/\\\/www.mb.rub.de\\\/studium-sepm\\\/#\\\/schema\\\/logo\\\/image\\\/\",\"url\":\"https:\\\/\\\/www.mb.rub.de\\\/studium-sepm\\\/wp-content\\\/uploads\\\/2022\\\/03\\\/MB-Logo-neu_SEPM.svg\",\"contentUrl\":\"https:\\\/\\\/www.mb.rub.de\\\/studium-sepm\\\/wp-content\\\/uploads\\\/2022\\\/03\\\/MB-Logo-neu_SEPM.svg\",\"caption\":\"Studiengang Sales Engineering and Product Management - Ruhr-Universit\u00e4t Bochum\"},\"image\":{\"@id\":\"https:\\\/\\\/www.mb.rub.de\\\/studium-sepm\\\/#\\\/schema\\\/logo\\\/image\\\/\"}}]}<\/script>\n<!-- \/ Yoast SEO plugin. -->","yoast_head_json":{"title":"Vertiefungen - Studiengang SEPM - RUB","description":"Die Studierenden des Studiengangs \u201eSales Engineering and Product Management\u201c erwerben Kompetenzen aus zwei Kompetenzfeldern.","robots":{"index":"index","follow":"follow","max-snippet":"max-snippet:-1","max-image-preview":"max-image-preview:large","max-video-preview":"max-video-preview:-1"},"canonical":"https:\/\/www.mb.rub.de\/studium-sepm\/bachelor\/vertiefungen\/","og_locale":"de_DE","og_type":"article","og_title":"Vertiefungen - Studiengang SEPM - RUB","og_description":"Die Studierenden des Studiengangs \u201eSales Engineering and Product Management\u201c erwerben Kompetenzen aus zwei Kompetenzfeldern.","og_url":"https:\/\/www.mb.rub.de\/studium-sepm\/bachelor\/vertiefungen\/","og_site_name":"Studiengang Sales Engineering and Product Management - Ruhr-Universit\u00e4t Bochum","article_modified_time":"2022-04-08T06:29:56+00:00","og_image":[{"url":"https:\/\/www.mb.rub.de\/studium-sepm\/wp-content\/uploads\/2022\/01\/SEPM2.png","type":"","width":"","height":""}],"twitter_card":"summary_large_image","twitter_misc":{"Gesch\u00e4tzte Lesezeit":"2\u00a0Minuten"},"schema":{"@context":"https:\/\/schema.org","@graph":[{"@type":"WebPage","@id":"https:\/\/www.mb.rub.de\/studium-sepm\/bachelor\/vertiefungen\/","url":"https:\/\/www.mb.rub.de\/studium-sepm\/bachelor\/vertiefungen\/","name":"Vertiefungen - Studiengang SEPM - RUB","isPartOf":{"@id":"https:\/\/www.mb.rub.de\/studium-sepm\/#website"},"primaryImageOfPage":{"@id":"https:\/\/www.mb.rub.de\/studium-sepm\/bachelor\/vertiefungen\/#primaryimage"},"image":{"@id":"https:\/\/www.mb.rub.de\/studium-sepm\/bachelor\/vertiefungen\/#primaryimage"},"thumbnailUrl":"https:\/\/www.mb.rub.de\/studium-sepm\/wp-content\/uploads\/2022\/01\/SEPM2.png","datePublished":"2022-03-30T10:19:47+00:00","dateModified":"2022-04-08T06:29:56+00:00","description":"Die Studierenden des Studiengangs \u201eSales Engineering and Product Management\u201c erwerben Kompetenzen aus zwei Kompetenzfeldern.","breadcrumb":{"@id":"https:\/\/www.mb.rub.de\/studium-sepm\/bachelor\/vertiefungen\/#breadcrumb"},"inLanguage":"de","potentialAction":[{"@type":"ReadAction","target":["https:\/\/www.mb.rub.de\/studium-sepm\/bachelor\/vertiefungen\/"]}]},{"@type":"ImageObject","inLanguage":"de","@id":"https:\/\/www.mb.rub.de\/studium-sepm\/bachelor\/vertiefungen\/#primaryimage","url":"https:\/\/www.mb.rub.de\/studium-sepm\/wp-content\/uploads\/2022\/01\/SEPM2.png","contentUrl":"https:\/\/www.mb.rub.de\/studium-sepm\/wp-content\/uploads\/2022\/01\/SEPM2.png","width":804,"height":536},{"@type":"BreadcrumbList","@id":"https:\/\/www.mb.rub.de\/studium-sepm\/bachelor\/vertiefungen\/#breadcrumb","itemListElement":[{"@type":"ListItem","position":1,"name":"Startseite","item":"https:\/\/www.mb.rub.de\/studium-sepm\/"},{"@type":"ListItem","position":2,"name":"Bachelor","item":"https:\/\/www.mb.rub.de\/studium-sepm\/bachelor\/"},{"@type":"ListItem","position":3,"name":"Vertiefungen"}]},{"@type":"WebSite","@id":"https:\/\/www.mb.rub.de\/studium-sepm\/#website","url":"https:\/\/www.mb.rub.de\/studium-sepm\/","name":"Studiengang Sales Engineering and Product Management - Ruhr-Universit\u00e4t Bochum","description":"","publisher":{"@id":"https:\/\/www.mb.rub.de\/studium-sepm\/#organization"},"potentialAction":[{"@type":"SearchAction","target":{"@type":"EntryPoint","urlTemplate":"https:\/\/www.mb.rub.de\/studium-sepm\/?s={search_term_string}"},"query-input":{"@type":"PropertyValueSpecification","valueRequired":true,"valueName":"search_term_string"}}],"inLanguage":"de"},{"@type":"Organization","@id":"https:\/\/www.mb.rub.de\/studium-sepm\/#organization","name":"Studiengang Sales Engineering and Product Management - Ruhr-Universit\u00e4t Bochum","url":"https:\/\/www.mb.rub.de\/studium-sepm\/","logo":{"@type":"ImageObject","inLanguage":"de","@id":"https:\/\/www.mb.rub.de\/studium-sepm\/#\/schema\/logo\/image\/","url":"https:\/\/www.mb.rub.de\/studium-sepm\/wp-content\/uploads\/2022\/03\/MB-Logo-neu_SEPM.svg","contentUrl":"https:\/\/www.mb.rub.de\/studium-sepm\/wp-content\/uploads\/2022\/03\/MB-Logo-neu_SEPM.svg","caption":"Studiengang Sales Engineering and Product Management - Ruhr-Universit\u00e4t Bochum"},"image":{"@id":"https:\/\/www.mb.rub.de\/studium-sepm\/#\/schema\/logo\/image\/"}}]}},"_links":{"self":[{"href":"https:\/\/www.mb.rub.de\/studium-sepm\/wp-json\/wp\/v2\/pages\/72","targetHints":{"allow":["GET"]}}],"collection":[{"href":"https:\/\/www.mb.rub.de\/studium-sepm\/wp-json\/wp\/v2\/pages"}],"about":[{"href":"https:\/\/www.mb.rub.de\/studium-sepm\/wp-json\/wp\/v2\/types\/page"}],"author":[{"embeddable":true,"href":"https:\/\/www.mb.rub.de\/studium-sepm\/wp-json\/wp\/v2\/users\/4"}],"replies":[{"embeddable":true,"href":"https:\/\/www.mb.rub.de\/studium-sepm\/wp-json\/wp\/v2\/comments?post=72"}],"version-history":[{"count":26,"href":"https:\/\/www.mb.rub.de\/studium-sepm\/wp-json\/wp\/v2\/pages\/72\/revisions"}],"predecessor-version":[{"id":684,"href":"https:\/\/www.mb.rub.de\/studium-sepm\/wp-json\/wp\/v2\/pages\/72\/revisions\/684"}],"up":[{"embeddable":true,"href":"https:\/\/www.mb.rub.de\/studium-sepm\/wp-json\/wp\/v2\/pages\/7"}],"wp:attachment":[{"href":"https:\/\/www.mb.rub.de\/studium-sepm\/wp-json\/wp\/v2\/media?parent=72"}],"curies":[{"name":"wp","href":"https:\/\/api.w.org\/{rel}","templated":true}]}}