{"id":77,"date":"2022-03-30T13:12:53","date_gmt":"2022-03-30T11:12:53","guid":{"rendered":"https:\/\/www.mb.rub.de\/studium-sepm\/?page_id=77"},"modified":"2022-04-05T10:03:01","modified_gmt":"2022-04-05T08:03:01","slug":"studieninhalte","status":"publish","type":"page","link":"https:\/\/www.mb.rub.de\/studium-sepm\/bachelor\/studieninhalte\/","title":{"rendered":"Studieninhalte"},"content":{"rendered":"<div class=\"field-std-bild-artikel\"><img loading=\"lazy\" decoding=\"async\" class=\"alignnone size-medium wp-image-101\" src=\"https:\/\/www.mb.rub.de\/studium-sepm\/wp-content\/uploads\/2021\/12\/Hoersaal_3.png\" alt=\"\" width=\"300\" height=\"169\"><\/div>\r\n<div class=\"field-bildzeile-custom-\">\r\n<div class=\"bildzeile-wrapper\">\r\n<div class=\"bildzeile-text\"><span class=\"bildzeile-text-inner\">\r\nBildzeile<\/span><\/div>\r\n<span class=\"bildzeile-copyright\">\u00a9&nbsp;Fakult\u00e4t f\u00fcr Maschinenbau\/Ng<\/span>\r\n\r\n<\/div>\r\n<\/div>\r\n<div class=\"content-inner-inner-wrapper\">\r\n<div class=\"field-std-dachzeile\">\r\n<div class=\"field-items\">\r\n<div class=\"field-item even\">Vor dem Studium<\/div>\r\n<\/div>\r\n<\/div>\r\n<h2 class=\"field-std-headline\">Studieninhalte<\/h2>\r\n<div class=\"field-std-teaser\">Der Bachelorstudiengang \u201eSales Engineering and Product Management\u201c verkn\u00fcpft auf hohem professionellem Niveau die relevanten ingenieurwissenschaftlichen Fachkenntnisse mit Methodenkenntnissen und Sozialkompetenzen aus dem Vertriebs-, Produkt- und Servicemanagement zu einer praxisad\u00e4quaten Handlungskompetenz.   \r\n<\/div>\r\n<div class=\"field-std-text\">\r\n<p>Gerade in den Ingenieurwissenschaften ist es besonders wichtig, sich zun\u00e4chst eine solide und allgemeing\u00fcltige Basis zu erarbeiten, um sp\u00e4ter praktische Anwendungen verstehen und Prozesse aktiv mitgestalten zu k\u00f6nnen.<br><br>\r\nAus diesem Grund vermitteln wir Ihnen in den ersten vier Semestern die wichtigsten Grundlagen aus dem mathematisch-naturwissenschaftlichen und ingenieurwissenschaftlichen Bereich. \r\n<br><br>\r\nSie erwerben die fachlichen Grundlagen des Maschinenbaus in seiner kompletten Breite von der Konstruktionstechnik, Mechanik und Werkstoffe \u00fcber die Informatik und Thermodynamik bis zur Regelungstechnik und Messtechnik. <br><br>\r\n<strong>Ab dem f\u00fcnften Semester: Eigenst\u00e4ndiges Profil entwickeln<\/strong><br><br>\r\nAb dem f\u00fcnften Semester erfolgt eine Spezialisierung in einer zu w\u00e4hlenden Vertiefungsrichtung. In den Vertiefungen haben Sie die Chance, durch zahlreiche Wahlm\u00f6glichkeiten ein f\u00fcr Sie eigenst\u00e4ndiges und einzigartiges Profil zu entwickeln, ohne sich dabei einzuschr\u00e4nken:<\/p>\r\n<ul>\r\n\r\n\t<li>Energie- und Verfahrenstechnik<\/li>\r\n\r\n\t<li>Maschinen- und Automatisierungstechnik <\/li>\r\n\t\r\n\t<li>Werkstoff- und Microengineering<\/li>\r\n<\/ul>\r\n\r\n<p>Mehr zu den einzelnen Schwerpunkten lesen Sie unter <a href=\"https:\/\/www.mb.rub.de\/studium-sepm\/bachelor\/vertiefungen\/\"><strong>\u201eVertiefungen\u201c<\/strong><\/a>.<br><br>\r\nDabei helfen Laborpraktika, das theoretische Wissen auch praktisch anwenden zu k\u00f6nnen. Gerade f\u00fcr eine k\u00fcnftige T\u00e4tigkeit bei der Entwicklung neuer L\u00f6sungen und Produkte f\u00fcr die Kunden ist dieses vertiefte Verst\u00e4ndnis von besonderer Bedeutung.<br><br>\r\n<strong>Vertriebs-, Produkt- und Servicemanagementkompetenz vom ersten bis zum siebten Semester aufbauen<\/strong><br><br>\r\nDie Kompetenzen auf dem Gebiet des Vertriebs-, Produkt- und Servicemanagements erwerben Sie parallel hierzu vom ersten bis zum siebten Semester:\r\nAttraktive, den Marktentwicklungen gerecht werdende Kompetenzen, wie Managementqualifikationen, Kenntnisse zur Unternehmens- und Mitarbeiter*innenf\u00fchrung und kaufm\u00e4nnisches Basiswissen. \r\n<br><br>\r\nDies ist notwendig, da die Behandlung direkter Kund*innenkontakte im Presales-, Sales- und Aftersales-Bereich zu einem der Schwerpunktbereiche des Arbeitsalltags der zuk\u00fcnftigen Absolvent*innen geh\u00f6rt.\r\n\r\n<\/p> \r\n<\/div><\/div>\r\n<br>","protected":false},"excerpt":{"rendered":"Bildzeile \u00a9&nbsp;Fakult\u00e4t f\u00fcr Maschinenbau\/Ng Vor dem Studium Studieninhalte Der Bachelorstudiengang \u201eSales Engineering and Product Management\u201c verkn\u00fcpft auf hohem professionellem Niveau die relevanten ingenieurwissenschaftlichen Fachkenntnisse mit Methodenkenntnissen und Sozialkompetenzen aus dem Vertriebs-, Produkt- und Servicemanagement zu einer praxisad\u00e4quaten Handlungskompetenz. Gerade in den Ingenieurwissenschaften ist es besonders wichtig, sich zun\u00e4chst eine solide und allgemeing\u00fcltige Basis zu erarbeiten, [&hellip;]","protected":false},"author":4,"featured_media":0,"parent":7,"menu_order":0,"comment_status":"closed","ping_status":"closed","template":"","meta":{"footnotes":""},"class_list":["post-77","page","type-page","status-publish","hentry"],"yoast_head":"<!-- This site is optimized with the Yoast SEO plugin v27.5 - https:\/\/yoast.com\/product\/yoast-seo-wordpress\/ -->\n<title>Studieninhalte - Studium SEPM - RUB<\/title>\n<meta name=\"description\" content=\"Studieninhalte: Der Bachelor SEPM verkn\u00fcpft ingenieurwissenschaftliche Fachkenntnisse mit Wissen aus dem Vertriebs-, Produkt- und Servicemanagement.\" \/>\n<meta name=\"robots\" content=\"index, follow, max-snippet:-1, max-image-preview:large, max-video-preview:-1\" \/>\n<link rel=\"canonical\" href=\"https:\/\/www.mb.rub.de\/studium-sepm\/bachelor\/studieninhalte\/\" \/>\n<meta property=\"og:locale\" content=\"de_DE\" \/>\n<meta property=\"og:type\" content=\"article\" \/>\n<meta property=\"og:title\" content=\"Studieninhalte - Studium SEPM - RUB\" \/>\n<meta property=\"og:description\" content=\"Studieninhalte: Der Bachelor SEPM verkn\u00fcpft ingenieurwissenschaftliche Fachkenntnisse mit Wissen aus dem Vertriebs-, Produkt- und Servicemanagement.\" \/>\n<meta property=\"og:url\" content=\"https:\/\/www.mb.rub.de\/studium-sepm\/bachelor\/studieninhalte\/\" \/>\n<meta property=\"og:site_name\" content=\"Studiengang Sales Engineering and Product Management - Ruhr-Universit\u00e4t Bochum\" \/>\n<meta property=\"article:modified_time\" content=\"2022-04-05T08:03:01+00:00\" \/>\n<meta property=\"og:image\" content=\"https:\/\/www.mb.rub.de\/studium-sepm\/wp-content\/uploads\/2021\/12\/Hoersaal_3.png\" \/>\n<meta name=\"twitter:card\" content=\"summary_large_image\" \/>\n<meta name=\"twitter:label1\" content=\"Gesch\u00e4tzte Lesezeit\" \/>\n\t<meta name=\"twitter:data1\" content=\"2\u00a0Minuten\" \/>\n<script type=\"application\/ld+json\" class=\"yoast-schema-graph\">{\"@context\":\"https:\\\/\\\/schema.org\",\"@graph\":[{\"@type\":\"WebPage\",\"@id\":\"https:\\\/\\\/www.mb.rub.de\\\/studium-sepm\\\/bachelor\\\/studieninhalte\\\/\",\"url\":\"https:\\\/\\\/www.mb.rub.de\\\/studium-sepm\\\/bachelor\\\/studieninhalte\\\/\",\"name\":\"Studieninhalte - Studium SEPM - RUB\",\"isPartOf\":{\"@id\":\"https:\\\/\\\/www.mb.rub.de\\\/studium-sepm\\\/#website\"},\"primaryImageOfPage\":{\"@id\":\"https:\\\/\\\/www.mb.rub.de\\\/studium-sepm\\\/bachelor\\\/studieninhalte\\\/#primaryimage\"},\"image\":{\"@id\":\"https:\\\/\\\/www.mb.rub.de\\\/studium-sepm\\\/bachelor\\\/studieninhalte\\\/#primaryimage\"},\"thumbnailUrl\":\"https:\\\/\\\/www.mb.rub.de\\\/studium-sepm\\\/wp-content\\\/uploads\\\/2021\\\/12\\\/Hoersaal_3.png\",\"datePublished\":\"2022-03-30T11:12:53+00:00\",\"dateModified\":\"2022-04-05T08:03:01+00:00\",\"description\":\"Studieninhalte: Der Bachelor SEPM verkn\u00fcpft ingenieurwissenschaftliche Fachkenntnisse mit Wissen aus dem Vertriebs-, Produkt- und Servicemanagement.\",\"breadcrumb\":{\"@id\":\"https:\\\/\\\/www.mb.rub.de\\\/studium-sepm\\\/bachelor\\\/studieninhalte\\\/#breadcrumb\"},\"inLanguage\":\"de\",\"potentialAction\":[{\"@type\":\"ReadAction\",\"target\":[\"https:\\\/\\\/www.mb.rub.de\\\/studium-sepm\\\/bachelor\\\/studieninhalte\\\/\"]}]},{\"@type\":\"ImageObject\",\"inLanguage\":\"de\",\"@id\":\"https:\\\/\\\/www.mb.rub.de\\\/studium-sepm\\\/bachelor\\\/studieninhalte\\\/#primaryimage\",\"url\":\"https:\\\/\\\/www.mb.rub.de\\\/studium-sepm\\\/wp-content\\\/uploads\\\/2021\\\/12\\\/Hoersaal_3.png\",\"contentUrl\":\"https:\\\/\\\/www.mb.rub.de\\\/studium-sepm\\\/wp-content\\\/uploads\\\/2021\\\/12\\\/Hoersaal_3.png\",\"width\":804,\"height\":536},{\"@type\":\"BreadcrumbList\",\"@id\":\"https:\\\/\\\/www.mb.rub.de\\\/studium-sepm\\\/bachelor\\\/studieninhalte\\\/#breadcrumb\",\"itemListElement\":[{\"@type\":\"ListItem\",\"position\":1,\"name\":\"Startseite\",\"item\":\"https:\\\/\\\/www.mb.rub.de\\\/studium-sepm\\\/\"},{\"@type\":\"ListItem\",\"position\":2,\"name\":\"Bachelor\",\"item\":\"https:\\\/\\\/www.mb.rub.de\\\/studium-sepm\\\/bachelor\\\/\"},{\"@type\":\"ListItem\",\"position\":3,\"name\":\"Studieninhalte\"}]},{\"@type\":\"WebSite\",\"@id\":\"https:\\\/\\\/www.mb.rub.de\\\/studium-sepm\\\/#website\",\"url\":\"https:\\\/\\\/www.mb.rub.de\\\/studium-sepm\\\/\",\"name\":\"Studiengang Sales Engineering and Product Management - Ruhr-Universit\u00e4t Bochum\",\"description\":\"\",\"publisher\":{\"@id\":\"https:\\\/\\\/www.mb.rub.de\\\/studium-sepm\\\/#organization\"},\"potentialAction\":[{\"@type\":\"SearchAction\",\"target\":{\"@type\":\"EntryPoint\",\"urlTemplate\":\"https:\\\/\\\/www.mb.rub.de\\\/studium-sepm\\\/?s={search_term_string}\"},\"query-input\":{\"@type\":\"PropertyValueSpecification\",\"valueRequired\":true,\"valueName\":\"search_term_string\"}}],\"inLanguage\":\"de\"},{\"@type\":\"Organization\",\"@id\":\"https:\\\/\\\/www.mb.rub.de\\\/studium-sepm\\\/#organization\",\"name\":\"Studiengang Sales Engineering and Product Management - Ruhr-Universit\u00e4t Bochum\",\"url\":\"https:\\\/\\\/www.mb.rub.de\\\/studium-sepm\\\/\",\"logo\":{\"@type\":\"ImageObject\",\"inLanguage\":\"de\",\"@id\":\"https:\\\/\\\/www.mb.rub.de\\\/studium-sepm\\\/#\\\/schema\\\/logo\\\/image\\\/\",\"url\":\"https:\\\/\\\/www.mb.rub.de\\\/studium-sepm\\\/wp-content\\\/uploads\\\/2022\\\/03\\\/MB-Logo-neu_SEPM.svg\",\"contentUrl\":\"https:\\\/\\\/www.mb.rub.de\\\/studium-sepm\\\/wp-content\\\/uploads\\\/2022\\\/03\\\/MB-Logo-neu_SEPM.svg\",\"caption\":\"Studiengang Sales Engineering and Product Management - Ruhr-Universit\u00e4t Bochum\"},\"image\":{\"@id\":\"https:\\\/\\\/www.mb.rub.de\\\/studium-sepm\\\/#\\\/schema\\\/logo\\\/image\\\/\"}}]}<\/script>\n<!-- \/ Yoast SEO plugin. -->","yoast_head_json":{"title":"Studieninhalte - Studium SEPM - RUB","description":"Studieninhalte: Der Bachelor SEPM verkn\u00fcpft ingenieurwissenschaftliche Fachkenntnisse mit Wissen aus dem Vertriebs-, Produkt- und Servicemanagement.","robots":{"index":"index","follow":"follow","max-snippet":"max-snippet:-1","max-image-preview":"max-image-preview:large","max-video-preview":"max-video-preview:-1"},"canonical":"https:\/\/www.mb.rub.de\/studium-sepm\/bachelor\/studieninhalte\/","og_locale":"de_DE","og_type":"article","og_title":"Studieninhalte - Studium SEPM - RUB","og_description":"Studieninhalte: Der Bachelor SEPM verkn\u00fcpft ingenieurwissenschaftliche Fachkenntnisse mit Wissen aus dem Vertriebs-, Produkt- und Servicemanagement.","og_url":"https:\/\/www.mb.rub.de\/studium-sepm\/bachelor\/studieninhalte\/","og_site_name":"Studiengang Sales Engineering and Product Management - Ruhr-Universit\u00e4t Bochum","article_modified_time":"2022-04-05T08:03:01+00:00","og_image":[{"url":"https:\/\/www.mb.rub.de\/studium-sepm\/wp-content\/uploads\/2021\/12\/Hoersaal_3.png","type":"","width":"","height":""}],"twitter_card":"summary_large_image","twitter_misc":{"Gesch\u00e4tzte Lesezeit":"2\u00a0Minuten"},"schema":{"@context":"https:\/\/schema.org","@graph":[{"@type":"WebPage","@id":"https:\/\/www.mb.rub.de\/studium-sepm\/bachelor\/studieninhalte\/","url":"https:\/\/www.mb.rub.de\/studium-sepm\/bachelor\/studieninhalte\/","name":"Studieninhalte - Studium SEPM - RUB","isPartOf":{"@id":"https:\/\/www.mb.rub.de\/studium-sepm\/#website"},"primaryImageOfPage":{"@id":"https:\/\/www.mb.rub.de\/studium-sepm\/bachelor\/studieninhalte\/#primaryimage"},"image":{"@id":"https:\/\/www.mb.rub.de\/studium-sepm\/bachelor\/studieninhalte\/#primaryimage"},"thumbnailUrl":"https:\/\/www.mb.rub.de\/studium-sepm\/wp-content\/uploads\/2021\/12\/Hoersaal_3.png","datePublished":"2022-03-30T11:12:53+00:00","dateModified":"2022-04-05T08:03:01+00:00","description":"Studieninhalte: Der Bachelor SEPM verkn\u00fcpft ingenieurwissenschaftliche Fachkenntnisse mit Wissen aus dem Vertriebs-, Produkt- und Servicemanagement.","breadcrumb":{"@id":"https:\/\/www.mb.rub.de\/studium-sepm\/bachelor\/studieninhalte\/#breadcrumb"},"inLanguage":"de","potentialAction":[{"@type":"ReadAction","target":["https:\/\/www.mb.rub.de\/studium-sepm\/bachelor\/studieninhalte\/"]}]},{"@type":"ImageObject","inLanguage":"de","@id":"https:\/\/www.mb.rub.de\/studium-sepm\/bachelor\/studieninhalte\/#primaryimage","url":"https:\/\/www.mb.rub.de\/studium-sepm\/wp-content\/uploads\/2021\/12\/Hoersaal_3.png","contentUrl":"https:\/\/www.mb.rub.de\/studium-sepm\/wp-content\/uploads\/2021\/12\/Hoersaal_3.png","width":804,"height":536},{"@type":"BreadcrumbList","@id":"https:\/\/www.mb.rub.de\/studium-sepm\/bachelor\/studieninhalte\/#breadcrumb","itemListElement":[{"@type":"ListItem","position":1,"name":"Startseite","item":"https:\/\/www.mb.rub.de\/studium-sepm\/"},{"@type":"ListItem","position":2,"name":"Bachelor","item":"https:\/\/www.mb.rub.de\/studium-sepm\/bachelor\/"},{"@type":"ListItem","position":3,"name":"Studieninhalte"}]},{"@type":"WebSite","@id":"https:\/\/www.mb.rub.de\/studium-sepm\/#website","url":"https:\/\/www.mb.rub.de\/studium-sepm\/","name":"Studiengang Sales Engineering and Product Management - Ruhr-Universit\u00e4t Bochum","description":"","publisher":{"@id":"https:\/\/www.mb.rub.de\/studium-sepm\/#organization"},"potentialAction":[{"@type":"SearchAction","target":{"@type":"EntryPoint","urlTemplate":"https:\/\/www.mb.rub.de\/studium-sepm\/?s={search_term_string}"},"query-input":{"@type":"PropertyValueSpecification","valueRequired":true,"valueName":"search_term_string"}}],"inLanguage":"de"},{"@type":"Organization","@id":"https:\/\/www.mb.rub.de\/studium-sepm\/#organization","name":"Studiengang Sales Engineering and Product Management - Ruhr-Universit\u00e4t Bochum","url":"https:\/\/www.mb.rub.de\/studium-sepm\/","logo":{"@type":"ImageObject","inLanguage":"de","@id":"https:\/\/www.mb.rub.de\/studium-sepm\/#\/schema\/logo\/image\/","url":"https:\/\/www.mb.rub.de\/studium-sepm\/wp-content\/uploads\/2022\/03\/MB-Logo-neu_SEPM.svg","contentUrl":"https:\/\/www.mb.rub.de\/studium-sepm\/wp-content\/uploads\/2022\/03\/MB-Logo-neu_SEPM.svg","caption":"Studiengang Sales Engineering and Product Management - Ruhr-Universit\u00e4t Bochum"},"image":{"@id":"https:\/\/www.mb.rub.de\/studium-sepm\/#\/schema\/logo\/image\/"}}]}},"_links":{"self":[{"href":"https:\/\/www.mb.rub.de\/studium-sepm\/wp-json\/wp\/v2\/pages\/77","targetHints":{"allow":["GET"]}}],"collection":[{"href":"https:\/\/www.mb.rub.de\/studium-sepm\/wp-json\/wp\/v2\/pages"}],"about":[{"href":"https:\/\/www.mb.rub.de\/studium-sepm\/wp-json\/wp\/v2\/types\/page"}],"author":[{"embeddable":true,"href":"https:\/\/www.mb.rub.de\/studium-sepm\/wp-json\/wp\/v2\/users\/4"}],"replies":[{"embeddable":true,"href":"https:\/\/www.mb.rub.de\/studium-sepm\/wp-json\/wp\/v2\/comments?post=77"}],"version-history":[{"count":11,"href":"https:\/\/www.mb.rub.de\/studium-sepm\/wp-json\/wp\/v2\/pages\/77\/revisions"}],"predecessor-version":[{"id":638,"href":"https:\/\/www.mb.rub.de\/studium-sepm\/wp-json\/wp\/v2\/pages\/77\/revisions\/638"}],"up":[{"embeddable":true,"href":"https:\/\/www.mb.rub.de\/studium-sepm\/wp-json\/wp\/v2\/pages\/7"}],"wp:attachment":[{"href":"https:\/\/www.mb.rub.de\/studium-sepm\/wp-json\/wp\/v2\/media?parent=77"}],"curies":[{"name":"wp","href":"https:\/\/api.w.org\/{rel}","templated":true}]}}